{"id":12845,"date":"2021-01-19T13:47:11","date_gmt":"2021-01-19T11:47:11","guid":{"rendered":"https:\/\/folkart.ee\/?page_id=12845"},"modified":"2021-02-05T23:06:19","modified_gmt":"2021-02-05T21:06:19","slug":"exhibitions","status":"publish","type":"page","link":"https:\/\/folkart.ee\/en\/exhibitions\/","title":{"rendered":"Exhibitions"},"content":{"rendered":"<p><a href=\"https:\/\/folkart.ee\/en\/folk-art-gallery\/\" target=\"_blank\" rel=\"noopener\">Folk Art Gallery<\/a><\/p>\n<p>Estonian Handicraft House<\/p>\n<p>Pikk 22, Tallinn<\/p>\n<p>Phone 6314 076<br \/>\nTuesday \u2013 Saturday 10.00 \u2013 18.00<\/p>\n<p>&nbsp;<\/p>\n<p><a href=\"https:\/\/folkart.ee\/en\/kaarmanni-handicraft\/\" target=\"_blank\" rel=\"noopener\">Kaarmann Handicraft exhibitons window<\/a><\/p>\n<p>Vanaturu kael 8, Tallinn<\/p>\n<p>Phone 6448 873<br \/>\nMonday \u2013 Saturday 11.00 \u2013 19.00<\/p>\n<p>Sunday 11.00 \u2013 17.00<\/p>\n","protected":false},"excerpt":{"rendered":"<p>Folk Art Gallery Estonian Handicraft House Pikk 22, Tallinn Phone 6314 076 Tuesday \u2013 Saturday 10.00 \u2013 18.00 &nbsp; Kaarmann Handicraft exhibitons window Vanaturu kael 8, Tallinn Phone 6448 873 Monday \u2013 Saturday 11.00 \u2013 19.00 Sunday 11.00 \u2013 17.00<\/p>\n","protected":false},"author":2,"featured_media":0,"parent":0,"menu_order":0,"comment_status":"closed","ping_status":"closed","template":"","meta":{"_acf_changed":false,"footnotes":""},"class_list":["post-12845","page","type-page","status-publish","hentry"],"acf":[],"yoast_head":"<!-- This site is optimized with the Yoast SEO plugin v23.4 - https:\/\/yoast.com\/wordpress\/plugins\/seo\/ -->\n<title>Exhibitions - Estonian Folk Art and Craft Union<\/title>\n<meta name=\"robots\" content=\"index, follow, max-snippet:-1, max-image-preview:large, max-video-preview:-1\" \/>\n<link rel=\"canonical\" href=\"https:\/\/folkart.ee\/en\/exhibitions\/\" \/>\n<meta property=\"og:locale\" content=\"en_US\" \/>\n<meta property=\"og:type\" content=\"article\" \/>\n<meta property=\"og:title\" content=\"Exhibitions - Estonian Folk Art and Craft Union\" \/>\n<meta property=\"og:description\" content=\"Folk Art Gallery Estonian Handicraft House Pikk 22, Tallinn Phone 6314 076 Tuesday \u2013 Saturday 10.00 \u2013 18.00 &nbsp; Kaarmann Handicraft exhibitons window Vanaturu kael 8, Tallinn Phone 6448 873 Monday \u2013 Saturday 11.00 \u2013 19.00 Sunday 11.00 \u2013 17.00\" \/>\n<meta property=\"og:url\" content=\"https:\/\/folkart.ee\/en\/exhibitions\/\" \/>\n<meta property=\"og:site_name\" content=\"Estonian Folk Art and Craft Union\" \/>\n<meta property=\"article:modified_time\" content=\"2021-02-05T21:06:19+00:00\" \/>\n<meta name=\"twitter:card\" content=\"summary_large_image\" \/>\n<script type=\"application\/ld+json\" class=\"yoast-schema-graph\">{\"@context\":\"https:\/\/schema.org\",\"@graph\":[{\"@type\":\"WebPage\",\"@id\":\"https:\/\/folkart.ee\/en\/exhibitions\/\",\"url\":\"https:\/\/folkart.ee\/en\/exhibitions\/\",\"name\":\"Exhibitions - Estonian Folk Art and Craft Union\",\"isPartOf\":{\"@id\":\"https:\/\/folkart.ee\/#website\"},\"datePublished\":\"2021-01-19T11:47:11+00:00\",\"dateModified\":\"2021-02-05T21:06:19+00:00\",\"breadcrumb\":{\"@id\":\"https:\/\/folkart.ee\/en\/exhibitions\/#breadcrumb\"},\"inLanguage\":\"en-US\",\"potentialAction\":[{\"@type\":\"ReadAction\",\"target\":[\"https:\/\/folkart.ee\/en\/exhibitions\/\"]}]},{\"@type\":\"BreadcrumbList\",\"@id\":\"https:\/\/folkart.ee\/en\/exhibitions\/#breadcrumb\",\"itemListElement\":[{\"@type\":\"ListItem\",\"position\":1,\"name\":\"Home\",\"item\":\"https:\/\/folkart.ee\/en\/\"},{\"@type\":\"ListItem\",\"position\":2,\"name\":\"Exhibitions\"}]},{\"@type\":\"WebSite\",\"@id\":\"https:\/\/folkart.ee\/#website\",\"url\":\"https:\/\/folkart.ee\/\",\"name\":\"Estonian Folk Art and Craft Union\",\"description\":\"\",\"publisher\":{\"@id\":\"https:\/\/folkart.ee\/#organization\"},\"potentialAction\":[{\"@type\":\"SearchAction\",\"target\":{\"@type\":\"EntryPoint\",\"urlTemplate\":\"https:\/\/folkart.ee\/?s={search_term_string}\"},\"query-input\":{\"@type\":\"PropertyValueSpecification\",\"valueRequired\":true,\"valueName\":\"search_term_string\"}}],\"inLanguage\":\"en-US\"},{\"@type\":\"Organization\",\"@id\":\"https:\/\/folkart.ee\/#organization\",\"name\":\"Estonian Folk Art and Craft Union\",\"url\":\"https:\/\/folkart.ee\/\",\"logo\":{\"@type\":\"ImageObject\",\"inLanguage\":\"en-US\",\"@id\":\"https:\/\/folkart.ee\/#\/schema\/logo\/image\/\",\"url\":\"https:\/\/folkart.ee\/wp-content\/uploads\/2016\/06\/eesti-rahvakunsti-ja-k\u00e4sit\u00f6\u00f6-liit.png\",\"contentUrl\":\"https:\/\/folkart.ee\/wp-content\/uploads\/2016\/06\/eesti-rahvakunsti-ja-k\u00e4sit\u00f6\u00f6-liit.png\",\"width\":114,\"height\":114,\"caption\":\"Estonian Folk Art and Craft Union\"},\"image\":{\"@id\":\"https:\/\/folkart.ee\/#\/schema\/logo\/image\/\"}}]}<\/script>\n<!-- \/ Yoast SEO plugin. -->","yoast_head_json":{"title":"Exhibitions - Estonian Folk Art and Craft Union","robots":{"index":"index","follow":"follow","max-snippet":"max-snippet:-1","max-image-preview":"max-image-preview:large","max-video-preview":"max-video-preview:-1"},"canonical":"https:\/\/folkart.ee\/en\/exhibitions\/","og_locale":"en_US","og_type":"article","og_title":"Exhibitions - Estonian Folk Art and Craft Union","og_description":"Folk Art Gallery Estonian Handicraft House Pikk 22, Tallinn Phone 6314 076 Tuesday \u2013 Saturday 10.00 \u2013 18.00 &nbsp; Kaarmann Handicraft exhibitons window Vanaturu kael 8, Tallinn Phone 6448 873 Monday \u2013 Saturday 11.00 \u2013 19.00 Sunday 11.00 \u2013 17.00","og_url":"https:\/\/folkart.ee\/en\/exhibitions\/","og_site_name":"Estonian Folk Art and Craft Union","article_modified_time":"2021-02-05T21:06:19+00:00","twitter_card":"summary_large_image","schema":{"@context":"https:\/\/schema.org","@graph":[{"@type":"WebPage","@id":"https:\/\/folkart.ee\/en\/exhibitions\/","url":"https:\/\/folkart.ee\/en\/exhibitions\/","name":"Exhibitions - Estonian Folk Art and Craft Union","isPartOf":{"@id":"https:\/\/folkart.ee\/#website"},"datePublished":"2021-01-19T11:47:11+00:00","dateModified":"2021-02-05T21:06:19+00:00","breadcrumb":{"@id":"https:\/\/folkart.ee\/en\/exhibitions\/#breadcrumb"},"inLanguage":"en-US","potentialAction":[{"@type":"ReadAction","target":["https:\/\/folkart.ee\/en\/exhibitions\/"]}]},{"@type":"BreadcrumbList","@id":"https:\/\/folkart.ee\/en\/exhibitions\/#breadcrumb","itemListElement":[{"@type":"ListItem","position":1,"name":"Home","item":"https:\/\/folkart.ee\/en\/"},{"@type":"ListItem","position":2,"name":"Exhibitions"}]},{"@type":"WebSite","@id":"https:\/\/folkart.ee\/#website","url":"https:\/\/folkart.ee\/","name":"Estonian Folk Art and Craft Union","description":"","publisher":{"@id":"https:\/\/folkart.ee\/#organization"},"potentialAction":[{"@type":"SearchAction","target":{"@type":"EntryPoint","urlTemplate":"https:\/\/folkart.ee\/?s={search_term_string}"},"query-input":{"@type":"PropertyValueSpecification","valueRequired":true,"valueName":"search_term_string"}}],"inLanguage":"en-US"},{"@type":"Organization","@id":"https:\/\/folkart.ee\/#organization","name":"Estonian Folk Art and Craft Union","url":"https:\/\/folkart.ee\/","logo":{"@type":"ImageObject","inLanguage":"en-US","@id":"https:\/\/folkart.ee\/#\/schema\/logo\/image\/","url":"https:\/\/folkart.ee\/wp-content\/uploads\/2016\/06\/eesti-rahvakunsti-ja-k\u00e4sit\u00f6\u00f6-liit.png","contentUrl":"https:\/\/folkart.ee\/wp-content\/uploads\/2016\/06\/eesti-rahvakunsti-ja-k\u00e4sit\u00f6\u00f6-liit.png","width":114,"height":114,"caption":"Estonian Folk Art and Craft Union"},"image":{"@id":"https:\/\/folkart.ee\/#\/schema\/logo\/image\/"}}]}},"_links":{"self":[{"href":"https:\/\/folkart.ee\/en\/wp-json\/wp\/v2\/pages\/12845"}],"collection":[{"href":"https:\/\/folkart.ee\/en\/wp-json\/wp\/v2\/pages"}],"about":[{"href":"https:\/\/folkart.ee\/en\/wp-json\/wp\/v2\/types\/page"}],"author":[{"embeddable":true,"href":"https:\/\/folkart.ee\/en\/wp-json\/wp\/v2\/users\/2"}],"replies":[{"embeddable":true,"href":"https:\/\/folkart.ee\/en\/wp-json\/wp\/v2\/comments?post=12845"}],"version-history":[{"count":4,"href":"https:\/\/folkart.ee\/en\/wp-json\/wp\/v2\/pages\/12845\/revisions"}],"predecessor-version":[{"id":13170,"href":"https:\/\/folkart.ee\/en\/wp-json\/wp\/v2\/pages\/12845\/revisions\/13170"}],"wp:attachment":[{"href":"https:\/\/folkart.ee\/en\/wp-json\/wp\/v2\/media?parent=12845"}],"curies":[{"name":"wp","href":"https:\/\/api.w.org\/{rel}","templated":true}]}}