{"id":13153,"date":"2021-02-05T19:43:32","date_gmt":"2021-02-05T17:43:32","guid":{"rendered":"https:\/\/folkart.ee\/?page_id=13153"},"modified":"2025-01-05T19:13:40","modified_gmt":"2025-01-05T17:13:40","slug":"folk-art-gallery","status":"publish","type":"page","link":"https:\/\/folkart.ee\/en\/folk-art-gallery\/","title":{"rendered":"Folk Art Gallery"},"content":{"rendered":"<header class=\"entry-header\">\n<h4>Exhibitions 2025<\/h4>\n<p>&nbsp;<\/p>\n<p>07.01 \u2013 27.01<br \/>\nLOCAL ALIEN \/ KOHALIK TULNUKAS. India Maria Emilia Kiisler. Young Artisan 2023<\/p>\n<p>&nbsp;<\/p>\n<p>28.01 \u2013 17.02<\/p>\n<p class=\"p1\">Young People Doing Handicrafts \/ Noored teevad k\u00e4sit\u00f6\u00f6d<\/p>\n<p>&nbsp;<\/p>\n<p>18.02 \u2013 10.03<br \/>\nFour Generations \/ Neli p\u00f5lvkonda<\/p>\n<p>&nbsp;<\/p>\n<p>11.03 \u2013 31.03<br \/>\nCIRCLE \/ S\u00d5\u00d5R. Etnowerk<\/p>\n<p>&nbsp;<\/p>\n<p>01.04 \u2013 21.04<br \/>\nM\u00e4rk OMA. Experience Exhibition of 7 Senses<\/p>\n<p>&nbsp;<\/p>\n<p>22.04 \u2013 12.05<br \/>\nMari Pukk. Handicraft Entrepreneur 2024<\/p>\n<p>&nbsp;<\/p>\n<p>13.05 \u2013 02.06<br \/>\nOlustvere Teenindus- ja Maamajanduskool<\/p>\n<p>&nbsp;<\/p>\n<p>03.06 \u2013 30.06<br \/>\nKoduk\u00e4sit\u00f6\u00f6<\/p>\n<p>&nbsp;<\/p>\n<p>01.07 \u2013 21.07<\/p>\n<p class=\"p1\">Mythological Finland <b>\/ <\/b>M\u00fctoloogiline Soome. Routa design<\/p>\n<p>&nbsp;<\/p>\n<p>22.07 \u2013 11.08<br \/>\nAita R\u00f5emus. Silk Painting<\/p>\n<p>&nbsp;<\/p>\n<p>12.08 \u2013 01.09<br \/>\nLaces. Merli Taukar<\/p>\n<p>&nbsp;<\/p>\n<p>02.09 \u2013 22.09<br \/>\nAet Reha, Katarina Naarits<\/p>\n<p>&nbsp;<\/p>\n<p>23.09 \u2013 13.10<\/p>\n<p class=\"p1\">Exhibition of the Weaving Information Day<\/p>\n<p>&nbsp;<\/p>\n<p>14.10 \u2013 03.11<br \/>\neesti-keha-kate 3, Exhibition of Rewarded Competition Works<\/p>\n<p>&nbsp;<\/p>\n<p>04.11 \u2013 24.11<br \/>\nAiboland Folk Costumes Exhibition<\/p>\n<p>&nbsp;<\/p>\n<p>25.11 \u2013 15.12<br \/>\nLembe Maria Sihvre<\/p>\n<p>&nbsp;<\/p>\n<p>16.12 \u2013 05.01.2026<br \/>\nKatre Arula<\/p>\n<\/header>\n<h4><\/h4>\n<p>&nbsp;<\/p>\n<p>&nbsp;<\/p>\n<p>&nbsp;<\/p>\n<h4>Exhibitions 2024<\/h4>\n<p>&nbsp;<\/p>\n<p><strong>09.01 &#8211; 29.01<\/strong> <a href=\"https:\/\/folkart.ee\/uus-naitus-kirikirjad-kindalt-seinale\/\"><strong>Kirikirjad kindalt seinale<\/strong><\/a>. Mall Vesilo, Merike Saaremets, Anneli Kundla<\/p>\n<p>FB kajastus <a href=\"https:\/\/www.facebook.com\/anneli.kundla\/posts\/pfbid0auBURWQbDij3i9PQx5hayf3xexN1T1DNFBun26LagZ6zWXL4ErbzwyuofzSkUEoPl\" target=\"_blank\" rel=\"noopener\">SIIN<\/a>.<\/p>\n<p>&nbsp;<\/p>\n<p><strong>30.01 &#8211; 19.02<\/strong>\u00a0\u00a0 <strong><a href=\"https:\/\/folkart.ee\/hobevalge-kolme-varvi-vahel-christi-kutt-autorinaitus\/\">H\u00f5bevalge KOLME V\u00c4RVI VAHEL<\/a><\/strong><em><strong>.<\/strong><\/em> Christi K\u00fctt. Autorin\u00e4itus<\/p>\n<p>FB kajastus <a href=\"https:\/\/www.facebook.com\/estonianfolkart\/posts\/pfbid0NJFS4QEjJqZmZZ5ZTzsnBvNtJPND1Y2mUXzZc9ZfJB7X8YtkCHN8ouc71UzwDzs2l\" target=\"_blank\" rel=\"noopener\">SIIN<\/a>.<\/p>\n<p>&nbsp;<\/p>\n<p><strong>20.02 &#8211; 11.03<\/strong> \u00a0 <a href=\"https:\/\/folkart.ee\/rahvuslikud-kampsunid-30ndad-on-tagasi\/\"><strong>Rahvuslikud kampsunid \u2013 30ndad on tagasi<\/strong>.<\/a> Koduk\u00e4sit\u00f6\u00f6 juubelin\u00e4itus<\/p>\n<p>FB kajastus <a href=\"https:\/\/www.facebook.com\/reel\/8060397323975629\" target=\"_blank\" rel=\"noopener\">SIIN<\/a>.<\/p>\n<p>&nbsp;<\/p>\n<p><strong>12.03 &#8211; 22.04<\/strong>\u00a0 \u00a0<a href=\"https:\/\/folkart.ee\/uus-naitus-terekasi-ule-aja-ja-aia\/\"><strong>Terek\u00e4si \u00fcle aja ja aia<em>.<\/em><\/strong><\/a> <em>rahvar\u00f5ivas ruudus. <\/em>Eesti &#8211; L\u00e4ti \u2013 Soome \u00fchisn\u00e4itus.<\/p>\n<p>FB kajastus <a href=\"https:\/\/www.facebook.com\/bragesdraktbyra\/posts\/pfbid0rSJkSpynqsH3gpaPp7r4sUbs5DTSc1UtevpuKmSAShrZF6aYfz7bR1djqFX8DGNEl\" target=\"_blank\" rel=\"noopener\">SIIN<\/a>.<\/p>\n<p>&nbsp;<\/p>\n<p><strong>23.04 &#8211; 13.05<\/strong>\u00a0\u00a0 <a href=\"https:\/\/folkart.ee\/tikimari-kasitookooli-opilastoode-naitus\/\"><strong>TikiMari K\u00e4sit\u00f6\u00f6kooli \u00f5pilast\u00f6\u00f6de n\u00e4itus<\/strong><\/a><\/p>\n<p>FB kajastus <a href=\"https:\/\/www.facebook.com\/estonianfolkart\/posts\/pfbid02Y9FDkvK9wwPc1LnTXK3WnXUw49hFrDhd8wwpQNXT4Fq72wfa4WuMREsJiRzt76iUl\" target=\"_blank\" rel=\"noopener\">SIIN<\/a>.<\/p>\n<p>&nbsp;<\/p>\n<p><strong>14.05 &#8211; 03.06<\/strong> \u00a0 <a href=\"https:\/\/folkart.ee\/naitus-peipsi-unemustrid\/\"><strong>Peipsi unemustrid<\/strong><\/a>. Peipsimaa P\u00e4rimuskeskus.<\/p>\n<p>FB kajastus <a href=\"https:\/\/www.facebook.com\/estonianfolkart\/posts\/pfbid0gd34Xh6HjUdLPzpoSq2VEbhpCcAsgUd8kFePSaHQHgieYQxnskhdVgi5PDuBZMUgl\" target=\"_blank\" rel=\"noopener\">SIIN<\/a>.<\/p>\n<p>&nbsp;<\/p>\n<p><strong>04.06 &#8211; 01.07<\/strong>\u00a0\u00a0 <strong><a href=\"https:\/\/folkart.ee\/naitus-ruhnu-roosid-runo-rosor\/\">Ruhnu roosid \u2013 Run\u00f6 rosor<\/a><i>. <\/i><\/strong>Kudujate Koopiaklubi ja Saara Kirjastus.<\/p>\n<p>FB kajastus <a href=\"https:\/\/www.facebook.com\/estonianfolkart\/posts\/pfbid02hMJn38nih1o4UCGeZP28xvcjz3p7A6wZbuipTcVRNLtdGUybnjeXHfhCTgqmPSvbl\" target=\"_blank\" rel=\"noopener\">SIIN<\/a>.<\/p>\n<p>&nbsp;<\/p>\n<p><strong>02.07 &#8211; 22.07<\/strong> \u00a0 <a href=\"https:\/\/folkart.ee\/naitus-aakrik-studio-huik\/\"><strong>Aakrik<\/strong><\/a>. Studio Huik<\/p>\n<p>FB kajastus <a href=\"https:\/\/www.facebook.com\/estonianfolkart\/posts\/pfbid02Zcatibr1gDb25mBhb2NrYW2zesBjFCDSpnvQK9UYHu3UKLJASh2ZBifymcHfRVY9l\" target=\"_blank\" rel=\"noopener\">SIIN<\/a>.<\/p>\n<p>&nbsp;<\/p>\n<p><strong>23.07 &#8211; 12.08<\/strong> \u00a0 <a href=\"https:\/\/folkart.ee\/naitus-kirjad-kurist-irina-tammis\/\"><strong>Kirjad Kurist<\/strong><\/a>. Irina Tammis<\/p>\n<p>FB kajastus <a href=\"https:\/\/www.facebook.com\/estonianfolkart\/posts\/pfbid02vFzEsN2jWdZSHM6XRLcJrhtZSMm1FJK2UD7M7fpeRznVpmJ2Yx7H4VVxmk3FghDl\" target=\"_blank\" rel=\"noopener\">SIIN<\/a>.<\/p>\n<p>&nbsp;<\/p>\n<p><strong>13.08 &#8211; 02.09<\/strong>\u00a0 <a href=\"https:\/\/folkart.ee\/naitus-siidilongad-ja-hobetutid\/\"><strong>Siidil\u00f5ngad ja h\u00f5betutid<\/strong><\/a><strong>.<\/strong> <em>rahvar\u00f5ivas ruudus.<\/em> Tallinna rahvar\u00f5ivakool.<\/p>\n<p>FB kajastus <a href=\"https:\/\/www.facebook.com\/estonianfolkart\/posts\/pfbid0wUK9kZeyNFp7NSesQhz5hd8Tf7JVTRi5HudW1nasHVJSpyVXLjhaPLb1P4jCQwTpl\" target=\"_blank\" rel=\"noopener\">SIIN<\/a>.<\/p>\n<p>&nbsp;<\/p>\n<p><strong>03.09 &#8211; 23.09<\/strong>\u00a0 \u00a0<strong><a href=\"https:\/\/folkart.ee\/naitus-kups-ilu\/\">K\u00fcps ilu<\/a>.<\/strong> Kango Tekstiili aastan\u00e4itus<\/p>\n<p>FB kajastus <a href=\"https:\/\/www.facebook.com\/estonianfolkart\/posts\/pfbid02CQUGxWNMmvnM17BKd48R5j6gTRWKMmWFu33tWx1JLtwdiSaCWxmiTut4qS5PEVf8l\" target=\"_blank\" rel=\"noopener\">SIIN<\/a>.<\/p>\n<p>&nbsp;<\/p>\n<p><strong>24.09 &#8211; 14.10<\/strong>\u00a0 <strong><a href=\"https:\/\/folkart.ee\/naitus-vana-voromaa-vaekirjad\/\">Vana-V\u00f5romaa v\u00e4ekirjad<\/a>. <\/strong>Kuraator Vilve Oja<\/p>\n<p>FB kajastus <a href=\"https:\/\/www.facebook.com\/estonianfolkart\/posts\/pfbid02uSBn81qgt5h4iF3Rc6d2EChns1HWrLUiYVwWcgKk8RyPjU2XJLoWVgtdAWxjN6hol\" target=\"_blank\" rel=\"noopener\">SIIN<\/a>.<\/p>\n<p>&nbsp;<\/p>\n<p><strong>15.10 &#8211; 04.11<\/strong> \u00a0 <a href=\"https:\/\/folkart.ee\/naitus-rahvaroivad-pagulusest\/\"><strong>Rahvar\u00f5ivad pagulusest<\/strong><\/a>. Tantsupeomuuseum. Kuraator Angela Arraste<\/p>\n<p>FB kajastus <a href=\"https:\/\/www.facebook.com\/estonianfolkart\/posts\/pfbid0L4z4HxqTbz2SCjtzTDwBBFaQACSXwEkFm4f26jqhzNhwy1cJ1eUPeUJj8KJryZZ3l\" target=\"_blank\" rel=\"noopener\">SIIN<\/a>.<\/p>\n<p>&nbsp;<\/p>\n<p><strong>05.11 &#8211; 25.11<\/strong>\u00a0 <a href=\"https:\/\/folkart.ee\/rahvakunstigaleriis-viljandimaa-rahvaroivakooli-naitus\/\"><strong>Viljandimaa rahvar\u00f5ivakooli n\u00e4itus<\/strong><\/a><\/p>\n<p>FB kajastus <a href=\"https:\/\/www.facebook.com\/estonianfolkart\/posts\/pfbid0Fq3xvFy1hxTEszTY3mBMjQJgFhGbQoQXw9aTLyLKXCcST8TTCXzJezWXVVbjDkhUl\" target=\"_blank\" rel=\"noopener\">SIIN<\/a>.<\/p>\n<p>&nbsp;<\/p>\n<p><strong>26.11 &#8211; 16.12<\/strong>\u00a0 <a href=\"https:\/\/folkart.ee\/naitus-rahvakunstigaleriis-sala-aed-lembe-maria-sihvre-ja-aet-reha\/\"><strong>Lembe Maria Sihvre ja Aet Reha<\/strong><\/a><\/p>\n<p>FB kajastus <a href=\"https:\/\/www.facebook.com\/estonianfolkart\/posts\/pfbid02ohZFu6NuvYtLvHJamxFfq7fXquEhqrECgSYBh8emNVnEXXTt34y5Fe2eDvdnbrFZl\" target=\"_blank\" rel=\"noopener\">SIIN<\/a>.<\/p>\n<p>&nbsp;<\/p>\n<p><strong>17.12.2024 &#8211; 06.01.2025<\/strong>\u00a0 \u00a0 <a href=\"https:\/\/folkart.ee\/uus-naitus-rahvakunstigaleriis-st-naarits-katarina-ja-viljo-naarits\/\"><strong>St Naritz<\/strong>. Katarina ja Viljo Naarits<\/a><\/p>\n<p>FB kajastus <a href=\"https:\/\/www.facebook.com\/estonianfolkart\/posts\/pfbid02X1rsfFRNBiswoLLiiqhUG2tQaUpnUDD3gGoQnQEQ3DV1NQopBYCnPftEk72vndvPl\" target=\"_blank\" rel=\"noopener\">SIIN<\/a>.<\/p>\n<p>&nbsp;<\/p>\n<p>&nbsp;<\/p>\n<div class=\"entry-content\">\n<h5><img decoding=\"async\" class=\"alignleft wp-image-11438\" style=\"font-size: 16px; font-weight: 400;\" src=\"https:\/\/folkart.ee\/wp-content\/uploads\/2020\/06\/kulka_logo-300x165.png\" sizes=\"(max-width: 178px) 100vw, 178px\" srcset=\"https:\/\/folkart.ee\/wp-content\/uploads\/2020\/06\/kulka_logo-300x165.png 300w, https:\/\/folkart.ee\/wp-content\/uploads\/2020\/06\/kulka_logo-768x422.png 768w, https:\/\/folkart.ee\/wp-content\/uploads\/2020\/06\/kulka_logo.png 1024w\" alt=\"\" width=\"178\" height=\"98\" \/><\/h5>\n<\/div>\n<p>&nbsp;<\/p>\n<p><img decoding=\"async\" class=\"alignnone size-medium wp-image-19834\" src=\"https:\/\/folkart.ee\/wp-content\/uploads\/2023\/03\/tallinn_logo_rgb-1400x424-1-300x91.png\" alt=\"\" width=\"300\" height=\"91\" srcset=\"https:\/\/folkart.ee\/wp-content\/uploads\/2023\/03\/tallinn_logo_rgb-1400x424-1-300x91.png 300w, https:\/\/folkart.ee\/wp-content\/uploads\/2023\/03\/tallinn_logo_rgb-1400x424-1-600x182.png 600w, https:\/\/folkart.ee\/wp-content\/uploads\/2023\/03\/tallinn_logo_rgb-1400x424-1-1024x310.png 1024w, https:\/\/folkart.ee\/wp-content\/uploads\/2023\/03\/tallinn_logo_rgb-1400x424-1-768x233.png 768w, https:\/\/folkart.ee\/wp-content\/uploads\/2023\/03\/tallinn_logo_rgb-1400x424-1.png 1400w\" sizes=\"(max-width: 300px) 100vw, 300px\" \/><\/p>\n<table style=\"height: 57px;\" width=\"5\">\n<tbody>\n<tr>\n<td width=\"175\"><\/td>\n<td width=\"543\"><\/td>\n<\/tr>\n<tr>\n<td width=\"175\"><\/td>\n<td width=\"543\"><\/td>\n<\/tr>\n<tr>\n<td width=\"175\"><\/td>\n<td width=\"543\"><\/td>\n<\/tr>\n<tr>\n<td width=\"175\"><\/td>\n<td width=\"543\"><\/td>\n<\/tr>\n<tr>\n<td width=\"175\"><\/td>\n<td width=\"543\"><\/td>\n<\/tr>\n<tr>\n<td width=\"175\"><\/td>\n<td width=\"543\"><\/td>\n<\/tr>\n<tr>\n<td width=\"175\"><\/td>\n<td width=\"543\"><\/td>\n<\/tr>\n<tr>\n<td width=\"175\"><\/td>\n<td width=\"543\"><\/td>\n<\/tr>\n<tr>\n<td width=\"175\"><\/td>\n<td width=\"543\"><\/td>\n<\/tr>\n<tr>\n<td width=\"175\"><\/td>\n<td width=\"543\"><\/td>\n<\/tr>\n<tr>\n<td width=\"175\"><\/td>\n<td width=\"543\"><\/td>\n<\/tr>\n<tr>\n<td width=\"175\"><\/td>\n<td width=\"543\"><\/td>\n<\/tr>\n<tr>\n<td width=\"175\"><\/td>\n<td width=\"543\"><\/td>\n<\/tr>\n<tr>\n<td width=\"175\"><\/td>\n<td width=\"543\"><\/td>\n<\/tr>\n<tr>\n<td width=\"175\"><\/td>\n<td width=\"543\"><\/td>\n<\/tr>\n<tr>\n<td width=\"175\"><\/td>\n<td width=\"543\"><\/td>\n<\/tr>\n<tr>\n<td width=\"175\"><\/td>\n<td width=\"543\"><\/td>\n<\/tr>\n<tr>\n<td width=\"175\"><\/td>\n<td width=\"543\"><\/td>\n<\/tr>\n<\/tbody>\n<\/table>\n<p>&nbsp;<\/p>\n<p>&nbsp;<\/p>\n<p>&nbsp;<\/p>\n<h5><\/h5>\n","protected":false},"excerpt":{"rendered":"<p>Exhibitions 2025 &nbsp; 07.01 \u2013 27.01 LOCAL ALIEN \/ KOHALIK TULNUKAS. India Maria Emilia Kiisler. Young Artisan 2023 &nbsp; 28.01 \u2013 17.02 Young People Doing Handicrafts \/ Noored teevad k\u00e4sit\u00f6\u00f6d &nbsp; 18.02 \u2013 10.03 Four Generations \/ Neli p\u00f5lvkonda &nbsp; 11.03 \u2013 31.03 CIRCLE \/ S\u00d5\u00d5R. Etnowerk &nbsp; 01.04 \u2013 21.04 M\u00e4rk OMA. Experience Exhibition &hellip; <a href=\"https:\/\/folkart.ee\/en\/folk-art-gallery\/\">Continued<\/a><\/p>\n","protected":false},"author":2,"featured_media":0,"parent":0,"menu_order":0,"comment_status":"closed","ping_status":"closed","template":"","meta":{"_acf_changed":false,"footnotes":""},"class_list":["post-13153","page","type-page","status-publish","hentry"],"acf":[],"yoast_head":"<!-- This site is optimized with the Yoast SEO plugin v23.4 - https:\/\/yoast.com\/wordpress\/plugins\/seo\/ -->\n<title>Folk Art Gallery - Estonian Folk Art and Craft Union<\/title>\n<meta name=\"robots\" content=\"index, follow, max-snippet:-1, max-image-preview:large, max-video-preview:-1\" \/>\n<link rel=\"canonical\" href=\"https:\/\/folkart.ee\/en\/folk-art-gallery\/\" \/>\n<meta property=\"og:locale\" content=\"en_US\" \/>\n<meta property=\"og:type\" content=\"article\" \/>\n<meta property=\"og:title\" content=\"Folk Art Gallery - Estonian Folk Art and Craft Union\" \/>\n<meta property=\"og:description\" content=\"Exhibitions 2025 &nbsp; 07.01 \u2013 27.01 LOCAL ALIEN \/ KOHALIK TULNUKAS. India Maria Emilia Kiisler. Young Artisan 2023 &nbsp; 28.01 \u2013 17.02 Young People Doing Handicrafts \/ Noored teevad k\u00e4sit\u00f6\u00f6d &nbsp; 18.02 \u2013 10.03 Four Generations \/ Neli p\u00f5lvkonda &nbsp; 11.03 \u2013 31.03 CIRCLE \/ S\u00d5\u00d5R. Etnowerk &nbsp; 01.04 \u2013 21.04 M\u00e4rk OMA. Experience Exhibition &hellip; Continued\" \/>\n<meta property=\"og:url\" content=\"https:\/\/folkart.ee\/en\/folk-art-gallery\/\" \/>\n<meta property=\"og:site_name\" content=\"Estonian Folk Art and Craft Union\" \/>\n<meta property=\"article:modified_time\" content=\"2025-01-05T17:13:40+00:00\" \/>\n<meta property=\"og:image\" content=\"https:\/\/folkart.ee\/wp-content\/uploads\/2020\/06\/kulka_logo-300x165.png\" \/>\n<meta name=\"twitter:card\" content=\"summary_large_image\" \/>\n<meta name=\"twitter:label1\" content=\"Est. reading time\" \/>\n\t<meta name=\"twitter:data1\" content=\"3 minutes\" \/>\n<script type=\"application\/ld+json\" class=\"yoast-schema-graph\">{\"@context\":\"https:\/\/schema.org\",\"@graph\":[{\"@type\":\"WebPage\",\"@id\":\"https:\/\/folkart.ee\/en\/folk-art-gallery\/\",\"url\":\"https:\/\/folkart.ee\/en\/folk-art-gallery\/\",\"name\":\"Folk Art Gallery - Estonian Folk Art and Craft Union\",\"isPartOf\":{\"@id\":\"https:\/\/folkart.ee\/#website\"},\"primaryImageOfPage\":{\"@id\":\"https:\/\/folkart.ee\/en\/folk-art-gallery\/#primaryimage\"},\"image\":{\"@id\":\"https:\/\/folkart.ee\/en\/folk-art-gallery\/#primaryimage\"},\"thumbnailUrl\":\"https:\/\/folkart.ee\/wp-content\/uploads\/2020\/06\/kulka_logo-300x165.png\",\"datePublished\":\"2021-02-05T17:43:32+00:00\",\"dateModified\":\"2025-01-05T17:13:40+00:00\",\"breadcrumb\":{\"@id\":\"https:\/\/folkart.ee\/en\/folk-art-gallery\/#breadcrumb\"},\"inLanguage\":\"en-US\",\"potentialAction\":[{\"@type\":\"ReadAction\",\"target\":[\"https:\/\/folkart.ee\/en\/folk-art-gallery\/\"]}]},{\"@type\":\"ImageObject\",\"inLanguage\":\"en-US\",\"@id\":\"https:\/\/folkart.ee\/en\/folk-art-gallery\/#primaryimage\",\"url\":\"https:\/\/folkart.ee\/wp-content\/uploads\/2020\/06\/kulka_logo-300x165.png\",\"contentUrl\":\"https:\/\/folkart.ee\/wp-content\/uploads\/2020\/06\/kulka_logo-300x165.png\"},{\"@type\":\"BreadcrumbList\",\"@id\":\"https:\/\/folkart.ee\/en\/folk-art-gallery\/#breadcrumb\",\"itemListElement\":[{\"@type\":\"ListItem\",\"position\":1,\"name\":\"Home\",\"item\":\"https:\/\/folkart.ee\/en\/\"},{\"@type\":\"ListItem\",\"position\":2,\"name\":\"Folk Art Gallery\"}]},{\"@type\":\"WebSite\",\"@id\":\"https:\/\/folkart.ee\/#website\",\"url\":\"https:\/\/folkart.ee\/\",\"name\":\"Estonian Folk Art and Craft Union\",\"description\":\"\",\"publisher\":{\"@id\":\"https:\/\/folkart.ee\/#organization\"},\"potentialAction\":[{\"@type\":\"SearchAction\",\"target\":{\"@type\":\"EntryPoint\",\"urlTemplate\":\"https:\/\/folkart.ee\/?s={search_term_string}\"},\"query-input\":{\"@type\":\"PropertyValueSpecification\",\"valueRequired\":true,\"valueName\":\"search_term_string\"}}],\"inLanguage\":\"en-US\"},{\"@type\":\"Organization\",\"@id\":\"https:\/\/folkart.ee\/#organization\",\"name\":\"Estonian Folk Art and Craft Union\",\"url\":\"https:\/\/folkart.ee\/\",\"logo\":{\"@type\":\"ImageObject\",\"inLanguage\":\"en-US\",\"@id\":\"https:\/\/folkart.ee\/#\/schema\/logo\/image\/\",\"url\":\"https:\/\/folkart.ee\/wp-content\/uploads\/2016\/06\/eesti-rahvakunsti-ja-k\u00e4sit\u00f6\u00f6-liit.png\",\"contentUrl\":\"https:\/\/folkart.ee\/wp-content\/uploads\/2016\/06\/eesti-rahvakunsti-ja-k\u00e4sit\u00f6\u00f6-liit.png\",\"width\":114,\"height\":114,\"caption\":\"Estonian Folk Art and Craft Union\"},\"image\":{\"@id\":\"https:\/\/folkart.ee\/#\/schema\/logo\/image\/\"}}]}<\/script>\n<!-- \/ Yoast SEO plugin. -->","yoast_head_json":{"title":"Folk Art Gallery - Estonian Folk Art and Craft Union","robots":{"index":"index","follow":"follow","max-snippet":"max-snippet:-1","max-image-preview":"max-image-preview:large","max-video-preview":"max-video-preview:-1"},"canonical":"https:\/\/folkart.ee\/en\/folk-art-gallery\/","og_locale":"en_US","og_type":"article","og_title":"Folk Art Gallery - Estonian Folk Art and Craft Union","og_description":"Exhibitions 2025 &nbsp; 07.01 \u2013 27.01 LOCAL ALIEN \/ KOHALIK TULNUKAS. India Maria Emilia Kiisler. Young Artisan 2023 &nbsp; 28.01 \u2013 17.02 Young People Doing Handicrafts \/ Noored teevad k\u00e4sit\u00f6\u00f6d &nbsp; 18.02 \u2013 10.03 Four Generations \/ Neli p\u00f5lvkonda &nbsp; 11.03 \u2013 31.03 CIRCLE \/ S\u00d5\u00d5R. Etnowerk &nbsp; 01.04 \u2013 21.04 M\u00e4rk OMA. Experience Exhibition &hellip; Continued","og_url":"https:\/\/folkart.ee\/en\/folk-art-gallery\/","og_site_name":"Estonian Folk Art and Craft Union","article_modified_time":"2025-01-05T17:13:40+00:00","og_image":[{"url":"https:\/\/folkart.ee\/wp-content\/uploads\/2020\/06\/kulka_logo-300x165.png"}],"twitter_card":"summary_large_image","twitter_misc":{"Est. reading time":"3 minutes"},"schema":{"@context":"https:\/\/schema.org","@graph":[{"@type":"WebPage","@id":"https:\/\/folkart.ee\/en\/folk-art-gallery\/","url":"https:\/\/folkart.ee\/en\/folk-art-gallery\/","name":"Folk Art Gallery - Estonian Folk Art and Craft Union","isPartOf":{"@id":"https:\/\/folkart.ee\/#website"},"primaryImageOfPage":{"@id":"https:\/\/folkart.ee\/en\/folk-art-gallery\/#primaryimage"},"image":{"@id":"https:\/\/folkart.ee\/en\/folk-art-gallery\/#primaryimage"},"thumbnailUrl":"https:\/\/folkart.ee\/wp-content\/uploads\/2020\/06\/kulka_logo-300x165.png","datePublished":"2021-02-05T17:43:32+00:00","dateModified":"2025-01-05T17:13:40+00:00","breadcrumb":{"@id":"https:\/\/folkart.ee\/en\/folk-art-gallery\/#breadcrumb"},"inLanguage":"en-US","potentialAction":[{"@type":"ReadAction","target":["https:\/\/folkart.ee\/en\/folk-art-gallery\/"]}]},{"@type":"ImageObject","inLanguage":"en-US","@id":"https:\/\/folkart.ee\/en\/folk-art-gallery\/#primaryimage","url":"https:\/\/folkart.ee\/wp-content\/uploads\/2020\/06\/kulka_logo-300x165.png","contentUrl":"https:\/\/folkart.ee\/wp-content\/uploads\/2020\/06\/kulka_logo-300x165.png"},{"@type":"BreadcrumbList","@id":"https:\/\/folkart.ee\/en\/folk-art-gallery\/#breadcrumb","itemListElement":[{"@type":"ListItem","position":1,"name":"Home","item":"https:\/\/folkart.ee\/en\/"},{"@type":"ListItem","position":2,"name":"Folk Art Gallery"}]},{"@type":"WebSite","@id":"https:\/\/folkart.ee\/#website","url":"https:\/\/folkart.ee\/","name":"Estonian Folk Art and Craft Union","description":"","publisher":{"@id":"https:\/\/folkart.ee\/#organization"},"potentialAction":[{"@type":"SearchAction","target":{"@type":"EntryPoint","urlTemplate":"https:\/\/folkart.ee\/?s={search_term_string}"},"query-input":{"@type":"PropertyValueSpecification","valueRequired":true,"valueName":"search_term_string"}}],"inLanguage":"en-US"},{"@type":"Organization","@id":"https:\/\/folkart.ee\/#organization","name":"Estonian Folk Art and Craft Union","url":"https:\/\/folkart.ee\/","logo":{"@type":"ImageObject","inLanguage":"en-US","@id":"https:\/\/folkart.ee\/#\/schema\/logo\/image\/","url":"https:\/\/folkart.ee\/wp-content\/uploads\/2016\/06\/eesti-rahvakunsti-ja-k\u00e4sit\u00f6\u00f6-liit.png","contentUrl":"https:\/\/folkart.ee\/wp-content\/uploads\/2016\/06\/eesti-rahvakunsti-ja-k\u00e4sit\u00f6\u00f6-liit.png","width":114,"height":114,"caption":"Estonian Folk Art and Craft Union"},"image":{"@id":"https:\/\/folkart.ee\/#\/schema\/logo\/image\/"}}]}},"_links":{"self":[{"href":"https:\/\/folkart.ee\/en\/wp-json\/wp\/v2\/pages\/13153"}],"collection":[{"href":"https:\/\/folkart.ee\/en\/wp-json\/wp\/v2\/pages"}],"about":[{"href":"https:\/\/folkart.ee\/en\/wp-json\/wp\/v2\/types\/page"}],"author":[{"embeddable":true,"href":"https:\/\/folkart.ee\/en\/wp-json\/wp\/v2\/users\/2"}],"replies":[{"embeddable":true,"href":"https:\/\/folkart.ee\/en\/wp-json\/wp\/v2\/comments?post=13153"}],"version-history":[{"count":38,"href":"https:\/\/folkart.ee\/en\/wp-json\/wp\/v2\/pages\/13153\/revisions"}],"predecessor-version":[{"id":22844,"href":"https:\/\/folkart.ee\/en\/wp-json\/wp\/v2\/pages\/13153\/revisions\/22844"}],"wp:attachment":[{"href":"https:\/\/folkart.ee\/en\/wp-json\/wp\/v2\/media?parent=13153"}],"curies":[{"name":"wp","href":"https:\/\/api.w.org\/{rel}","templated":true}]}}