{"id":13156,"date":"2021-02-05T19:55:20","date_gmt":"2021-02-05T17:55:20","guid":{"rendered":"https:\/\/folkart.ee\/?page_id=13156"},"modified":"2024-02-06T20:03:55","modified_gmt":"2024-02-06T18:03:55","slug":"kaarmanni-handicraft","status":"publish","type":"page","link":"https:\/\/folkart.ee\/en\/kaarmanni-handicraft\/","title":{"rendered":"Kaarmann Handicraft exhibition window"},"content":{"rendered":"<header class=\"entry-header\">\n<h4 class=\"entry-title\">Exhibitions 2024<\/h4>\n<\/header>\n<div class=\"entry-content\">\n<p><strong>Jaanuar<\/strong><\/p>\n<p><a href=\"https:\/\/folkart.ee\/naitus-kaarmanni-vaateaknal\/\" target=\"_blank\" rel=\"noopener\">Koduk\u00e4sit\u00f6\u00f6 ja Kango Tekstiil<\/a><\/p>\n<p>&nbsp;<\/p>\n<p><strong>Veebruar<\/strong><\/p>\n<p>Rahvar\u00f5ivas ruudus<\/p>\n<p>&nbsp;<\/p>\n<p><strong>M\u00e4rts<\/strong><\/p>\n<p>Mari Pukk ja Anu Vingisaar<\/p>\n<p>&nbsp;<\/p>\n<p><strong>Aprill<\/strong><\/p>\n<p>Studio Huik ja Lahemaa P\u00e4rimuskoda<\/p>\n<p>&nbsp;<\/p>\n<p><strong>Mai<\/strong><\/p>\n<p>R\u00e4pina Aianduskool ja Ulve Kangro<\/p>\n<p>&nbsp;<\/p>\n<p><strong>Juuni<\/strong><\/p>\n<p>Mirai ja Rahvuslikud k\u00e4sit\u00f6\u00f6pitsid<\/p>\n<p>&nbsp;<\/p>\n<p><strong>Juuli<\/strong><\/p>\n<p>Katr\u00e8 ja Koduk\u00e4sit\u00f6\u00f6<\/p>\n<p>&nbsp;<\/p>\n<p><strong>August<\/strong><\/p>\n<p>Telgedel kootud tekstiilid ja Avinurmre korvid, seto kausid<\/p>\n<p>&nbsp;<\/p>\n<p><strong>September<\/strong><\/p>\n<p>K\u00f5rgem Kunstikool Pallas ja T\u00dc Viljandi Kultuuriakadeemia<\/p>\n<p>&nbsp;<\/p>\n<p><strong>Oktoober<\/strong><\/p>\n<p>Koduk\u00e4sit\u00f6\u00f6 ja Kango Tekstiil<\/p>\n<p>&nbsp;<\/p>\n<p><strong>November<\/strong><\/p>\n<p>Folkloorin\u00f5ukogu ja Viru K\u00e4sit\u00f6\u00f6 Salong<\/p>\n<p>&nbsp;<\/p>\n<p><strong>Detsember<\/strong><\/p>\n<p>Lembe Sihvre ja FeltMill<\/p>\n<\/div>\n<p>&nbsp;<\/p>\n<h5><\/h5>\n<p>&nbsp;<\/p>\n<p>&nbsp;<\/p>\n","protected":false},"excerpt":{"rendered":"<p>Exhibitions 2024 Jaanuar Koduk\u00e4sit\u00f6\u00f6 ja Kango Tekstiil &nbsp; Veebruar Rahvar\u00f5ivas ruudus &nbsp; M\u00e4rts Mari Pukk ja Anu Vingisaar &nbsp; Aprill Studio Huik ja Lahemaa P\u00e4rimuskoda &nbsp; Mai R\u00e4pina Aianduskool ja Ulve Kangro &nbsp; Juuni Mirai ja Rahvuslikud k\u00e4sit\u00f6\u00f6pitsid &nbsp; Juuli Katr\u00e8 ja Koduk\u00e4sit\u00f6\u00f6 &nbsp; August Telgedel kootud tekstiilid ja Avinurmre korvid, seto kausid &nbsp; September &hellip; <a href=\"https:\/\/folkart.ee\/en\/kaarmanni-handicraft\/\">Continued<\/a><\/p>\n","protected":false},"author":2,"featured_media":0,"parent":0,"menu_order":0,"comment_status":"closed","ping_status":"closed","template":"","meta":{"_acf_changed":false,"footnotes":""},"class_list":["post-13156","page","type-page","status-publish","hentry"],"acf":[],"yoast_head":"<!-- This site is optimized with the Yoast SEO plugin v23.4 - https:\/\/yoast.com\/wordpress\/plugins\/seo\/ -->\n<title>Kaarmann Handicraft exhibition window - Estonian Folk Art and Craft Union<\/title>\n<meta name=\"robots\" content=\"index, follow, max-snippet:-1, max-image-preview:large, max-video-preview:-1\" \/>\n<link rel=\"canonical\" href=\"https:\/\/folkart.ee\/en\/kaarmanni-handicraft\/\" \/>\n<meta property=\"og:locale\" content=\"en_US\" \/>\n<meta property=\"og:type\" content=\"article\" \/>\n<meta property=\"og:title\" content=\"Kaarmann Handicraft exhibition window - Estonian Folk Art and Craft Union\" \/>\n<meta property=\"og:description\" content=\"Exhibitions 2024 Jaanuar Koduk\u00e4sit\u00f6\u00f6 ja Kango Tekstiil &nbsp; Veebruar Rahvar\u00f5ivas ruudus &nbsp; M\u00e4rts Mari Pukk ja Anu Vingisaar &nbsp; Aprill Studio Huik ja Lahemaa P\u00e4rimuskoda &nbsp; Mai R\u00e4pina Aianduskool ja Ulve Kangro &nbsp; Juuni Mirai ja Rahvuslikud k\u00e4sit\u00f6\u00f6pitsid &nbsp; Juuli Katr\u00e8 ja Koduk\u00e4sit\u00f6\u00f6 &nbsp; August Telgedel kootud tekstiilid ja Avinurmre korvid, seto kausid &nbsp; September &hellip; Continued\" \/>\n<meta property=\"og:url\" content=\"https:\/\/folkart.ee\/en\/kaarmanni-handicraft\/\" \/>\n<meta property=\"og:site_name\" content=\"Estonian Folk Art and Craft Union\" \/>\n<meta property=\"article:modified_time\" content=\"2024-02-06T18:03:55+00:00\" \/>\n<meta name=\"twitter:card\" content=\"summary_large_image\" \/>\n<meta name=\"twitter:label1\" content=\"Est. reading time\" \/>\n\t<meta name=\"twitter:data1\" content=\"1 minute\" \/>\n<script type=\"application\/ld+json\" class=\"yoast-schema-graph\">{\"@context\":\"https:\/\/schema.org\",\"@graph\":[{\"@type\":\"WebPage\",\"@id\":\"https:\/\/folkart.ee\/en\/kaarmanni-handicraft\/\",\"url\":\"https:\/\/folkart.ee\/en\/kaarmanni-handicraft\/\",\"name\":\"Kaarmann Handicraft exhibition window - Estonian Folk Art and Craft Union\",\"isPartOf\":{\"@id\":\"https:\/\/folkart.ee\/#website\"},\"datePublished\":\"2021-02-05T17:55:20+00:00\",\"dateModified\":\"2024-02-06T18:03:55+00:00\",\"breadcrumb\":{\"@id\":\"https:\/\/folkart.ee\/en\/kaarmanni-handicraft\/#breadcrumb\"},\"inLanguage\":\"en-US\",\"potentialAction\":[{\"@type\":\"ReadAction\",\"target\":[\"https:\/\/folkart.ee\/en\/kaarmanni-handicraft\/\"]}]},{\"@type\":\"BreadcrumbList\",\"@id\":\"https:\/\/folkart.ee\/en\/kaarmanni-handicraft\/#breadcrumb\",\"itemListElement\":[{\"@type\":\"ListItem\",\"position\":1,\"name\":\"Home\",\"item\":\"https:\/\/folkart.ee\/en\/\"},{\"@type\":\"ListItem\",\"position\":2,\"name\":\"Kaarmann Handicraft exhibition window\"}]},{\"@type\":\"WebSite\",\"@id\":\"https:\/\/folkart.ee\/#website\",\"url\":\"https:\/\/folkart.ee\/\",\"name\":\"Estonian Folk Art and Craft Union\",\"description\":\"\",\"publisher\":{\"@id\":\"https:\/\/folkart.ee\/#organization\"},\"potentialAction\":[{\"@type\":\"SearchAction\",\"target\":{\"@type\":\"EntryPoint\",\"urlTemplate\":\"https:\/\/folkart.ee\/?s={search_term_string}\"},\"query-input\":{\"@type\":\"PropertyValueSpecification\",\"valueRequired\":true,\"valueName\":\"search_term_string\"}}],\"inLanguage\":\"en-US\"},{\"@type\":\"Organization\",\"@id\":\"https:\/\/folkart.ee\/#organization\",\"name\":\"Estonian Folk Art and Craft Union\",\"url\":\"https:\/\/folkart.ee\/\",\"logo\":{\"@type\":\"ImageObject\",\"inLanguage\":\"en-US\",\"@id\":\"https:\/\/folkart.ee\/#\/schema\/logo\/image\/\",\"url\":\"https:\/\/folkart.ee\/wp-content\/uploads\/2016\/06\/eesti-rahvakunsti-ja-k\u00e4sit\u00f6\u00f6-liit.png\",\"contentUrl\":\"https:\/\/folkart.ee\/wp-content\/uploads\/2016\/06\/eesti-rahvakunsti-ja-k\u00e4sit\u00f6\u00f6-liit.png\",\"width\":114,\"height\":114,\"caption\":\"Estonian Folk Art and Craft Union\"},\"image\":{\"@id\":\"https:\/\/folkart.ee\/#\/schema\/logo\/image\/\"}}]}<\/script>\n<!-- \/ Yoast SEO plugin. -->","yoast_head_json":{"title":"Kaarmann Handicraft exhibition window - Estonian Folk Art and Craft Union","robots":{"index":"index","follow":"follow","max-snippet":"max-snippet:-1","max-image-preview":"max-image-preview:large","max-video-preview":"max-video-preview:-1"},"canonical":"https:\/\/folkart.ee\/en\/kaarmanni-handicraft\/","og_locale":"en_US","og_type":"article","og_title":"Kaarmann Handicraft exhibition window - Estonian Folk Art and Craft Union","og_description":"Exhibitions 2024 Jaanuar Koduk\u00e4sit\u00f6\u00f6 ja Kango Tekstiil &nbsp; Veebruar Rahvar\u00f5ivas ruudus &nbsp; M\u00e4rts Mari Pukk ja Anu Vingisaar &nbsp; Aprill Studio Huik ja Lahemaa P\u00e4rimuskoda &nbsp; Mai R\u00e4pina Aianduskool ja Ulve Kangro &nbsp; Juuni Mirai ja Rahvuslikud k\u00e4sit\u00f6\u00f6pitsid &nbsp; Juuli Katr\u00e8 ja Koduk\u00e4sit\u00f6\u00f6 &nbsp; August Telgedel kootud tekstiilid ja Avinurmre korvid, seto kausid &nbsp; September &hellip; Continued","og_url":"https:\/\/folkart.ee\/en\/kaarmanni-handicraft\/","og_site_name":"Estonian Folk Art and Craft Union","article_modified_time":"2024-02-06T18:03:55+00:00","twitter_card":"summary_large_image","twitter_misc":{"Est. reading time":"1 minute"},"schema":{"@context":"https:\/\/schema.org","@graph":[{"@type":"WebPage","@id":"https:\/\/folkart.ee\/en\/kaarmanni-handicraft\/","url":"https:\/\/folkart.ee\/en\/kaarmanni-handicraft\/","name":"Kaarmann Handicraft exhibition window - Estonian Folk Art and Craft Union","isPartOf":{"@id":"https:\/\/folkart.ee\/#website"},"datePublished":"2021-02-05T17:55:20+00:00","dateModified":"2024-02-06T18:03:55+00:00","breadcrumb":{"@id":"https:\/\/folkart.ee\/en\/kaarmanni-handicraft\/#breadcrumb"},"inLanguage":"en-US","potentialAction":[{"@type":"ReadAction","target":["https:\/\/folkart.ee\/en\/kaarmanni-handicraft\/"]}]},{"@type":"BreadcrumbList","@id":"https:\/\/folkart.ee\/en\/kaarmanni-handicraft\/#breadcrumb","itemListElement":[{"@type":"ListItem","position":1,"name":"Home","item":"https:\/\/folkart.ee\/en\/"},{"@type":"ListItem","position":2,"name":"Kaarmann Handicraft exhibition window"}]},{"@type":"WebSite","@id":"https:\/\/folkart.ee\/#website","url":"https:\/\/folkart.ee\/","name":"Estonian Folk Art and Craft Union","description":"","publisher":{"@id":"https:\/\/folkart.ee\/#organization"},"potentialAction":[{"@type":"SearchAction","target":{"@type":"EntryPoint","urlTemplate":"https:\/\/folkart.ee\/?s={search_term_string}"},"query-input":{"@type":"PropertyValueSpecification","valueRequired":true,"valueName":"search_term_string"}}],"inLanguage":"en-US"},{"@type":"Organization","@id":"https:\/\/folkart.ee\/#organization","name":"Estonian Folk Art and Craft Union","url":"https:\/\/folkart.ee\/","logo":{"@type":"ImageObject","inLanguage":"en-US","@id":"https:\/\/folkart.ee\/#\/schema\/logo\/image\/","url":"https:\/\/folkart.ee\/wp-content\/uploads\/2016\/06\/eesti-rahvakunsti-ja-k\u00e4sit\u00f6\u00f6-liit.png","contentUrl":"https:\/\/folkart.ee\/wp-content\/uploads\/2016\/06\/eesti-rahvakunsti-ja-k\u00e4sit\u00f6\u00f6-liit.png","width":114,"height":114,"caption":"Estonian Folk Art and Craft Union"},"image":{"@id":"https:\/\/folkart.ee\/#\/schema\/logo\/image\/"}}]}},"_links":{"self":[{"href":"https:\/\/folkart.ee\/en\/wp-json\/wp\/v2\/pages\/13156"}],"collection":[{"href":"https:\/\/folkart.ee\/en\/wp-json\/wp\/v2\/pages"}],"about":[{"href":"https:\/\/folkart.ee\/en\/wp-json\/wp\/v2\/types\/page"}],"author":[{"embeddable":true,"href":"https:\/\/folkart.ee\/en\/wp-json\/wp\/v2\/users\/2"}],"replies":[{"embeddable":true,"href":"https:\/\/folkart.ee\/en\/wp-json\/wp\/v2\/comments?post=13156"}],"version-history":[{"count":16,"href":"https:\/\/folkart.ee\/en\/wp-json\/wp\/v2\/pages\/13156\/revisions"}],"predecessor-version":[{"id":21362,"href":"https:\/\/folkart.ee\/en\/wp-json\/wp\/v2\/pages\/13156\/revisions\/21362"}],"wp:attachment":[{"href":"https:\/\/folkart.ee\/en\/wp-json\/wp\/v2\/media?parent=13156"}],"curies":[{"name":"wp","href":"https:\/\/api.w.org\/{rel}","templated":true}]}}