{"id":2492,"date":"2016-12-19T15:32:57","date_gmt":"2016-12-19T13:32:57","guid":{"rendered":"http:\/\/sharks.ee\/erkl\/en\/?page_id=2492"},"modified":"2020-06-15T16:36:47","modified_gmt":"2020-06-15T13:36:47","slug":"training","status":"publish","type":"page","link":"https:\/\/folkart.ee\/en\/training\/","title":{"rendered":"Training"},"content":{"rendered":"<p>Estonian Folk Art and Craft Union organizes handicraft trainings for hobbyists, handycraft masters, enterprisers, teachers in cooperation with <a href=\"http:\/\/kultuur.ee\/\" target=\"_blank\" rel=\"noopener\">Tallinna Rahva\u00fclikool<\/a> (Tallinn Folk University) and <a href=\"http:\/\/www.rahvaroivad.folkart.ee\/\" target=\"_blank\" rel=\"noopener\">MT\u00dc Rahvar\u00f5ivas<\/a> (Folk Costume Union).<br \/>\nThe Training Centre of the Estonian Folk Art and Craft Union (License 6934HTM) is organizing short handicraft courses and handicraft days.<\/p>\n<p>Additional information: info@folkart.ee<\/p>\n<p>&nbsp;<\/p>\n<p><img decoding=\"async\" class=\"alignleft  wp-image-9081\" src=\"https:\/\/folkart.ee\/wp-content\/uploads\/2019\/10\/press-the-button.png\" alt=\"\" width=\"62\" height=\"62\" srcset=\"https:\/\/folkart.ee\/wp-content\/uploads\/2019\/10\/press-the-button.png 200w, https:\/\/folkart.ee\/wp-content\/uploads\/2019\/10\/press-the-button-100x100.png 100w, https:\/\/folkart.ee\/wp-content\/uploads\/2019\/10\/press-the-button-150x150.png 150w, https:\/\/folkart.ee\/wp-content\/uploads\/2019\/10\/press-the-button-192x192.png 192w\" sizes=\"(max-width: 62px) 100vw, 62px\" \/><a href=\"https:\/\/folkart.ee\/uritused\/goldwork-embroidery\/\" target=\"_blank\" rel=\"noopener\">Goldwork embroidery<\/a>, in Tallinn 12-13th of September<\/p>\n","protected":false},"excerpt":{"rendered":"<p>Estonian Folk Art and Craft Union organizes handicraft trainings for hobbyists, handycraft masters, enterprisers, teachers in cooperation with Tallinna Rahva\u00fclikool (Tallinn Folk University) and MT\u00dc Rahvar\u00f5ivas (Folk Costume Union). The Training Centre of the Estonian Folk Art and Craft Union (License 6934HTM) is organizing short handicraft courses and handicraft days. Additional information: info@folkart.ee &nbsp; Goldwork &hellip; <a href=\"https:\/\/folkart.ee\/en\/training\/\">Continued<\/a><\/p>\n","protected":false},"author":2,"featured_media":0,"parent":0,"menu_order":0,"comment_status":"closed","ping_status":"closed","template":"","meta":{"_acf_changed":false,"footnotes":""},"class_list":["post-2492","page","type-page","status-publish","hentry"],"acf":[],"yoast_head":"<!-- This site is optimized with the Yoast SEO plugin v23.4 - https:\/\/yoast.com\/wordpress\/plugins\/seo\/ -->\n<title>Training - Estonian Folk Art and Craft Union<\/title>\n<meta name=\"robots\" content=\"index, follow, max-snippet:-1, max-image-preview:large, max-video-preview:-1\" \/>\n<link rel=\"canonical\" href=\"https:\/\/folkart.ee\/en\/training\/\" \/>\n<meta property=\"og:locale\" content=\"en_US\" \/>\n<meta property=\"og:type\" content=\"article\" \/>\n<meta property=\"og:title\" content=\"Training - Estonian Folk Art and Craft Union\" \/>\n<meta property=\"og:description\" content=\"Estonian Folk Art and Craft Union organizes handicraft trainings for hobbyists, handycraft masters, enterprisers, teachers in cooperation with Tallinna Rahva\u00fclikool (Tallinn Folk University) and MT\u00dc Rahvar\u00f5ivas (Folk Costume Union). The Training Centre of the Estonian Folk Art and Craft Union (License 6934HTM) is organizing short handicraft courses and handicraft days. Additional information: info@folkart.ee &nbsp; Goldwork &hellip; Continued\" \/>\n<meta property=\"og:url\" content=\"https:\/\/folkart.ee\/en\/training\/\" \/>\n<meta property=\"og:site_name\" content=\"Estonian Folk Art and Craft Union\" \/>\n<meta property=\"article:modified_time\" content=\"2020-06-15T13:36:47+00:00\" \/>\n<meta property=\"og:image\" content=\"https:\/\/folkart.ee\/wp-content\/uploads\/2019\/10\/press-the-button.png\" \/>\n<meta name=\"twitter:card\" content=\"summary_large_image\" \/>\n<script type=\"application\/ld+json\" class=\"yoast-schema-graph\">{\"@context\":\"https:\/\/schema.org\",\"@graph\":[{\"@type\":\"WebPage\",\"@id\":\"https:\/\/folkart.ee\/en\/training\/\",\"url\":\"https:\/\/folkart.ee\/en\/training\/\",\"name\":\"Training - Estonian Folk Art and Craft Union\",\"isPartOf\":{\"@id\":\"https:\/\/folkart.ee\/#website\"},\"primaryImageOfPage\":{\"@id\":\"https:\/\/folkart.ee\/en\/training\/#primaryimage\"},\"image\":{\"@id\":\"https:\/\/folkart.ee\/en\/training\/#primaryimage\"},\"thumbnailUrl\":\"https:\/\/folkart.ee\/wp-content\/uploads\/2019\/10\/press-the-button.png\",\"datePublished\":\"2016-12-19T13:32:57+00:00\",\"dateModified\":\"2020-06-15T13:36:47+00:00\",\"breadcrumb\":{\"@id\":\"https:\/\/folkart.ee\/en\/training\/#breadcrumb\"},\"inLanguage\":\"en-US\",\"potentialAction\":[{\"@type\":\"ReadAction\",\"target\":[\"https:\/\/folkart.ee\/en\/training\/\"]}]},{\"@type\":\"ImageObject\",\"inLanguage\":\"en-US\",\"@id\":\"https:\/\/folkart.ee\/en\/training\/#primaryimage\",\"url\":\"https:\/\/folkart.ee\/wp-content\/uploads\/2019\/10\/press-the-button.png\",\"contentUrl\":\"https:\/\/folkart.ee\/wp-content\/uploads\/2019\/10\/press-the-button.png\"},{\"@type\":\"BreadcrumbList\",\"@id\":\"https:\/\/folkart.ee\/en\/training\/#breadcrumb\",\"itemListElement\":[{\"@type\":\"ListItem\",\"position\":1,\"name\":\"Home\",\"item\":\"https:\/\/folkart.ee\/en\/\"},{\"@type\":\"ListItem\",\"position\":2,\"name\":\"Training\"}]},{\"@type\":\"WebSite\",\"@id\":\"https:\/\/folkart.ee\/#website\",\"url\":\"https:\/\/folkart.ee\/\",\"name\":\"Estonian Folk Art and Craft Union\",\"description\":\"\",\"publisher\":{\"@id\":\"https:\/\/folkart.ee\/#organization\"},\"potentialAction\":[{\"@type\":\"SearchAction\",\"target\":{\"@type\":\"EntryPoint\",\"urlTemplate\":\"https:\/\/folkart.ee\/?s={search_term_string}\"},\"query-input\":{\"@type\":\"PropertyValueSpecification\",\"valueRequired\":true,\"valueName\":\"search_term_string\"}}],\"inLanguage\":\"en-US\"},{\"@type\":\"Organization\",\"@id\":\"https:\/\/folkart.ee\/#organization\",\"name\":\"Estonian Folk Art and Craft Union\",\"url\":\"https:\/\/folkart.ee\/\",\"logo\":{\"@type\":\"ImageObject\",\"inLanguage\":\"en-US\",\"@id\":\"https:\/\/folkart.ee\/#\/schema\/logo\/image\/\",\"url\":\"https:\/\/folkart.ee\/wp-content\/uploads\/2016\/06\/eesti-rahvakunsti-ja-k\u00e4sit\u00f6\u00f6-liit.png\",\"contentUrl\":\"https:\/\/folkart.ee\/wp-content\/uploads\/2016\/06\/eesti-rahvakunsti-ja-k\u00e4sit\u00f6\u00f6-liit.png\",\"width\":114,\"height\":114,\"caption\":\"Estonian Folk Art and Craft Union\"},\"image\":{\"@id\":\"https:\/\/folkart.ee\/#\/schema\/logo\/image\/\"}}]}<\/script>\n<!-- \/ Yoast SEO plugin. -->","yoast_head_json":{"title":"Training - Estonian Folk Art and Craft Union","robots":{"index":"index","follow":"follow","max-snippet":"max-snippet:-1","max-image-preview":"max-image-preview:large","max-video-preview":"max-video-preview:-1"},"canonical":"https:\/\/folkart.ee\/en\/training\/","og_locale":"en_US","og_type":"article","og_title":"Training - Estonian Folk Art and Craft Union","og_description":"Estonian Folk Art and Craft Union organizes handicraft trainings for hobbyists, handycraft masters, enterprisers, teachers in cooperation with Tallinna Rahva\u00fclikool (Tallinn Folk University) and MT\u00dc Rahvar\u00f5ivas (Folk Costume Union). The Training Centre of the Estonian Folk Art and Craft Union (License 6934HTM) is organizing short handicraft courses and handicraft days. Additional information: info@folkart.ee &nbsp; Goldwork &hellip; Continued","og_url":"https:\/\/folkart.ee\/en\/training\/","og_site_name":"Estonian Folk Art and Craft Union","article_modified_time":"2020-06-15T13:36:47+00:00","og_image":[{"url":"https:\/\/folkart.ee\/wp-content\/uploads\/2019\/10\/press-the-button.png"}],"twitter_card":"summary_large_image","schema":{"@context":"https:\/\/schema.org","@graph":[{"@type":"WebPage","@id":"https:\/\/folkart.ee\/en\/training\/","url":"https:\/\/folkart.ee\/en\/training\/","name":"Training - Estonian Folk Art and Craft Union","isPartOf":{"@id":"https:\/\/folkart.ee\/#website"},"primaryImageOfPage":{"@id":"https:\/\/folkart.ee\/en\/training\/#primaryimage"},"image":{"@id":"https:\/\/folkart.ee\/en\/training\/#primaryimage"},"thumbnailUrl":"https:\/\/folkart.ee\/wp-content\/uploads\/2019\/10\/press-the-button.png","datePublished":"2016-12-19T13:32:57+00:00","dateModified":"2020-06-15T13:36:47+00:00","breadcrumb":{"@id":"https:\/\/folkart.ee\/en\/training\/#breadcrumb"},"inLanguage":"en-US","potentialAction":[{"@type":"ReadAction","target":["https:\/\/folkart.ee\/en\/training\/"]}]},{"@type":"ImageObject","inLanguage":"en-US","@id":"https:\/\/folkart.ee\/en\/training\/#primaryimage","url":"https:\/\/folkart.ee\/wp-content\/uploads\/2019\/10\/press-the-button.png","contentUrl":"https:\/\/folkart.ee\/wp-content\/uploads\/2019\/10\/press-the-button.png"},{"@type":"BreadcrumbList","@id":"https:\/\/folkart.ee\/en\/training\/#breadcrumb","itemListElement":[{"@type":"ListItem","position":1,"name":"Home","item":"https:\/\/folkart.ee\/en\/"},{"@type":"ListItem","position":2,"name":"Training"}]},{"@type":"WebSite","@id":"https:\/\/folkart.ee\/#website","url":"https:\/\/folkart.ee\/","name":"Estonian Folk Art and Craft Union","description":"","publisher":{"@id":"https:\/\/folkart.ee\/#organization"},"potentialAction":[{"@type":"SearchAction","target":{"@type":"EntryPoint","urlTemplate":"https:\/\/folkart.ee\/?s={search_term_string}"},"query-input":{"@type":"PropertyValueSpecification","valueRequired":true,"valueName":"search_term_string"}}],"inLanguage":"en-US"},{"@type":"Organization","@id":"https:\/\/folkart.ee\/#organization","name":"Estonian Folk Art and Craft Union","url":"https:\/\/folkart.ee\/","logo":{"@type":"ImageObject","inLanguage":"en-US","@id":"https:\/\/folkart.ee\/#\/schema\/logo\/image\/","url":"https:\/\/folkart.ee\/wp-content\/uploads\/2016\/06\/eesti-rahvakunsti-ja-k\u00e4sit\u00f6\u00f6-liit.png","contentUrl":"https:\/\/folkart.ee\/wp-content\/uploads\/2016\/06\/eesti-rahvakunsti-ja-k\u00e4sit\u00f6\u00f6-liit.png","width":114,"height":114,"caption":"Estonian Folk Art and Craft Union"},"image":{"@id":"https:\/\/folkart.ee\/#\/schema\/logo\/image\/"}}]}},"_links":{"self":[{"href":"https:\/\/folkart.ee\/en\/wp-json\/wp\/v2\/pages\/2492"}],"collection":[{"href":"https:\/\/folkart.ee\/en\/wp-json\/wp\/v2\/pages"}],"about":[{"href":"https:\/\/folkart.ee\/en\/wp-json\/wp\/v2\/types\/page"}],"author":[{"embeddable":true,"href":"https:\/\/folkart.ee\/en\/wp-json\/wp\/v2\/users\/2"}],"replies":[{"embeddable":true,"href":"https:\/\/folkart.ee\/en\/wp-json\/wp\/v2\/comments?post=2492"}],"version-history":[{"count":4,"href":"https:\/\/folkart.ee\/en\/wp-json\/wp\/v2\/pages\/2492\/revisions"}],"predecessor-version":[{"id":11444,"href":"https:\/\/folkart.ee\/en\/wp-json\/wp\/v2\/pages\/2492\/revisions\/11444"}],"wp:attachment":[{"href":"https:\/\/folkart.ee\/en\/wp-json\/wp\/v2\/media?parent=2492"}],"curies":[{"name":"wp","href":"https:\/\/api.w.org\/{rel}","templated":true}]}}