{"id":2496,"date":"2016-12-19T15:35:52","date_gmt":"2016-12-19T13:35:52","guid":{"rendered":"http:\/\/sharks.ee\/erkl\/en\/?page_id=2496"},"modified":"2025-08-11T16:07:03","modified_gmt":"2025-08-11T13:07:03","slug":"st-martins-fair","status":"publish","type":"page","link":"https:\/\/folkart.ee\/en\/events\/st-martins-fair\/","title":{"rendered":"St. Martin\u00b4s Fair"},"content":{"rendered":"<h5><strong>Welcome to St. Martin\u2019s Day Fair on 6<\/strong><strong>th to<i> 8<\/i>th November 2025.<\/strong><\/h5>\n<p>&nbsp;<\/p>\n<p>See us on web: <a href=\"https:\/\/mardilaat.ee\/en\/home-english\/\" target=\"_blank\" rel=\"noopener\">mardilaat.ee\/en\/home-english<\/a><\/p>\n<p>and on social media:<a href=\"https:\/\/www.facebook.com\/mardilaat\">\u00a0https:\/\/www.facebook.com\/mardilaat<\/a><\/p>\n<p>&nbsp;<\/p>\n<p><span style=\"text-decoration: underline;\">Additional information<\/span><br \/>\ninfo@folkart.ee<br \/>\nphone nr +372 6604 772<\/p>\n<p>&nbsp;<\/p>\n<h5 class=\"elementor-heading-title elementor-size-default\">The largest handicraft and folkloristic lifestyle event!<\/h5>\n<p>&nbsp;<\/p>\n<div class=\"elementor-element elementor-element-d6a4a07 elementor-widget elementor-widget-heading\" data-id=\"d6a4a07\" data-element_type=\"widget\" data-widget_type=\"heading.default\">\n<div class=\"elementor-widget-container\">\n<p class=\"elementor-heading-title elementor-size-default\">St. Martin\u00b4s Fair is Estonia\u2019s best handicraft items are presented and sold at the fair, specialist workshops for handicraft lovers and crafts activities for children are organised. Demonstrations of handicraft products and presentations of new books take place. Visitors can eat Estonian traditional food and listen to various folk music groups.<\/p>\n<\/div>\n<p>St. Martin\u2019s Day Fair always takes place during the weekend closest to St. Martin\u2019s Day (10th November) from Thursday to Sunday. The event culminates with a special Friday evening programme- the Handicraft Night.<\/p>\n<\/div>\n<p>&nbsp;<\/p>\n<p>&nbsp;<\/p>\n","protected":false},"excerpt":{"rendered":"<p>Welcome to St. Martin\u2019s Day Fair on 6th to 8th November 2025. &nbsp; See us on web: mardilaat.ee\/en\/home-english and on social media:\u00a0https:\/\/www.facebook.com\/mardilaat &nbsp; Additional information info@folkart.ee phone nr +372 6604 772 &nbsp; The largest handicraft and folkloristic lifestyle event! &nbsp; St. Martin\u00b4s Fair is Estonia\u2019s best handicraft items are presented and sold at the fair, &hellip; <a href=\"https:\/\/folkart.ee\/en\/events\/st-martins-fair\/\">Continued<\/a><\/p>\n","protected":false},"author":2,"featured_media":0,"parent":2494,"menu_order":0,"comment_status":"closed","ping_status":"closed","template":"","meta":{"_acf_changed":false,"footnotes":""},"class_list":["post-2496","page","type-page","status-publish","hentry"],"acf":[],"yoast_head":"<!-- This site is optimized with the Yoast SEO plugin v23.4 - https:\/\/yoast.com\/wordpress\/plugins\/seo\/ -->\n<title>St. Martin\u00b4s Fair - Estonian Folk Art and Craft Union<\/title>\n<meta name=\"robots\" content=\"index, follow, max-snippet:-1, max-image-preview:large, max-video-preview:-1\" \/>\n<link rel=\"canonical\" href=\"https:\/\/folkart.ee\/en\/events\/st-martins-fair\/\" \/>\n<meta property=\"og:locale\" content=\"en_US\" \/>\n<meta property=\"og:type\" content=\"article\" \/>\n<meta property=\"og:title\" content=\"St. Martin\u00b4s Fair - Estonian Folk Art and Craft Union\" \/>\n<meta property=\"og:description\" content=\"Welcome to St. Martin\u2019s Day Fair on 6th to 8th November 2025. &nbsp; See us on web: mardilaat.ee\/en\/home-english and on social media:\u00a0https:\/\/www.facebook.com\/mardilaat &nbsp; Additional information info@folkart.ee phone nr +372 6604 772 &nbsp; The largest handicraft and folkloristic lifestyle event! &nbsp; St. Martin\u00b4s Fair is Estonia\u2019s best handicraft items are presented and sold at the fair, &hellip; Continued\" \/>\n<meta property=\"og:url\" content=\"https:\/\/folkart.ee\/en\/events\/st-martins-fair\/\" \/>\n<meta property=\"og:site_name\" content=\"Estonian Folk Art and Craft Union\" \/>\n<meta property=\"article:modified_time\" content=\"2025-08-11T13:07:03+00:00\" \/>\n<meta name=\"twitter:card\" content=\"summary_large_image\" \/>\n<meta name=\"twitter:label1\" content=\"Est. reading time\" \/>\n\t<meta name=\"twitter:data1\" content=\"1 minute\" \/>\n<script type=\"application\/ld+json\" class=\"yoast-schema-graph\">{\"@context\":\"https:\/\/schema.org\",\"@graph\":[{\"@type\":\"WebPage\",\"@id\":\"https:\/\/folkart.ee\/en\/events\/st-martins-fair\/\",\"url\":\"https:\/\/folkart.ee\/en\/events\/st-martins-fair\/\",\"name\":\"St. Martin\u00b4s Fair - Estonian Folk Art and Craft Union\",\"isPartOf\":{\"@id\":\"https:\/\/folkart.ee\/#website\"},\"datePublished\":\"2016-12-19T13:35:52+00:00\",\"dateModified\":\"2025-08-11T13:07:03+00:00\",\"breadcrumb\":{\"@id\":\"https:\/\/folkart.ee\/en\/events\/st-martins-fair\/#breadcrumb\"},\"inLanguage\":\"en-US\",\"potentialAction\":[{\"@type\":\"ReadAction\",\"target\":[\"https:\/\/folkart.ee\/en\/events\/st-martins-fair\/\"]}]},{\"@type\":\"BreadcrumbList\",\"@id\":\"https:\/\/folkart.ee\/en\/events\/st-martins-fair\/#breadcrumb\",\"itemListElement\":[{\"@type\":\"ListItem\",\"position\":1,\"name\":\"Home\",\"item\":\"https:\/\/folkart.ee\/en\/\"},{\"@type\":\"ListItem\",\"position\":2,\"name\":\"Events\",\"item\":\"https:\/\/folkart.ee\/en\/events\/\"},{\"@type\":\"ListItem\",\"position\":3,\"name\":\"St. Martin\u00b4s Fair\"}]},{\"@type\":\"WebSite\",\"@id\":\"https:\/\/folkart.ee\/#website\",\"url\":\"https:\/\/folkart.ee\/\",\"name\":\"Estonian Folk Art and Craft Union\",\"description\":\"\",\"publisher\":{\"@id\":\"https:\/\/folkart.ee\/#organization\"},\"potentialAction\":[{\"@type\":\"SearchAction\",\"target\":{\"@type\":\"EntryPoint\",\"urlTemplate\":\"https:\/\/folkart.ee\/?s={search_term_string}\"},\"query-input\":{\"@type\":\"PropertyValueSpecification\",\"valueRequired\":true,\"valueName\":\"search_term_string\"}}],\"inLanguage\":\"en-US\"},{\"@type\":\"Organization\",\"@id\":\"https:\/\/folkart.ee\/#organization\",\"name\":\"Estonian Folk Art and Craft Union\",\"url\":\"https:\/\/folkart.ee\/\",\"logo\":{\"@type\":\"ImageObject\",\"inLanguage\":\"en-US\",\"@id\":\"https:\/\/folkart.ee\/#\/schema\/logo\/image\/\",\"url\":\"https:\/\/folkart.ee\/wp-content\/uploads\/2016\/06\/eesti-rahvakunsti-ja-k\u00e4sit\u00f6\u00f6-liit.png\",\"contentUrl\":\"https:\/\/folkart.ee\/wp-content\/uploads\/2016\/06\/eesti-rahvakunsti-ja-k\u00e4sit\u00f6\u00f6-liit.png\",\"width\":114,\"height\":114,\"caption\":\"Estonian Folk Art and Craft Union\"},\"image\":{\"@id\":\"https:\/\/folkart.ee\/#\/schema\/logo\/image\/\"}}]}<\/script>\n<!-- \/ Yoast SEO plugin. -->","yoast_head_json":{"title":"St. Martin\u00b4s Fair - Estonian Folk Art and Craft Union","robots":{"index":"index","follow":"follow","max-snippet":"max-snippet:-1","max-image-preview":"max-image-preview:large","max-video-preview":"max-video-preview:-1"},"canonical":"https:\/\/folkart.ee\/en\/events\/st-martins-fair\/","og_locale":"en_US","og_type":"article","og_title":"St. Martin\u00b4s Fair - Estonian Folk Art and Craft Union","og_description":"Welcome to St. Martin\u2019s Day Fair on 6th to 8th November 2025. &nbsp; See us on web: mardilaat.ee\/en\/home-english and on social media:\u00a0https:\/\/www.facebook.com\/mardilaat &nbsp; Additional information info@folkart.ee phone nr +372 6604 772 &nbsp; The largest handicraft and folkloristic lifestyle event! &nbsp; St. Martin\u00b4s Fair is Estonia\u2019s best handicraft items are presented and sold at the fair, &hellip; Continued","og_url":"https:\/\/folkart.ee\/en\/events\/st-martins-fair\/","og_site_name":"Estonian Folk Art and Craft Union","article_modified_time":"2025-08-11T13:07:03+00:00","twitter_card":"summary_large_image","twitter_misc":{"Est. reading time":"1 minute"},"schema":{"@context":"https:\/\/schema.org","@graph":[{"@type":"WebPage","@id":"https:\/\/folkart.ee\/en\/events\/st-martins-fair\/","url":"https:\/\/folkart.ee\/en\/events\/st-martins-fair\/","name":"St. Martin\u00b4s Fair - Estonian Folk Art and Craft Union","isPartOf":{"@id":"https:\/\/folkart.ee\/#website"},"datePublished":"2016-12-19T13:35:52+00:00","dateModified":"2025-08-11T13:07:03+00:00","breadcrumb":{"@id":"https:\/\/folkart.ee\/en\/events\/st-martins-fair\/#breadcrumb"},"inLanguage":"en-US","potentialAction":[{"@type":"ReadAction","target":["https:\/\/folkart.ee\/en\/events\/st-martins-fair\/"]}]},{"@type":"BreadcrumbList","@id":"https:\/\/folkart.ee\/en\/events\/st-martins-fair\/#breadcrumb","itemListElement":[{"@type":"ListItem","position":1,"name":"Home","item":"https:\/\/folkart.ee\/en\/"},{"@type":"ListItem","position":2,"name":"Events","item":"https:\/\/folkart.ee\/en\/events\/"},{"@type":"ListItem","position":3,"name":"St. Martin\u00b4s Fair"}]},{"@type":"WebSite","@id":"https:\/\/folkart.ee\/#website","url":"https:\/\/folkart.ee\/","name":"Estonian Folk Art and Craft Union","description":"","publisher":{"@id":"https:\/\/folkart.ee\/#organization"},"potentialAction":[{"@type":"SearchAction","target":{"@type":"EntryPoint","urlTemplate":"https:\/\/folkart.ee\/?s={search_term_string}"},"query-input":{"@type":"PropertyValueSpecification","valueRequired":true,"valueName":"search_term_string"}}],"inLanguage":"en-US"},{"@type":"Organization","@id":"https:\/\/folkart.ee\/#organization","name":"Estonian Folk Art and Craft Union","url":"https:\/\/folkart.ee\/","logo":{"@type":"ImageObject","inLanguage":"en-US","@id":"https:\/\/folkart.ee\/#\/schema\/logo\/image\/","url":"https:\/\/folkart.ee\/wp-content\/uploads\/2016\/06\/eesti-rahvakunsti-ja-k\u00e4sit\u00f6\u00f6-liit.png","contentUrl":"https:\/\/folkart.ee\/wp-content\/uploads\/2016\/06\/eesti-rahvakunsti-ja-k\u00e4sit\u00f6\u00f6-liit.png","width":114,"height":114,"caption":"Estonian Folk Art and Craft Union"},"image":{"@id":"https:\/\/folkart.ee\/#\/schema\/logo\/image\/"}}]}},"_links":{"self":[{"href":"https:\/\/folkart.ee\/en\/wp-json\/wp\/v2\/pages\/2496"}],"collection":[{"href":"https:\/\/folkart.ee\/en\/wp-json\/wp\/v2\/pages"}],"about":[{"href":"https:\/\/folkart.ee\/en\/wp-json\/wp\/v2\/types\/page"}],"author":[{"embeddable":true,"href":"https:\/\/folkart.ee\/en\/wp-json\/wp\/v2\/users\/2"}],"replies":[{"embeddable":true,"href":"https:\/\/folkart.ee\/en\/wp-json\/wp\/v2\/comments?post=2496"}],"version-history":[{"count":87,"href":"https:\/\/folkart.ee\/en\/wp-json\/wp\/v2\/pages\/2496\/revisions"}],"predecessor-version":[{"id":23644,"href":"https:\/\/folkart.ee\/en\/wp-json\/wp\/v2\/pages\/2496\/revisions\/23644"}],"up":[{"embeddable":true,"href":"https:\/\/folkart.ee\/en\/wp-json\/wp\/v2\/pages\/2494"}],"wp:attachment":[{"href":"https:\/\/folkart.ee\/en\/wp-json\/wp\/v2\/media?parent=2496"}],"curies":[{"name":"wp","href":"https:\/\/api.w.org\/{rel}","templated":true}]}}