{"id":2498,"date":"2016-12-19T15:39:17","date_gmt":"2016-12-19T13:39:17","guid":{"rendered":"http:\/\/sharks.ee\/erkl\/en\/?page_id=2498"},"modified":"2025-08-19T14:10:09","modified_gmt":"2025-08-19T11:10:09","slug":"medieval-days-tallinn-old-town","status":"publish","type":"page","link":"https:\/\/folkart.ee\/en\/events\/medieval-days-tallinn-old-town\/","title":{"rendered":"Medieval Days in Tallinn Old Town"},"content":{"rendered":"<p>&nbsp;<\/p>\n<p><strong>The 27th Medieval Days will take place from 10th to 12th of July 2026.<\/strong><\/p>\n<p><strong>For latest information follow our website <a href=\"https:\/\/medievaldays.ee\/en\/\" target=\"_blank\" rel=\"noopener\">medievaldays.ee\/en<\/a><\/strong><\/p>\n<p><strong>\u00a0<\/strong><\/p>\n<p>&nbsp;<\/p>\n<p>The Medieval Days are one of the most important annual events of the Estonian Folk Art and Craft Union since the year 2000. The Medieval Days take place in Tallinn\u2019s Old Town every year on the first full week of July from Thursday to Sunday (in 2014 due to song and dance festival one week later).<\/p>\n<p>&nbsp;<\/p>\n<p>During the Medieval Days you are able to feel the atmosphere of the flourishing Hanseatic era. A large medieval market is set up in the Town Hall Square with merchants and workshops. Musicians and dancers from near and far take the stage. A medieval procession opens the event followed by various workshops, excursions and theatre performances. The children\u2019s area is situated on the Niguliste hill where children are able to participate in workshops, knight tournaments and other exciting activities.<\/p>\n<p>&nbsp;<\/p>\n<p><strong>Handicraft market is open and workshops take place at the Town Hall Square every day. Mediaeval village on the Niguliste hill. You can find more information and the program www.medievaldays.ee .<\/strong><\/p>\n<p>&nbsp;<\/p>\n<p>Organiser \u2013 Estonian Folk Art and Craft Union<\/p>\n<p>The cultural programme is organised by the Hopner House<\/p>\n<p>&nbsp;<\/p>\n<p>&nbsp;<\/p>\n<p><span style=\"text-decoration: underline;\">Additional info<\/span><\/p>\n<p>info@folkart.ee<\/p>\n","protected":false},"excerpt":{"rendered":"<p>&nbsp; The 27th Medieval Days will take place from 10th to 12th of July 2026. For latest information follow our website medievaldays.ee\/en \u00a0 &nbsp; The Medieval Days are one of the most important annual events of the Estonian Folk Art and Craft Union since the year 2000. The Medieval Days take place in Tallinn\u2019s Old &hellip; <a href=\"https:\/\/folkart.ee\/en\/events\/medieval-days-tallinn-old-town\/\">Continued<\/a><\/p>\n","protected":false},"author":2,"featured_media":0,"parent":2494,"menu_order":0,"comment_status":"closed","ping_status":"closed","template":"","meta":{"_acf_changed":false,"footnotes":""},"class_list":["post-2498","page","type-page","status-publish","hentry"],"acf":[],"yoast_head":"<!-- This site is optimized with the Yoast SEO plugin v23.4 - https:\/\/yoast.com\/wordpress\/plugins\/seo\/ -->\n<title>Medieval Days in Tallinn Old Town - Estonian Folk Art and Craft Union<\/title>\n<meta name=\"robots\" content=\"index, follow, max-snippet:-1, max-image-preview:large, max-video-preview:-1\" \/>\n<link rel=\"canonical\" href=\"https:\/\/folkart.ee\/en\/events\/medieval-days-tallinn-old-town\/\" \/>\n<meta property=\"og:locale\" content=\"en_US\" \/>\n<meta property=\"og:type\" content=\"article\" \/>\n<meta property=\"og:title\" content=\"Medieval Days in Tallinn Old Town - Estonian Folk Art and Craft Union\" \/>\n<meta property=\"og:description\" content=\"&nbsp; The 27th Medieval Days will take place from 10th to 12th of July 2026. For latest information follow our website medievaldays.ee\/en \u00a0 &nbsp; The Medieval Days are one of the most important annual events of the Estonian Folk Art and Craft Union since the year 2000. The Medieval Days take place in Tallinn\u2019s Old &hellip; Continued\" \/>\n<meta property=\"og:url\" content=\"https:\/\/folkart.ee\/en\/events\/medieval-days-tallinn-old-town\/\" \/>\n<meta property=\"og:site_name\" content=\"Estonian Folk Art and Craft Union\" \/>\n<meta property=\"article:modified_time\" content=\"2025-08-19T11:10:09+00:00\" \/>\n<meta name=\"twitter:card\" content=\"summary_large_image\" \/>\n<meta name=\"twitter:label1\" content=\"Est. reading time\" \/>\n\t<meta name=\"twitter:data1\" content=\"2 minutes\" \/>\n<script type=\"application\/ld+json\" class=\"yoast-schema-graph\">{\"@context\":\"https:\/\/schema.org\",\"@graph\":[{\"@type\":\"WebPage\",\"@id\":\"https:\/\/folkart.ee\/en\/events\/medieval-days-tallinn-old-town\/\",\"url\":\"https:\/\/folkart.ee\/en\/events\/medieval-days-tallinn-old-town\/\",\"name\":\"Medieval Days in Tallinn Old Town - Estonian Folk Art and Craft Union\",\"isPartOf\":{\"@id\":\"https:\/\/folkart.ee\/#website\"},\"datePublished\":\"2016-12-19T13:39:17+00:00\",\"dateModified\":\"2025-08-19T11:10:09+00:00\",\"breadcrumb\":{\"@id\":\"https:\/\/folkart.ee\/en\/events\/medieval-days-tallinn-old-town\/#breadcrumb\"},\"inLanguage\":\"en-US\",\"potentialAction\":[{\"@type\":\"ReadAction\",\"target\":[\"https:\/\/folkart.ee\/en\/events\/medieval-days-tallinn-old-town\/\"]}]},{\"@type\":\"BreadcrumbList\",\"@id\":\"https:\/\/folkart.ee\/en\/events\/medieval-days-tallinn-old-town\/#breadcrumb\",\"itemListElement\":[{\"@type\":\"ListItem\",\"position\":1,\"name\":\"Home\",\"item\":\"https:\/\/folkart.ee\/en\/\"},{\"@type\":\"ListItem\",\"position\":2,\"name\":\"Events\",\"item\":\"https:\/\/folkart.ee\/en\/events\/\"},{\"@type\":\"ListItem\",\"position\":3,\"name\":\"Medieval Days in Tallinn Old Town\"}]},{\"@type\":\"WebSite\",\"@id\":\"https:\/\/folkart.ee\/#website\",\"url\":\"https:\/\/folkart.ee\/\",\"name\":\"Estonian Folk Art and Craft Union\",\"description\":\"\",\"publisher\":{\"@id\":\"https:\/\/folkart.ee\/#organization\"},\"potentialAction\":[{\"@type\":\"SearchAction\",\"target\":{\"@type\":\"EntryPoint\",\"urlTemplate\":\"https:\/\/folkart.ee\/?s={search_term_string}\"},\"query-input\":{\"@type\":\"PropertyValueSpecification\",\"valueRequired\":true,\"valueName\":\"search_term_string\"}}],\"inLanguage\":\"en-US\"},{\"@type\":\"Organization\",\"@id\":\"https:\/\/folkart.ee\/#organization\",\"name\":\"Estonian Folk Art and Craft Union\",\"url\":\"https:\/\/folkart.ee\/\",\"logo\":{\"@type\":\"ImageObject\",\"inLanguage\":\"en-US\",\"@id\":\"https:\/\/folkart.ee\/#\/schema\/logo\/image\/\",\"url\":\"https:\/\/folkart.ee\/wp-content\/uploads\/2016\/06\/eesti-rahvakunsti-ja-k\u00e4sit\u00f6\u00f6-liit.png\",\"contentUrl\":\"https:\/\/folkart.ee\/wp-content\/uploads\/2016\/06\/eesti-rahvakunsti-ja-k\u00e4sit\u00f6\u00f6-liit.png\",\"width\":114,\"height\":114,\"caption\":\"Estonian Folk Art and Craft Union\"},\"image\":{\"@id\":\"https:\/\/folkart.ee\/#\/schema\/logo\/image\/\"}}]}<\/script>\n<!-- \/ Yoast SEO plugin. -->","yoast_head_json":{"title":"Medieval Days in Tallinn Old Town - Estonian Folk Art and Craft Union","robots":{"index":"index","follow":"follow","max-snippet":"max-snippet:-1","max-image-preview":"max-image-preview:large","max-video-preview":"max-video-preview:-1"},"canonical":"https:\/\/folkart.ee\/en\/events\/medieval-days-tallinn-old-town\/","og_locale":"en_US","og_type":"article","og_title":"Medieval Days in Tallinn Old Town - Estonian Folk Art and Craft Union","og_description":"&nbsp; The 27th Medieval Days will take place from 10th to 12th of July 2026. For latest information follow our website medievaldays.ee\/en \u00a0 &nbsp; The Medieval Days are one of the most important annual events of the Estonian Folk Art and Craft Union since the year 2000. The Medieval Days take place in Tallinn\u2019s Old &hellip; Continued","og_url":"https:\/\/folkart.ee\/en\/events\/medieval-days-tallinn-old-town\/","og_site_name":"Estonian Folk Art and Craft Union","article_modified_time":"2025-08-19T11:10:09+00:00","twitter_card":"summary_large_image","twitter_misc":{"Est. reading time":"2 minutes"},"schema":{"@context":"https:\/\/schema.org","@graph":[{"@type":"WebPage","@id":"https:\/\/folkart.ee\/en\/events\/medieval-days-tallinn-old-town\/","url":"https:\/\/folkart.ee\/en\/events\/medieval-days-tallinn-old-town\/","name":"Medieval Days in Tallinn Old Town - Estonian Folk Art and Craft Union","isPartOf":{"@id":"https:\/\/folkart.ee\/#website"},"datePublished":"2016-12-19T13:39:17+00:00","dateModified":"2025-08-19T11:10:09+00:00","breadcrumb":{"@id":"https:\/\/folkart.ee\/en\/events\/medieval-days-tallinn-old-town\/#breadcrumb"},"inLanguage":"en-US","potentialAction":[{"@type":"ReadAction","target":["https:\/\/folkart.ee\/en\/events\/medieval-days-tallinn-old-town\/"]}]},{"@type":"BreadcrumbList","@id":"https:\/\/folkart.ee\/en\/events\/medieval-days-tallinn-old-town\/#breadcrumb","itemListElement":[{"@type":"ListItem","position":1,"name":"Home","item":"https:\/\/folkart.ee\/en\/"},{"@type":"ListItem","position":2,"name":"Events","item":"https:\/\/folkart.ee\/en\/events\/"},{"@type":"ListItem","position":3,"name":"Medieval Days in Tallinn Old Town"}]},{"@type":"WebSite","@id":"https:\/\/folkart.ee\/#website","url":"https:\/\/folkart.ee\/","name":"Estonian Folk Art and Craft Union","description":"","publisher":{"@id":"https:\/\/folkart.ee\/#organization"},"potentialAction":[{"@type":"SearchAction","target":{"@type":"EntryPoint","urlTemplate":"https:\/\/folkart.ee\/?s={search_term_string}"},"query-input":{"@type":"PropertyValueSpecification","valueRequired":true,"valueName":"search_term_string"}}],"inLanguage":"en-US"},{"@type":"Organization","@id":"https:\/\/folkart.ee\/#organization","name":"Estonian Folk Art and Craft Union","url":"https:\/\/folkart.ee\/","logo":{"@type":"ImageObject","inLanguage":"en-US","@id":"https:\/\/folkart.ee\/#\/schema\/logo\/image\/","url":"https:\/\/folkart.ee\/wp-content\/uploads\/2016\/06\/eesti-rahvakunsti-ja-k\u00e4sit\u00f6\u00f6-liit.png","contentUrl":"https:\/\/folkart.ee\/wp-content\/uploads\/2016\/06\/eesti-rahvakunsti-ja-k\u00e4sit\u00f6\u00f6-liit.png","width":114,"height":114,"caption":"Estonian Folk Art and Craft Union"},"image":{"@id":"https:\/\/folkart.ee\/#\/schema\/logo\/image\/"}}]}},"_links":{"self":[{"href":"https:\/\/folkart.ee\/en\/wp-json\/wp\/v2\/pages\/2498"}],"collection":[{"href":"https:\/\/folkart.ee\/en\/wp-json\/wp\/v2\/pages"}],"about":[{"href":"https:\/\/folkart.ee\/en\/wp-json\/wp\/v2\/types\/page"}],"author":[{"embeddable":true,"href":"https:\/\/folkart.ee\/en\/wp-json\/wp\/v2\/users\/2"}],"replies":[{"embeddable":true,"href":"https:\/\/folkart.ee\/en\/wp-json\/wp\/v2\/comments?post=2498"}],"version-history":[{"count":30,"href":"https:\/\/folkart.ee\/en\/wp-json\/wp\/v2\/pages\/2498\/revisions"}],"predecessor-version":[{"id":23672,"href":"https:\/\/folkart.ee\/en\/wp-json\/wp\/v2\/pages\/2498\/revisions\/23672"}],"up":[{"embeddable":true,"href":"https:\/\/folkart.ee\/en\/wp-json\/wp\/v2\/pages\/2494"}],"wp:attachment":[{"href":"https:\/\/folkart.ee\/en\/wp-json\/wp\/v2\/media?parent=2498"}],"curies":[{"name":"wp","href":"https:\/\/api.w.org\/{rel}","templated":true}]}}