{"id":2500,"date":"2016-12-19T15:40:54","date_gmt":"2016-12-19T13:40:54","guid":{"rendered":"http:\/\/sharks.ee\/erkl\/en\/?page_id=2500"},"modified":"2024-02-06T19:52:31","modified_gmt":"2024-02-06T17:52:31","slug":"competition","status":"publish","type":"page","link":"https:\/\/folkart.ee\/en\/events\/competition\/","title":{"rendered":"Competition"},"content":{"rendered":"<p>Every year since 2003 Estonian Folk Art and Craft Union organizes handicraft competitions for handicraft masters, artists and enterprisers. Our aim is to enthuse handicraft people to find new products, art pieces.<\/p>\n<p>&nbsp;<\/p>\n<p>The theme of the year 2024<i>\u2013<\/i>2025 Estonian national costume:<a href=\"https:\/\/folkart.ee\/en\/theme-of-the-year\/\" target=\"_blank\" rel=\"noopener\"><em>\u00a0Rahvar\u00f5ivas ruudus,\u00a0 <\/em><\/a><a href=\"https:\/\/rahvaroivad.ee\/en\" target=\"_blank\" rel=\"noopener\">rahvas\u00f5ivas.ee<\/a><\/p>\n<p>&nbsp;<\/p>\n<p><span style=\"text-decoration: underline;\">Our competitions so far<\/span>:<\/p>\n<p>2022<i>\u20132023 &#8211; pealekasv, youth year<\/i><\/p>\n<p>2021 &#8211; k\u00e4sit\u00f6\u00f6 meeste aasta. year of handicraft men<\/p>\n<p>2020 &#8211; eesti-oma-pits. estonian lace<\/p>\n<p>2019 &#8211; R\u00f5\u00f5m k\u00e4sit\u00f6\u00f6st2<\/p>\n<p>2018 &#8211; R\u00f5\u00f5m k\u00e4sit\u00f6\u00f6st<\/p>\n<p>2017 &#8211; Tulest tulnud<\/p>\n<p>2016 &#8211; eesti-keha-kate 2<\/p>\n<p>2015 &#8211; Loomast loodud, inspired by animal<\/p>\n<p>2014 &#8211; jubilee year, year of Masters<\/p>\n<p>2013 &#8211; eesti-maa-villane. estonian wool<\/p>\n<p>2012 &#8211; Taimest tulnud. born of plants<\/p>\n<p>2011 &#8211; eesti-oma-ehe. estonian-own-adornment<\/p>\n<p>2010 &#8211; eesti-oma-puu. estonian-own-tree<\/p>\n<p>2009 &#8211; eesti-oma-kiri. estonian-own-pattern<\/p>\n<p>2008 &#8211; eesti-oma-kuub. estonian-own-coat<\/p>\n<p>2008 &#8211; Konkurss \u00f5pilastele: kingitus s\u00f5brale. Schoolchildrens competition: a present for a friend<\/p>\n<p>2007 &#8211; eesti-oma-m\u00e4rss. estonian-own-bag<\/p>\n<p>2006 &#8211; eesti-m\u00e4ngu-asi. estonian-own-toy<\/p>\n<p>2005 &#8211; eesti-keha-kate.<\/p>\n<p>2003 &#8211; Eesti kingitus. Estonian present<\/p>\n<p>&nbsp;<\/p>\n","protected":false},"excerpt":{"rendered":"<p>Every year since 2003 Estonian Folk Art and Craft Union organizes handicraft competitions for handicraft masters, artists and enterprisers. Our aim is to enthuse handicraft people to find new products, art pieces. &nbsp; The theme of the year 2024\u20132025 Estonian national costume:\u00a0Rahvar\u00f5ivas ruudus,\u00a0 rahvas\u00f5ivas.ee &nbsp; Our competitions so far: 2022\u20132023 &#8211; pealekasv, youth year 2021 &hellip; <a href=\"https:\/\/folkart.ee\/en\/events\/competition\/\">Continued<\/a><\/p>\n","protected":false},"author":2,"featured_media":0,"parent":2494,"menu_order":0,"comment_status":"closed","ping_status":"closed","template":"","meta":{"_acf_changed":false,"footnotes":""},"class_list":["post-2500","page","type-page","status-publish","hentry"],"acf":[],"yoast_head":"<!-- This site is optimized with the Yoast SEO plugin v23.4 - https:\/\/yoast.com\/wordpress\/plugins\/seo\/ -->\n<title>Competition - Estonian Folk Art and Craft Union<\/title>\n<meta name=\"robots\" content=\"index, follow, max-snippet:-1, max-image-preview:large, max-video-preview:-1\" \/>\n<link rel=\"canonical\" href=\"https:\/\/folkart.ee\/en\/events\/competition\/\" \/>\n<meta property=\"og:locale\" content=\"en_US\" \/>\n<meta property=\"og:type\" content=\"article\" \/>\n<meta property=\"og:title\" content=\"Competition - Estonian Folk Art and Craft Union\" \/>\n<meta property=\"og:description\" content=\"Every year since 2003 Estonian Folk Art and Craft Union organizes handicraft competitions for handicraft masters, artists and enterprisers. Our aim is to enthuse handicraft people to find new products, art pieces. &nbsp; The theme of the year 2024\u20132025 Estonian national costume:\u00a0Rahvar\u00f5ivas ruudus,\u00a0 rahvas\u00f5ivas.ee &nbsp; Our competitions so far: 2022\u20132023 &#8211; pealekasv, youth year 2021 &hellip; Continued\" \/>\n<meta property=\"og:url\" content=\"https:\/\/folkart.ee\/en\/events\/competition\/\" \/>\n<meta property=\"og:site_name\" content=\"Estonian Folk Art and Craft Union\" \/>\n<meta property=\"article:modified_time\" content=\"2024-02-06T17:52:31+00:00\" \/>\n<meta name=\"twitter:card\" content=\"summary_large_image\" \/>\n<meta name=\"twitter:label1\" content=\"Est. reading time\" \/>\n\t<meta name=\"twitter:data1\" content=\"1 minute\" \/>\n<script type=\"application\/ld+json\" class=\"yoast-schema-graph\">{\"@context\":\"https:\/\/schema.org\",\"@graph\":[{\"@type\":\"WebPage\",\"@id\":\"https:\/\/folkart.ee\/en\/events\/competition\/\",\"url\":\"https:\/\/folkart.ee\/en\/events\/competition\/\",\"name\":\"Competition - Estonian Folk Art and Craft Union\",\"isPartOf\":{\"@id\":\"https:\/\/folkart.ee\/#website\"},\"datePublished\":\"2016-12-19T13:40:54+00:00\",\"dateModified\":\"2024-02-06T17:52:31+00:00\",\"breadcrumb\":{\"@id\":\"https:\/\/folkart.ee\/en\/events\/competition\/#breadcrumb\"},\"inLanguage\":\"en-US\",\"potentialAction\":[{\"@type\":\"ReadAction\",\"target\":[\"https:\/\/folkart.ee\/en\/events\/competition\/\"]}]},{\"@type\":\"BreadcrumbList\",\"@id\":\"https:\/\/folkart.ee\/en\/events\/competition\/#breadcrumb\",\"itemListElement\":[{\"@type\":\"ListItem\",\"position\":1,\"name\":\"Home\",\"item\":\"https:\/\/folkart.ee\/en\/\"},{\"@type\":\"ListItem\",\"position\":2,\"name\":\"Events\",\"item\":\"https:\/\/folkart.ee\/en\/events\/\"},{\"@type\":\"ListItem\",\"position\":3,\"name\":\"Competition\"}]},{\"@type\":\"WebSite\",\"@id\":\"https:\/\/folkart.ee\/#website\",\"url\":\"https:\/\/folkart.ee\/\",\"name\":\"Estonian Folk Art and Craft Union\",\"description\":\"\",\"publisher\":{\"@id\":\"https:\/\/folkart.ee\/#organization\"},\"potentialAction\":[{\"@type\":\"SearchAction\",\"target\":{\"@type\":\"EntryPoint\",\"urlTemplate\":\"https:\/\/folkart.ee\/?s={search_term_string}\"},\"query-input\":{\"@type\":\"PropertyValueSpecification\",\"valueRequired\":true,\"valueName\":\"search_term_string\"}}],\"inLanguage\":\"en-US\"},{\"@type\":\"Organization\",\"@id\":\"https:\/\/folkart.ee\/#organization\",\"name\":\"Estonian Folk Art and Craft Union\",\"url\":\"https:\/\/folkart.ee\/\",\"logo\":{\"@type\":\"ImageObject\",\"inLanguage\":\"en-US\",\"@id\":\"https:\/\/folkart.ee\/#\/schema\/logo\/image\/\",\"url\":\"https:\/\/folkart.ee\/wp-content\/uploads\/2016\/06\/eesti-rahvakunsti-ja-k\u00e4sit\u00f6\u00f6-liit.png\",\"contentUrl\":\"https:\/\/folkart.ee\/wp-content\/uploads\/2016\/06\/eesti-rahvakunsti-ja-k\u00e4sit\u00f6\u00f6-liit.png\",\"width\":114,\"height\":114,\"caption\":\"Estonian Folk Art and Craft Union\"},\"image\":{\"@id\":\"https:\/\/folkart.ee\/#\/schema\/logo\/image\/\"}}]}<\/script>\n<!-- \/ Yoast SEO plugin. -->","yoast_head_json":{"title":"Competition - Estonian Folk Art and Craft Union","robots":{"index":"index","follow":"follow","max-snippet":"max-snippet:-1","max-image-preview":"max-image-preview:large","max-video-preview":"max-video-preview:-1"},"canonical":"https:\/\/folkart.ee\/en\/events\/competition\/","og_locale":"en_US","og_type":"article","og_title":"Competition - Estonian Folk Art and Craft Union","og_description":"Every year since 2003 Estonian Folk Art and Craft Union organizes handicraft competitions for handicraft masters, artists and enterprisers. Our aim is to enthuse handicraft people to find new products, art pieces. &nbsp; The theme of the year 2024\u20132025 Estonian national costume:\u00a0Rahvar\u00f5ivas ruudus,\u00a0 rahvas\u00f5ivas.ee &nbsp; Our competitions so far: 2022\u20132023 &#8211; pealekasv, youth year 2021 &hellip; Continued","og_url":"https:\/\/folkart.ee\/en\/events\/competition\/","og_site_name":"Estonian Folk Art and Craft Union","article_modified_time":"2024-02-06T17:52:31+00:00","twitter_card":"summary_large_image","twitter_misc":{"Est. reading time":"1 minute"},"schema":{"@context":"https:\/\/schema.org","@graph":[{"@type":"WebPage","@id":"https:\/\/folkart.ee\/en\/events\/competition\/","url":"https:\/\/folkart.ee\/en\/events\/competition\/","name":"Competition - Estonian Folk Art and Craft Union","isPartOf":{"@id":"https:\/\/folkart.ee\/#website"},"datePublished":"2016-12-19T13:40:54+00:00","dateModified":"2024-02-06T17:52:31+00:00","breadcrumb":{"@id":"https:\/\/folkart.ee\/en\/events\/competition\/#breadcrumb"},"inLanguage":"en-US","potentialAction":[{"@type":"ReadAction","target":["https:\/\/folkart.ee\/en\/events\/competition\/"]}]},{"@type":"BreadcrumbList","@id":"https:\/\/folkart.ee\/en\/events\/competition\/#breadcrumb","itemListElement":[{"@type":"ListItem","position":1,"name":"Home","item":"https:\/\/folkart.ee\/en\/"},{"@type":"ListItem","position":2,"name":"Events","item":"https:\/\/folkart.ee\/en\/events\/"},{"@type":"ListItem","position":3,"name":"Competition"}]},{"@type":"WebSite","@id":"https:\/\/folkart.ee\/#website","url":"https:\/\/folkart.ee\/","name":"Estonian Folk Art and Craft Union","description":"","publisher":{"@id":"https:\/\/folkart.ee\/#organization"},"potentialAction":[{"@type":"SearchAction","target":{"@type":"EntryPoint","urlTemplate":"https:\/\/folkart.ee\/?s={search_term_string}"},"query-input":{"@type":"PropertyValueSpecification","valueRequired":true,"valueName":"search_term_string"}}],"inLanguage":"en-US"},{"@type":"Organization","@id":"https:\/\/folkart.ee\/#organization","name":"Estonian Folk Art and Craft Union","url":"https:\/\/folkart.ee\/","logo":{"@type":"ImageObject","inLanguage":"en-US","@id":"https:\/\/folkart.ee\/#\/schema\/logo\/image\/","url":"https:\/\/folkart.ee\/wp-content\/uploads\/2016\/06\/eesti-rahvakunsti-ja-k\u00e4sit\u00f6\u00f6-liit.png","contentUrl":"https:\/\/folkart.ee\/wp-content\/uploads\/2016\/06\/eesti-rahvakunsti-ja-k\u00e4sit\u00f6\u00f6-liit.png","width":114,"height":114,"caption":"Estonian Folk Art and Craft Union"},"image":{"@id":"https:\/\/folkart.ee\/#\/schema\/logo\/image\/"}}]}},"_links":{"self":[{"href":"https:\/\/folkart.ee\/en\/wp-json\/wp\/v2\/pages\/2500"}],"collection":[{"href":"https:\/\/folkart.ee\/en\/wp-json\/wp\/v2\/pages"}],"about":[{"href":"https:\/\/folkart.ee\/en\/wp-json\/wp\/v2\/types\/page"}],"author":[{"embeddable":true,"href":"https:\/\/folkart.ee\/en\/wp-json\/wp\/v2\/users\/2"}],"replies":[{"embeddable":true,"href":"https:\/\/folkart.ee\/en\/wp-json\/wp\/v2\/comments?post=2500"}],"version-history":[{"count":13,"href":"https:\/\/folkart.ee\/en\/wp-json\/wp\/v2\/pages\/2500\/revisions"}],"predecessor-version":[{"id":21355,"href":"https:\/\/folkart.ee\/en\/wp-json\/wp\/v2\/pages\/2500\/revisions\/21355"}],"up":[{"embeddable":true,"href":"https:\/\/folkart.ee\/en\/wp-json\/wp\/v2\/pages\/2494"}],"wp:attachment":[{"href":"https:\/\/folkart.ee\/en\/wp-json\/wp\/v2\/media?parent=2500"}],"curies":[{"name":"wp","href":"https:\/\/api.w.org\/{rel}","templated":true}]}}