{"id":2506,"date":"2016-12-19T15:43:07","date_gmt":"2016-12-19T13:43:07","guid":{"rendered":"http:\/\/sharks.ee\/erkl\/en\/?page_id=2506"},"modified":"2024-02-06T19:59:53","modified_gmt":"2024-02-06T17:59:53","slug":"handicraft-centers-shops","status":"publish","type":"page","link":"https:\/\/folkart.ee\/en\/enterpsise\/handicraft-centers-shops\/","title":{"rendered":"Handicraft centers-shops"},"content":{"rendered":"<h3><\/h3>\n<h3><\/h3>\n<h2 class=\"shop-title\"><img fetchpriority=\"high\" decoding=\"async\" class=\"alignleft wp-image-9304\" src=\"https:\/\/folkart.ee\/wp-content\/uploads\/2019\/12\/Kaarmanni-K\u00e4sit\u00f6\u00f6-212x300.png\" alt=\"\" width=\"248\" height=\"351\" srcset=\"https:\/\/folkart.ee\/wp-content\/uploads\/2019\/12\/Kaarmanni-K\u00e4sit\u00f6\u00f6-212x300.png 212w, https:\/\/folkart.ee\/wp-content\/uploads\/2019\/12\/Kaarmanni-K\u00e4sit\u00f6\u00f6-600x849.png 600w, https:\/\/folkart.ee\/wp-content\/uploads\/2019\/12\/Kaarmanni-K\u00e4sit\u00f6\u00f6-768x1086.png 768w, https:\/\/folkart.ee\/wp-content\/uploads\/2019\/12\/Kaarmanni-K\u00e4sit\u00f6\u00f6-724x1024.png 724w, https:\/\/folkart.ee\/wp-content\/uploads\/2019\/12\/Kaarmanni-K\u00e4sit\u00f6\u00f6-240x340.png 240w, https:\/\/folkart.ee\/wp-content\/uploads\/2019\/12\/Kaarmanni-K\u00e4sit\u00f6\u00f6.png 1587w\" sizes=\"(max-width: 248px) 100vw, 248px\" \/>KAARMANN Handicraft<\/h2>\n<p>&nbsp;<\/p>\n<p>Vanaturu kael 8, Tallinn<\/p>\n<p>Phone 6448 873<\/p>\n<p>Website: <a href=\"https:\/\/crafts.ee\/\" target=\"_blank\" rel=\"noopener\">crafts.ee<\/a><\/p>\n<p>Sale of traditional handicraft, presentation of regional handicraft shops\/workshops and the label Certified Estonian Artisanal Craft.<\/p>\n<h5><\/h5>\n<h5><\/h5>\n<h5><\/h5>\n<h5><\/h5>\n<h5><\/h5>\n<p>&nbsp;<\/p>\n<p>&nbsp;<\/p>\n<p>&nbsp;<\/p>\n<p>&nbsp;<\/p>\n<p>&nbsp;<\/p>\n<p>&nbsp;<\/p>\n<p>&nbsp;<\/p>\n<p>&nbsp;<\/p>\n<p>&nbsp;<\/p>\n<p>&nbsp;<\/p>\n<p>&nbsp;<\/p>\n<p>&nbsp;<\/p>\n<p>&nbsp;<\/p>\n<h5><\/h5>\n<h5><\/h5>\n<p><img decoding=\"async\" class=\"wp-image-3139 alignleft\" src=\"https:\/\/folkart.ee\/wp-content\/uploads\/2017\/01\/Pikk1-200x300.jpg\" alt=\"Pikk1\" width=\"250\" height=\"375\" srcset=\"https:\/\/folkart.ee\/wp-content\/uploads\/2017\/01\/Pikk1-200x300.jpg 200w, https:\/\/folkart.ee\/wp-content\/uploads\/2017\/01\/Pikk1.jpg 427w\" sizes=\"(max-width: 250px) 100vw, 250px\" \/><\/p>\n<h2 class=\"shop-title\">Estonian Handicraft House<\/h2>\n<p>&nbsp;<\/p>\n<p>Pikk 22, Tallinn<\/p>\n<p>Sale of traditional handicraft. Kango Textiles<\/p>\n<p>Website: <a href=\"https:\/\/crafts.ee\/\" target=\"_blank\" rel=\"noopener\">crafts.ee<\/a><\/p>\n<h4>Folk Art Gallery<\/h4>\n<p>&nbsp;<\/p>\n<p>Folk Art Gallery exhibitions change every 3 weeks<\/p>\n<p>&nbsp;<\/p>\n<p>&nbsp;<\/p>\n<p>&nbsp;<\/p>\n<p>&nbsp;<\/p>\n<p>&nbsp;<\/p>\n<h3 style=\"text-align: left;\"><\/h3>\n<p>&nbsp;<\/p>\n<p>&nbsp;<\/p>\n<p>&nbsp;<\/p>\n<p>&nbsp;<\/p>\n<p>&nbsp;<\/p>\n<p>&nbsp;<\/p>\n<p>&nbsp;<\/p>\n<p>&nbsp;<\/p>\n<p>&nbsp;<\/p>\n<p>&nbsp;<\/p>\n<h3 style=\"text-align: left;\"><\/h3>\n<p>&nbsp;<\/p>\n<h5><\/h5>\n<p>&nbsp;<\/p>\n<p><a href=\"https:\/\/folkart.ee\/wp-content\/uploads\/2019\/08\/TRYKK_uuspaikkonnad.pdf\" target=\"_blank\" rel=\"noopener\"><img decoding=\"async\" class=\"alignleft size-medium wp-image-8506\" src=\"https:\/\/folkart.ee\/wp-content\/uploads\/2019\/08\/TRYKK_uuspaikkonnad-page-001-300x218.jpg\" alt=\"\" width=\"300\" height=\"218\" srcset=\"https:\/\/folkart.ee\/wp-content\/uploads\/2019\/08\/TRYKK_uuspaikkonnad-page-001-300x218.jpg 300w, https:\/\/folkart.ee\/wp-content\/uploads\/2019\/08\/TRYKK_uuspaikkonnad-page-001-600x436.jpg 600w, https:\/\/folkart.ee\/wp-content\/uploads\/2019\/08\/TRYKK_uuspaikkonnad-page-001-768x558.jpg 768w, https:\/\/folkart.ee\/wp-content\/uploads\/2019\/08\/TRYKK_uuspaikkonnad-page-001-1024x744.jpg 1024w, https:\/\/folkart.ee\/wp-content\/uploads\/2019\/08\/TRYKK_uuspaikkonnad-page-001.jpg 1877w\" sizes=\"(max-width: 300px) 100vw, 300px\" \/><\/a><\/p>\n<p style=\"text-align: center;\"><strong><a href=\"https:\/\/folkart.ee\/wp-content\/uploads\/2019\/08\/TRYKK_uuspaikkonnad.pdf\" target=\"_blank\" rel=\"noopener\"><img loading=\"lazy\" decoding=\"async\" class=\"alignleft size-medium wp-image-8508\" src=\"https:\/\/folkart.ee\/wp-content\/uploads\/2019\/08\/TRYKK_uuspaikkonnad-page-002-300x218.jpg\" alt=\"\" width=\"300\" height=\"218\" srcset=\"https:\/\/folkart.ee\/wp-content\/uploads\/2019\/08\/TRYKK_uuspaikkonnad-page-002-300x218.jpg 300w, https:\/\/folkart.ee\/wp-content\/uploads\/2019\/08\/TRYKK_uuspaikkonnad-page-002-600x436.jpg 600w, https:\/\/folkart.ee\/wp-content\/uploads\/2019\/08\/TRYKK_uuspaikkonnad-page-002-768x558.jpg 768w, https:\/\/folkart.ee\/wp-content\/uploads\/2019\/08\/TRYKK_uuspaikkonnad-page-002-1024x744.jpg 1024w, https:\/\/folkart.ee\/wp-content\/uploads\/2019\/08\/TRYKK_uuspaikkonnad-page-002.jpg 1877w\" sizes=\"(max-width: 300px) 100vw, 300px\" \/><\/a>Click on the picture to see the card.<\/strong><\/p>\n","protected":false},"excerpt":{"rendered":"<p>KAARMANN Handicraft &nbsp; Vanaturu kael 8, Tallinn Phone 6448 873 Website: crafts.ee Sale of traditional handicraft, presentation of regional handicraft shops\/workshops and the label Certified Estonian Artisanal Craft. &nbsp; &nbsp; &nbsp; &nbsp; &nbsp; &nbsp; &nbsp; &nbsp; &nbsp; &nbsp; &nbsp; &nbsp; &nbsp; Estonian Handicraft House &nbsp; Pikk 22, Tallinn Sale of traditional handicraft. Kango Textiles Website: &hellip; <a href=\"https:\/\/folkart.ee\/en\/enterpsise\/handicraft-centers-shops\/\">Continued<\/a><\/p>\n","protected":false},"author":2,"featured_media":0,"parent":2502,"menu_order":0,"comment_status":"closed","ping_status":"closed","template":"","meta":{"_acf_changed":false,"footnotes":""},"class_list":["post-2506","page","type-page","status-publish","hentry"],"acf":[],"yoast_head":"<!-- This site is optimized with the Yoast SEO plugin v23.4 - https:\/\/yoast.com\/wordpress\/plugins\/seo\/ -->\n<title>Handicraft centers-shops - Estonian Folk Art and Craft Union<\/title>\n<meta name=\"robots\" content=\"index, follow, max-snippet:-1, max-image-preview:large, max-video-preview:-1\" \/>\n<link rel=\"canonical\" href=\"https:\/\/folkart.ee\/en\/enterpsise\/handicraft-centers-shops\/\" \/>\n<meta property=\"og:locale\" content=\"en_US\" \/>\n<meta property=\"og:type\" content=\"article\" \/>\n<meta property=\"og:title\" content=\"Handicraft centers-shops - Estonian Folk Art and Craft Union\" \/>\n<meta property=\"og:description\" content=\"KAARMANN Handicraft &nbsp; Vanaturu kael 8, Tallinn Phone 6448 873 Website: crafts.ee Sale of traditional handicraft, presentation of regional handicraft shops\/workshops and the label Certified Estonian Artisanal Craft. &nbsp; &nbsp; &nbsp; &nbsp; &nbsp; &nbsp; &nbsp; &nbsp; &nbsp; &nbsp; &nbsp; &nbsp; &nbsp; Estonian Handicraft House &nbsp; Pikk 22, Tallinn Sale of traditional handicraft. Kango Textiles Website: &hellip; Continued\" \/>\n<meta property=\"og:url\" content=\"https:\/\/folkart.ee\/en\/enterpsise\/handicraft-centers-shops\/\" \/>\n<meta property=\"og:site_name\" content=\"Estonian Folk Art and Craft Union\" \/>\n<meta property=\"article:modified_time\" content=\"2024-02-06T17:59:53+00:00\" \/>\n<meta property=\"og:image\" content=\"https:\/\/folkart.ee\/wp-content\/uploads\/2017\/01\/Pikk1-200x300.jpg\" \/>\n<meta name=\"twitter:card\" content=\"summary_large_image\" \/>\n<meta name=\"twitter:label1\" content=\"Est. reading time\" \/>\n\t<meta name=\"twitter:data1\" content=\"2 minutes\" \/>\n<script type=\"application\/ld+json\" class=\"yoast-schema-graph\">{\"@context\":\"https:\/\/schema.org\",\"@graph\":[{\"@type\":\"WebPage\",\"@id\":\"https:\/\/folkart.ee\/en\/enterpsise\/handicraft-centers-shops\/\",\"url\":\"https:\/\/folkart.ee\/en\/enterpsise\/handicraft-centers-shops\/\",\"name\":\"Handicraft centers-shops - Estonian Folk Art and Craft Union\",\"isPartOf\":{\"@id\":\"https:\/\/folkart.ee\/#website\"},\"primaryImageOfPage\":{\"@id\":\"https:\/\/folkart.ee\/en\/enterpsise\/handicraft-centers-shops\/#primaryimage\"},\"image\":{\"@id\":\"https:\/\/folkart.ee\/en\/enterpsise\/handicraft-centers-shops\/#primaryimage\"},\"thumbnailUrl\":\"https:\/\/folkart.ee\/wp-content\/uploads\/2017\/01\/Pikk1-200x300.jpg\",\"datePublished\":\"2016-12-19T13:43:07+00:00\",\"dateModified\":\"2024-02-06T17:59:53+00:00\",\"breadcrumb\":{\"@id\":\"https:\/\/folkart.ee\/en\/enterpsise\/handicraft-centers-shops\/#breadcrumb\"},\"inLanguage\":\"en-US\",\"potentialAction\":[{\"@type\":\"ReadAction\",\"target\":[\"https:\/\/folkart.ee\/en\/enterpsise\/handicraft-centers-shops\/\"]}]},{\"@type\":\"ImageObject\",\"inLanguage\":\"en-US\",\"@id\":\"https:\/\/folkart.ee\/en\/enterpsise\/handicraft-centers-shops\/#primaryimage\",\"url\":\"https:\/\/folkart.ee\/wp-content\/uploads\/2017\/01\/Pikk1-200x300.jpg\",\"contentUrl\":\"https:\/\/folkart.ee\/wp-content\/uploads\/2017\/01\/Pikk1-200x300.jpg\"},{\"@type\":\"BreadcrumbList\",\"@id\":\"https:\/\/folkart.ee\/en\/enterpsise\/handicraft-centers-shops\/#breadcrumb\",\"itemListElement\":[{\"@type\":\"ListItem\",\"position\":1,\"name\":\"Home\",\"item\":\"https:\/\/folkart.ee\/en\/\"},{\"@type\":\"ListItem\",\"position\":2,\"name\":\"Enterpsise\",\"item\":\"https:\/\/folkart.ee\/en\/enterpsise\/\"},{\"@type\":\"ListItem\",\"position\":3,\"name\":\"Handicraft centers-shops\"}]},{\"@type\":\"WebSite\",\"@id\":\"https:\/\/folkart.ee\/#website\",\"url\":\"https:\/\/folkart.ee\/\",\"name\":\"Estonian Folk Art and Craft Union\",\"description\":\"\",\"publisher\":{\"@id\":\"https:\/\/folkart.ee\/#organization\"},\"potentialAction\":[{\"@type\":\"SearchAction\",\"target\":{\"@type\":\"EntryPoint\",\"urlTemplate\":\"https:\/\/folkart.ee\/?s={search_term_string}\"},\"query-input\":{\"@type\":\"PropertyValueSpecification\",\"valueRequired\":true,\"valueName\":\"search_term_string\"}}],\"inLanguage\":\"en-US\"},{\"@type\":\"Organization\",\"@id\":\"https:\/\/folkart.ee\/#organization\",\"name\":\"Estonian Folk Art and Craft Union\",\"url\":\"https:\/\/folkart.ee\/\",\"logo\":{\"@type\":\"ImageObject\",\"inLanguage\":\"en-US\",\"@id\":\"https:\/\/folkart.ee\/#\/schema\/logo\/image\/\",\"url\":\"https:\/\/folkart.ee\/wp-content\/uploads\/2016\/06\/eesti-rahvakunsti-ja-k\u00e4sit\u00f6\u00f6-liit.png\",\"contentUrl\":\"https:\/\/folkart.ee\/wp-content\/uploads\/2016\/06\/eesti-rahvakunsti-ja-k\u00e4sit\u00f6\u00f6-liit.png\",\"width\":114,\"height\":114,\"caption\":\"Estonian Folk Art and Craft Union\"},\"image\":{\"@id\":\"https:\/\/folkart.ee\/#\/schema\/logo\/image\/\"}}]}<\/script>\n<!-- \/ Yoast SEO plugin. -->","yoast_head_json":{"title":"Handicraft centers-shops - Estonian Folk Art and Craft Union","robots":{"index":"index","follow":"follow","max-snippet":"max-snippet:-1","max-image-preview":"max-image-preview:large","max-video-preview":"max-video-preview:-1"},"canonical":"https:\/\/folkart.ee\/en\/enterpsise\/handicraft-centers-shops\/","og_locale":"en_US","og_type":"article","og_title":"Handicraft centers-shops - Estonian Folk Art and Craft Union","og_description":"KAARMANN Handicraft &nbsp; Vanaturu kael 8, Tallinn Phone 6448 873 Website: crafts.ee Sale of traditional handicraft, presentation of regional handicraft shops\/workshops and the label Certified Estonian Artisanal Craft. &nbsp; &nbsp; &nbsp; &nbsp; &nbsp; &nbsp; &nbsp; &nbsp; &nbsp; &nbsp; &nbsp; &nbsp; &nbsp; Estonian Handicraft House &nbsp; Pikk 22, Tallinn Sale of traditional handicraft. Kango Textiles Website: &hellip; Continued","og_url":"https:\/\/folkart.ee\/en\/enterpsise\/handicraft-centers-shops\/","og_site_name":"Estonian Folk Art and Craft Union","article_modified_time":"2024-02-06T17:59:53+00:00","og_image":[{"url":"https:\/\/folkart.ee\/wp-content\/uploads\/2017\/01\/Pikk1-200x300.jpg"}],"twitter_card":"summary_large_image","twitter_misc":{"Est. reading time":"2 minutes"},"schema":{"@context":"https:\/\/schema.org","@graph":[{"@type":"WebPage","@id":"https:\/\/folkart.ee\/en\/enterpsise\/handicraft-centers-shops\/","url":"https:\/\/folkart.ee\/en\/enterpsise\/handicraft-centers-shops\/","name":"Handicraft centers-shops - Estonian Folk Art and Craft Union","isPartOf":{"@id":"https:\/\/folkart.ee\/#website"},"primaryImageOfPage":{"@id":"https:\/\/folkart.ee\/en\/enterpsise\/handicraft-centers-shops\/#primaryimage"},"image":{"@id":"https:\/\/folkart.ee\/en\/enterpsise\/handicraft-centers-shops\/#primaryimage"},"thumbnailUrl":"https:\/\/folkart.ee\/wp-content\/uploads\/2017\/01\/Pikk1-200x300.jpg","datePublished":"2016-12-19T13:43:07+00:00","dateModified":"2024-02-06T17:59:53+00:00","breadcrumb":{"@id":"https:\/\/folkart.ee\/en\/enterpsise\/handicraft-centers-shops\/#breadcrumb"},"inLanguage":"en-US","potentialAction":[{"@type":"ReadAction","target":["https:\/\/folkart.ee\/en\/enterpsise\/handicraft-centers-shops\/"]}]},{"@type":"ImageObject","inLanguage":"en-US","@id":"https:\/\/folkart.ee\/en\/enterpsise\/handicraft-centers-shops\/#primaryimage","url":"https:\/\/folkart.ee\/wp-content\/uploads\/2017\/01\/Pikk1-200x300.jpg","contentUrl":"https:\/\/folkart.ee\/wp-content\/uploads\/2017\/01\/Pikk1-200x300.jpg"},{"@type":"BreadcrumbList","@id":"https:\/\/folkart.ee\/en\/enterpsise\/handicraft-centers-shops\/#breadcrumb","itemListElement":[{"@type":"ListItem","position":1,"name":"Home","item":"https:\/\/folkart.ee\/en\/"},{"@type":"ListItem","position":2,"name":"Enterpsise","item":"https:\/\/folkart.ee\/en\/enterpsise\/"},{"@type":"ListItem","position":3,"name":"Handicraft centers-shops"}]},{"@type":"WebSite","@id":"https:\/\/folkart.ee\/#website","url":"https:\/\/folkart.ee\/","name":"Estonian Folk Art and Craft Union","description":"","publisher":{"@id":"https:\/\/folkart.ee\/#organization"},"potentialAction":[{"@type":"SearchAction","target":{"@type":"EntryPoint","urlTemplate":"https:\/\/folkart.ee\/?s={search_term_string}"},"query-input":{"@type":"PropertyValueSpecification","valueRequired":true,"valueName":"search_term_string"}}],"inLanguage":"en-US"},{"@type":"Organization","@id":"https:\/\/folkart.ee\/#organization","name":"Estonian Folk Art and Craft Union","url":"https:\/\/folkart.ee\/","logo":{"@type":"ImageObject","inLanguage":"en-US","@id":"https:\/\/folkart.ee\/#\/schema\/logo\/image\/","url":"https:\/\/folkart.ee\/wp-content\/uploads\/2016\/06\/eesti-rahvakunsti-ja-k\u00e4sit\u00f6\u00f6-liit.png","contentUrl":"https:\/\/folkart.ee\/wp-content\/uploads\/2016\/06\/eesti-rahvakunsti-ja-k\u00e4sit\u00f6\u00f6-liit.png","width":114,"height":114,"caption":"Estonian Folk Art and Craft Union"},"image":{"@id":"https:\/\/folkart.ee\/#\/schema\/logo\/image\/"}}]}},"_links":{"self":[{"href":"https:\/\/folkart.ee\/en\/wp-json\/wp\/v2\/pages\/2506"}],"collection":[{"href":"https:\/\/folkart.ee\/en\/wp-json\/wp\/v2\/pages"}],"about":[{"href":"https:\/\/folkart.ee\/en\/wp-json\/wp\/v2\/types\/page"}],"author":[{"embeddable":true,"href":"https:\/\/folkart.ee\/en\/wp-json\/wp\/v2\/users\/2"}],"replies":[{"embeddable":true,"href":"https:\/\/folkart.ee\/en\/wp-json\/wp\/v2\/comments?post=2506"}],"version-history":[{"count":52,"href":"https:\/\/folkart.ee\/en\/wp-json\/wp\/v2\/pages\/2506\/revisions"}],"predecessor-version":[{"id":21359,"href":"https:\/\/folkart.ee\/en\/wp-json\/wp\/v2\/pages\/2506\/revisions\/21359"}],"up":[{"embeddable":true,"href":"https:\/\/folkart.ee\/en\/wp-json\/wp\/v2\/pages\/2502"}],"wp:attachment":[{"href":"https:\/\/folkart.ee\/en\/wp-json\/wp\/v2\/media?parent=2506"}],"curies":[{"name":"wp","href":"https:\/\/api.w.org\/{rel}","templated":true}]}}