{"id":2508,"date":"2016-12-19T15:43:42","date_gmt":"2016-12-19T13:43:42","guid":{"rendered":"http:\/\/sharks.ee\/erkl\/en\/?page_id=2508"},"modified":"2016-12-20T12:27:43","modified_gmt":"2016-12-20T10:27:43","slug":"handicraft-map","status":"publish","type":"page","link":"https:\/\/folkart.ee\/en\/enterpsise\/handicraft-map\/","title":{"rendered":"Handicraft map"},"content":{"rendered":"<p>In 2014 Estonian Folk Art and Craft Union published a Handicraft map of Tallinn in Estonian-English-Finnish.<\/p>\n<p>In the map you can find the best handicraft and art shops-centers in our city.<\/p>\n<p>&nbsp;<\/p>\n<p><a href=\"https:\/\/folkart.ee\/wp-content\/uploads\/2016\/12\/tallinn_kasitookaart_2014.pdf\" target=\"_blank\">Tallinn Handicraft Map 2014<\/a><\/p>\n<p>&nbsp;<\/p>\n<p><a href=\"https:\/\/folkart.ee\/wp-content\/uploads\/2016\/12\/tallinn_kasitookaart_2014.pdf\" target=\"_blank\"><img fetchpriority=\"high\" decoding=\"async\" class=\"alignnone size-full wp-image-2550\" src=\"https:\/\/folkart.ee\/wp-content\/uploads\/2016\/12\/kasitookaart-2014.bmp\" alt=\"kasitookaart-2014\" width=\"640\" height=\"309\" srcset=\"https:\/\/folkart.ee\/wp-content\/uploads\/2016\/12\/kasitookaart-2014.bmp 640w, https:\/\/folkart.ee\/wp-content\/uploads\/2016\/12\/kasitookaart-2014-600x290.jpg 600w\" sizes=\"(max-width: 640px) 100vw, 640px\" \/><\/a><\/p>\n<p>&nbsp;<\/p>\n","protected":false},"excerpt":{"rendered":"<p>In 2014 Estonian Folk Art and Craft Union published a Handicraft map of Tallinn in Estonian-English-Finnish. In the map you can find the best handicraft and art shops-centers in our city. &nbsp; Tallinn Handicraft Map 2014 &nbsp; &nbsp;<\/p>\n","protected":false},"author":2,"featured_media":0,"parent":2502,"menu_order":0,"comment_status":"closed","ping_status":"closed","template":"","meta":{"_acf_changed":false,"footnotes":""},"class_list":["post-2508","page","type-page","status-publish","hentry"],"acf":[],"yoast_head":"<!-- This site is optimized with the Yoast SEO plugin v23.4 - https:\/\/yoast.com\/wordpress\/plugins\/seo\/ -->\n<title>Handicraft map - Estonian Folk Art and Craft Union<\/title>\n<meta name=\"robots\" content=\"index, follow, max-snippet:-1, max-image-preview:large, max-video-preview:-1\" \/>\n<link rel=\"canonical\" href=\"https:\/\/folkart.ee\/en\/enterpsise\/handicraft-map\/\" \/>\n<meta property=\"og:locale\" content=\"en_US\" \/>\n<meta property=\"og:type\" content=\"article\" \/>\n<meta property=\"og:title\" content=\"Handicraft map - Estonian Folk Art and Craft Union\" \/>\n<meta property=\"og:description\" content=\"In 2014 Estonian Folk Art and Craft Union published a Handicraft map of Tallinn in Estonian-English-Finnish. In the map you can find the best handicraft and art shops-centers in our city. &nbsp; Tallinn Handicraft Map 2014 &nbsp; &nbsp;\" \/>\n<meta property=\"og:url\" content=\"https:\/\/folkart.ee\/en\/enterpsise\/handicraft-map\/\" \/>\n<meta property=\"og:site_name\" content=\"Estonian Folk Art and Craft Union\" \/>\n<meta property=\"article:modified_time\" content=\"2016-12-20T10:27:43+00:00\" \/>\n<meta property=\"og:image\" content=\"https:\/\/folkart.ee\/wp-content\/uploads\/2016\/12\/kasitookaart-2014.bmp\" \/>\n<meta name=\"twitter:card\" content=\"summary_large_image\" \/>\n<script type=\"application\/ld+json\" class=\"yoast-schema-graph\">{\"@context\":\"https:\/\/schema.org\",\"@graph\":[{\"@type\":\"WebPage\",\"@id\":\"https:\/\/folkart.ee\/en\/enterpsise\/handicraft-map\/\",\"url\":\"https:\/\/folkart.ee\/en\/enterpsise\/handicraft-map\/\",\"name\":\"Handicraft map - Estonian Folk Art and Craft Union\",\"isPartOf\":{\"@id\":\"https:\/\/folkart.ee\/#website\"},\"primaryImageOfPage\":{\"@id\":\"https:\/\/folkart.ee\/en\/enterpsise\/handicraft-map\/#primaryimage\"},\"image\":{\"@id\":\"https:\/\/folkart.ee\/en\/enterpsise\/handicraft-map\/#primaryimage\"},\"thumbnailUrl\":\"https:\/\/folkart.ee\/wp-content\/uploads\/2016\/12\/kasitookaart-2014.bmp\",\"datePublished\":\"2016-12-19T13:43:42+00:00\",\"dateModified\":\"2016-12-20T10:27:43+00:00\",\"breadcrumb\":{\"@id\":\"https:\/\/folkart.ee\/en\/enterpsise\/handicraft-map\/#breadcrumb\"},\"inLanguage\":\"en-US\",\"potentialAction\":[{\"@type\":\"ReadAction\",\"target\":[\"https:\/\/folkart.ee\/en\/enterpsise\/handicraft-map\/\"]}]},{\"@type\":\"ImageObject\",\"inLanguage\":\"en-US\",\"@id\":\"https:\/\/folkart.ee\/en\/enterpsise\/handicraft-map\/#primaryimage\",\"url\":\"https:\/\/folkart.ee\/wp-content\/uploads\/2016\/12\/kasitookaart-2014.bmp\",\"contentUrl\":\"https:\/\/folkart.ee\/wp-content\/uploads\/2016\/12\/kasitookaart-2014.bmp\"},{\"@type\":\"BreadcrumbList\",\"@id\":\"https:\/\/folkart.ee\/en\/enterpsise\/handicraft-map\/#breadcrumb\",\"itemListElement\":[{\"@type\":\"ListItem\",\"position\":1,\"name\":\"Home\",\"item\":\"https:\/\/folkart.ee\/en\/\"},{\"@type\":\"ListItem\",\"position\":2,\"name\":\"Enterpsise\",\"item\":\"https:\/\/folkart.ee\/en\/enterpsise\/\"},{\"@type\":\"ListItem\",\"position\":3,\"name\":\"Handicraft map\"}]},{\"@type\":\"WebSite\",\"@id\":\"https:\/\/folkart.ee\/#website\",\"url\":\"https:\/\/folkart.ee\/\",\"name\":\"Estonian Folk Art and Craft Union\",\"description\":\"\",\"publisher\":{\"@id\":\"https:\/\/folkart.ee\/#organization\"},\"potentialAction\":[{\"@type\":\"SearchAction\",\"target\":{\"@type\":\"EntryPoint\",\"urlTemplate\":\"https:\/\/folkart.ee\/?s={search_term_string}\"},\"query-input\":{\"@type\":\"PropertyValueSpecification\",\"valueRequired\":true,\"valueName\":\"search_term_string\"}}],\"inLanguage\":\"en-US\"},{\"@type\":\"Organization\",\"@id\":\"https:\/\/folkart.ee\/#organization\",\"name\":\"Estonian Folk Art and Craft Union\",\"url\":\"https:\/\/folkart.ee\/\",\"logo\":{\"@type\":\"ImageObject\",\"inLanguage\":\"en-US\",\"@id\":\"https:\/\/folkart.ee\/#\/schema\/logo\/image\/\",\"url\":\"https:\/\/folkart.ee\/wp-content\/uploads\/2016\/06\/eesti-rahvakunsti-ja-k\u00e4sit\u00f6\u00f6-liit.png\",\"contentUrl\":\"https:\/\/folkart.ee\/wp-content\/uploads\/2016\/06\/eesti-rahvakunsti-ja-k\u00e4sit\u00f6\u00f6-liit.png\",\"width\":114,\"height\":114,\"caption\":\"Estonian Folk Art and Craft Union\"},\"image\":{\"@id\":\"https:\/\/folkart.ee\/#\/schema\/logo\/image\/\"}}]}<\/script>\n<!-- \/ Yoast SEO plugin. -->","yoast_head_json":{"title":"Handicraft map - Estonian Folk Art and Craft Union","robots":{"index":"index","follow":"follow","max-snippet":"max-snippet:-1","max-image-preview":"max-image-preview:large","max-video-preview":"max-video-preview:-1"},"canonical":"https:\/\/folkart.ee\/en\/enterpsise\/handicraft-map\/","og_locale":"en_US","og_type":"article","og_title":"Handicraft map - Estonian Folk Art and Craft Union","og_description":"In 2014 Estonian Folk Art and Craft Union published a Handicraft map of Tallinn in Estonian-English-Finnish. In the map you can find the best handicraft and art shops-centers in our city. &nbsp; Tallinn Handicraft Map 2014 &nbsp; &nbsp;","og_url":"https:\/\/folkart.ee\/en\/enterpsise\/handicraft-map\/","og_site_name":"Estonian Folk Art and Craft Union","article_modified_time":"2016-12-20T10:27:43+00:00","og_image":[{"url":"https:\/\/folkart.ee\/wp-content\/uploads\/2016\/12\/kasitookaart-2014.bmp"}],"twitter_card":"summary_large_image","schema":{"@context":"https:\/\/schema.org","@graph":[{"@type":"WebPage","@id":"https:\/\/folkart.ee\/en\/enterpsise\/handicraft-map\/","url":"https:\/\/folkart.ee\/en\/enterpsise\/handicraft-map\/","name":"Handicraft map - Estonian Folk Art and Craft Union","isPartOf":{"@id":"https:\/\/folkart.ee\/#website"},"primaryImageOfPage":{"@id":"https:\/\/folkart.ee\/en\/enterpsise\/handicraft-map\/#primaryimage"},"image":{"@id":"https:\/\/folkart.ee\/en\/enterpsise\/handicraft-map\/#primaryimage"},"thumbnailUrl":"https:\/\/folkart.ee\/wp-content\/uploads\/2016\/12\/kasitookaart-2014.bmp","datePublished":"2016-12-19T13:43:42+00:00","dateModified":"2016-12-20T10:27:43+00:00","breadcrumb":{"@id":"https:\/\/folkart.ee\/en\/enterpsise\/handicraft-map\/#breadcrumb"},"inLanguage":"en-US","potentialAction":[{"@type":"ReadAction","target":["https:\/\/folkart.ee\/en\/enterpsise\/handicraft-map\/"]}]},{"@type":"ImageObject","inLanguage":"en-US","@id":"https:\/\/folkart.ee\/en\/enterpsise\/handicraft-map\/#primaryimage","url":"https:\/\/folkart.ee\/wp-content\/uploads\/2016\/12\/kasitookaart-2014.bmp","contentUrl":"https:\/\/folkart.ee\/wp-content\/uploads\/2016\/12\/kasitookaart-2014.bmp"},{"@type":"BreadcrumbList","@id":"https:\/\/folkart.ee\/en\/enterpsise\/handicraft-map\/#breadcrumb","itemListElement":[{"@type":"ListItem","position":1,"name":"Home","item":"https:\/\/folkart.ee\/en\/"},{"@type":"ListItem","position":2,"name":"Enterpsise","item":"https:\/\/folkart.ee\/en\/enterpsise\/"},{"@type":"ListItem","position":3,"name":"Handicraft map"}]},{"@type":"WebSite","@id":"https:\/\/folkart.ee\/#website","url":"https:\/\/folkart.ee\/","name":"Estonian Folk Art and Craft Union","description":"","publisher":{"@id":"https:\/\/folkart.ee\/#organization"},"potentialAction":[{"@type":"SearchAction","target":{"@type":"EntryPoint","urlTemplate":"https:\/\/folkart.ee\/?s={search_term_string}"},"query-input":{"@type":"PropertyValueSpecification","valueRequired":true,"valueName":"search_term_string"}}],"inLanguage":"en-US"},{"@type":"Organization","@id":"https:\/\/folkart.ee\/#organization","name":"Estonian Folk Art and Craft Union","url":"https:\/\/folkart.ee\/","logo":{"@type":"ImageObject","inLanguage":"en-US","@id":"https:\/\/folkart.ee\/#\/schema\/logo\/image\/","url":"https:\/\/folkart.ee\/wp-content\/uploads\/2016\/06\/eesti-rahvakunsti-ja-k\u00e4sit\u00f6\u00f6-liit.png","contentUrl":"https:\/\/folkart.ee\/wp-content\/uploads\/2016\/06\/eesti-rahvakunsti-ja-k\u00e4sit\u00f6\u00f6-liit.png","width":114,"height":114,"caption":"Estonian Folk Art and Craft Union"},"image":{"@id":"https:\/\/folkart.ee\/#\/schema\/logo\/image\/"}}]}},"_links":{"self":[{"href":"https:\/\/folkart.ee\/en\/wp-json\/wp\/v2\/pages\/2508"}],"collection":[{"href":"https:\/\/folkart.ee\/en\/wp-json\/wp\/v2\/pages"}],"about":[{"href":"https:\/\/folkart.ee\/en\/wp-json\/wp\/v2\/types\/page"}],"author":[{"embeddable":true,"href":"https:\/\/folkart.ee\/en\/wp-json\/wp\/v2\/users\/2"}],"replies":[{"embeddable":true,"href":"https:\/\/folkart.ee\/en\/wp-json\/wp\/v2\/comments?post=2508"}],"version-history":[{"count":3,"href":"https:\/\/folkart.ee\/en\/wp-json\/wp\/v2\/pages\/2508\/revisions"}],"predecessor-version":[{"id":2552,"href":"https:\/\/folkart.ee\/en\/wp-json\/wp\/v2\/pages\/2508\/revisions\/2552"}],"up":[{"embeddable":true,"href":"https:\/\/folkart.ee\/en\/wp-json\/wp\/v2\/pages\/2502"}],"wp:attachment":[{"href":"https:\/\/folkart.ee\/en\/wp-json\/wp\/v2\/media?parent=2508"}],"curies":[{"name":"wp","href":"https:\/\/api.w.org\/{rel}","templated":true}]}}