{"id":2510,"date":"2016-12-19T15:43:58","date_gmt":"2016-12-19T13:43:58","guid":{"rendered":"http:\/\/sharks.ee\/erkl\/en\/?page_id=2510"},"modified":"2016-12-21T11:29:07","modified_gmt":"2016-12-21T09:29:07","slug":"publishing","status":"publish","type":"page","link":"https:\/\/folkart.ee\/en\/publishing\/","title":{"rendered":"Publishing"},"content":{"rendered":"<p>The Estonian Folk Art and Craft Union is issuing in the framework of the <a href=\"https:\/\/folkart.ee\/sundmused\/aasta-teema\/\" target=\"_blank\">Theme of the year<\/a>\u00a0a professional book that is compiled by the craftsmen or experts of the given topic.<\/p>\n<p>There is also a competition held in the framework of the Annual Topics. The winning work of the competition is presented in addition to the exhibition, also in catalogues.<\/p>\n<p>&nbsp;<\/p>\n<p>The theme of the year\u00a0books and catalogues are listed <a href=\"https:\/\/folkart.ee\/kirjastamine\/raamatud\/\" target=\"_blank\">here<\/a>.<\/p>\n<p>&nbsp;<\/p>\n<p>EFACU news and activities are also covered in our newspaper <a href=\"https:\/\/folkart.ee\/kirjastamine\/teataja\/\" target=\"_blank\">Teataja<\/a>.<\/p>\n<p>&nbsp;<\/p>\n","protected":false},"excerpt":{"rendered":"<p>The Estonian Folk Art and Craft Union is issuing in the framework of the Theme of the year\u00a0a professional book that is compiled by the craftsmen or experts of the given topic. There is also a competition held in the framework of the Annual Topics. The winning work of the competition is presented in addition &hellip; <a href=\"https:\/\/folkart.ee\/en\/publishing\/\">Continued<\/a><\/p>\n","protected":false},"author":2,"featured_media":0,"parent":0,"menu_order":0,"comment_status":"closed","ping_status":"closed","template":"","meta":{"_acf_changed":false,"footnotes":""},"class_list":["post-2510","page","type-page","status-publish","hentry"],"acf":[],"yoast_head":"<!-- This site is optimized with the Yoast SEO plugin v23.4 - https:\/\/yoast.com\/wordpress\/plugins\/seo\/ -->\n<title>Publishing - Estonian Folk Art and Craft Union<\/title>\n<meta name=\"robots\" content=\"index, follow, max-snippet:-1, max-image-preview:large, max-video-preview:-1\" \/>\n<link rel=\"canonical\" href=\"https:\/\/folkart.ee\/en\/publishing\/\" \/>\n<meta property=\"og:locale\" content=\"en_US\" \/>\n<meta property=\"og:type\" content=\"article\" \/>\n<meta property=\"og:title\" content=\"Publishing - Estonian Folk Art and Craft Union\" \/>\n<meta property=\"og:description\" content=\"The Estonian Folk Art and Craft Union is issuing in the framework of the Theme of the year\u00a0a professional book that is compiled by the craftsmen or experts of the given topic. There is also a competition held in the framework of the Annual Topics. The winning work of the competition is presented in addition &hellip; Continued\" \/>\n<meta property=\"og:url\" content=\"https:\/\/folkart.ee\/en\/publishing\/\" \/>\n<meta property=\"og:site_name\" content=\"Estonian Folk Art and Craft Union\" \/>\n<meta property=\"article:modified_time\" content=\"2016-12-21T09:29:07+00:00\" \/>\n<meta name=\"twitter:card\" content=\"summary_large_image\" \/>\n<script type=\"application\/ld+json\" class=\"yoast-schema-graph\">{\"@context\":\"https:\/\/schema.org\",\"@graph\":[{\"@type\":\"WebPage\",\"@id\":\"https:\/\/folkart.ee\/en\/publishing\/\",\"url\":\"https:\/\/folkart.ee\/en\/publishing\/\",\"name\":\"Publishing - Estonian Folk Art and Craft Union\",\"isPartOf\":{\"@id\":\"https:\/\/folkart.ee\/#website\"},\"datePublished\":\"2016-12-19T13:43:58+00:00\",\"dateModified\":\"2016-12-21T09:29:07+00:00\",\"breadcrumb\":{\"@id\":\"https:\/\/folkart.ee\/en\/publishing\/#breadcrumb\"},\"inLanguage\":\"en-US\",\"potentialAction\":[{\"@type\":\"ReadAction\",\"target\":[\"https:\/\/folkart.ee\/en\/publishing\/\"]}]},{\"@type\":\"BreadcrumbList\",\"@id\":\"https:\/\/folkart.ee\/en\/publishing\/#breadcrumb\",\"itemListElement\":[{\"@type\":\"ListItem\",\"position\":1,\"name\":\"Home\",\"item\":\"https:\/\/folkart.ee\/en\/\"},{\"@type\":\"ListItem\",\"position\":2,\"name\":\"Publishing\"}]},{\"@type\":\"WebSite\",\"@id\":\"https:\/\/folkart.ee\/#website\",\"url\":\"https:\/\/folkart.ee\/\",\"name\":\"Estonian Folk Art and Craft Union\",\"description\":\"\",\"publisher\":{\"@id\":\"https:\/\/folkart.ee\/#organization\"},\"potentialAction\":[{\"@type\":\"SearchAction\",\"target\":{\"@type\":\"EntryPoint\",\"urlTemplate\":\"https:\/\/folkart.ee\/?s={search_term_string}\"},\"query-input\":{\"@type\":\"PropertyValueSpecification\",\"valueRequired\":true,\"valueName\":\"search_term_string\"}}],\"inLanguage\":\"en-US\"},{\"@type\":\"Organization\",\"@id\":\"https:\/\/folkart.ee\/#organization\",\"name\":\"Estonian Folk Art and Craft Union\",\"url\":\"https:\/\/folkart.ee\/\",\"logo\":{\"@type\":\"ImageObject\",\"inLanguage\":\"en-US\",\"@id\":\"https:\/\/folkart.ee\/#\/schema\/logo\/image\/\",\"url\":\"https:\/\/folkart.ee\/wp-content\/uploads\/2016\/06\/eesti-rahvakunsti-ja-k\u00e4sit\u00f6\u00f6-liit.png\",\"contentUrl\":\"https:\/\/folkart.ee\/wp-content\/uploads\/2016\/06\/eesti-rahvakunsti-ja-k\u00e4sit\u00f6\u00f6-liit.png\",\"width\":114,\"height\":114,\"caption\":\"Estonian Folk Art and Craft Union\"},\"image\":{\"@id\":\"https:\/\/folkart.ee\/#\/schema\/logo\/image\/\"}}]}<\/script>\n<!-- \/ Yoast SEO plugin. -->","yoast_head_json":{"title":"Publishing - Estonian Folk Art and Craft Union","robots":{"index":"index","follow":"follow","max-snippet":"max-snippet:-1","max-image-preview":"max-image-preview:large","max-video-preview":"max-video-preview:-1"},"canonical":"https:\/\/folkart.ee\/en\/publishing\/","og_locale":"en_US","og_type":"article","og_title":"Publishing - Estonian Folk Art and Craft Union","og_description":"The Estonian Folk Art and Craft Union is issuing in the framework of the Theme of the year\u00a0a professional book that is compiled by the craftsmen or experts of the given topic. There is also a competition held in the framework of the Annual Topics. The winning work of the competition is presented in addition &hellip; Continued","og_url":"https:\/\/folkart.ee\/en\/publishing\/","og_site_name":"Estonian Folk Art and Craft Union","article_modified_time":"2016-12-21T09:29:07+00:00","twitter_card":"summary_large_image","schema":{"@context":"https:\/\/schema.org","@graph":[{"@type":"WebPage","@id":"https:\/\/folkart.ee\/en\/publishing\/","url":"https:\/\/folkart.ee\/en\/publishing\/","name":"Publishing - Estonian Folk Art and Craft Union","isPartOf":{"@id":"https:\/\/folkart.ee\/#website"},"datePublished":"2016-12-19T13:43:58+00:00","dateModified":"2016-12-21T09:29:07+00:00","breadcrumb":{"@id":"https:\/\/folkart.ee\/en\/publishing\/#breadcrumb"},"inLanguage":"en-US","potentialAction":[{"@type":"ReadAction","target":["https:\/\/folkart.ee\/en\/publishing\/"]}]},{"@type":"BreadcrumbList","@id":"https:\/\/folkart.ee\/en\/publishing\/#breadcrumb","itemListElement":[{"@type":"ListItem","position":1,"name":"Home","item":"https:\/\/folkart.ee\/en\/"},{"@type":"ListItem","position":2,"name":"Publishing"}]},{"@type":"WebSite","@id":"https:\/\/folkart.ee\/#website","url":"https:\/\/folkart.ee\/","name":"Estonian Folk Art and Craft Union","description":"","publisher":{"@id":"https:\/\/folkart.ee\/#organization"},"potentialAction":[{"@type":"SearchAction","target":{"@type":"EntryPoint","urlTemplate":"https:\/\/folkart.ee\/?s={search_term_string}"},"query-input":{"@type":"PropertyValueSpecification","valueRequired":true,"valueName":"search_term_string"}}],"inLanguage":"en-US"},{"@type":"Organization","@id":"https:\/\/folkart.ee\/#organization","name":"Estonian Folk Art and Craft Union","url":"https:\/\/folkart.ee\/","logo":{"@type":"ImageObject","inLanguage":"en-US","@id":"https:\/\/folkart.ee\/#\/schema\/logo\/image\/","url":"https:\/\/folkart.ee\/wp-content\/uploads\/2016\/06\/eesti-rahvakunsti-ja-k\u00e4sit\u00f6\u00f6-liit.png","contentUrl":"https:\/\/folkart.ee\/wp-content\/uploads\/2016\/06\/eesti-rahvakunsti-ja-k\u00e4sit\u00f6\u00f6-liit.png","width":114,"height":114,"caption":"Estonian Folk Art and Craft Union"},"image":{"@id":"https:\/\/folkart.ee\/#\/schema\/logo\/image\/"}}]}},"_links":{"self":[{"href":"https:\/\/folkart.ee\/en\/wp-json\/wp\/v2\/pages\/2510"}],"collection":[{"href":"https:\/\/folkart.ee\/en\/wp-json\/wp\/v2\/pages"}],"about":[{"href":"https:\/\/folkart.ee\/en\/wp-json\/wp\/v2\/types\/page"}],"author":[{"embeddable":true,"href":"https:\/\/folkart.ee\/en\/wp-json\/wp\/v2\/users\/2"}],"replies":[{"embeddable":true,"href":"https:\/\/folkart.ee\/en\/wp-json\/wp\/v2\/comments?post=2510"}],"version-history":[{"count":4,"href":"https:\/\/folkart.ee\/en\/wp-json\/wp\/v2\/pages\/2510\/revisions"}],"predecessor-version":[{"id":2577,"href":"https:\/\/folkart.ee\/en\/wp-json\/wp\/v2\/pages\/2510\/revisions\/2577"}],"wp:attachment":[{"href":"https:\/\/folkart.ee\/en\/wp-json\/wp\/v2\/media?parent=2510"}],"curies":[{"name":"wp","href":"https:\/\/api.w.org\/{rel}","templated":true}]}}