{"id":2765,"date":"2016-06-01T13:16:27","date_gmt":"2016-06-01T13:16:27","guid":{"rendered":"http:\/\/sharks.ee\/erkl\/en\/kontakt\/"},"modified":"2023-09-06T11:03:00","modified_gmt":"2023-09-06T08:03:00","slug":"contact","status":"publish","type":"page","link":"https:\/\/folkart.ee\/en\/contact\/","title":{"rendered":"Contact"},"content":{"rendered":"<p>&nbsp;<\/p>\n<p><strong> Estonian Folk Art and Craft Union<\/strong><\/p>\n<p><strong>Eesti Rahvakunsti ja K\u00e4sit\u00f6\u00f6 Liit<\/strong><br \/>\nAddress: Pikk 22, 10133 Tallinn<br \/>\nTel: +372 6604772, +372 5187812<br \/>\nE-mail: info@folkart.ee<br \/>\nSwedbank EE12 2200 0011 2004 5106<\/p>\n<p>&nbsp;<\/p>\n<p>&nbsp;<\/p>\n<h2>Contact us<\/h2>\n<p>&nbsp;<\/p>\n\n<div class=\"wpcf7 no-js\" id=\"wpcf7-f2783-o1\" lang=\"et\" dir=\"ltr\">\n<div class=\"screen-reader-response\"><p role=\"status\" aria-live=\"polite\" aria-atomic=\"true\"><\/p> <ul><\/ul><\/div>\n<form action=\"\/en\/wp-json\/wp\/v2\/pages\/2765#wpcf7-f2783-o1\" method=\"post\" class=\"wpcf7-form init\" aria-label=\"Contact form\" novalidate=\"novalidate\" data-status=\"init\">\n<div style=\"display: none;\">\n<input type=\"hidden\" name=\"_wpcf7\" value=\"2783\" \/>\n<input type=\"hidden\" name=\"_wpcf7_version\" value=\"5.9.8\" \/>\n<input type=\"hidden\" name=\"_wpcf7_locale\" value=\"et\" \/>\n<input type=\"hidden\" name=\"_wpcf7_unit_tag\" value=\"wpcf7-f2783-o1\" \/>\n<input type=\"hidden\" name=\"_wpcf7_container_post\" value=\"0\" \/>\n<input type=\"hidden\" name=\"_wpcf7_posted_data_hash\" value=\"\" \/>\n<\/div>\n<div class=\"row\">\n\t<div class=\"col-form\">\n\t\t<div class=\"\">\n\t\t\t<p><span class=\"wpcf7-form-control-wrap\" data-name=\"your-firstname\"><input size=\"40\" maxlength=\"400\" class=\"wpcf7-form-control wpcf7-text wpcf7-validates-as-required\" aria-required=\"true\" aria-invalid=\"false\" placeholder=\"Firstname\" value=\"\" type=\"text\" name=\"your-firstname\" \/><\/span>\n\t\t\t<\/p>\n\t\t<\/div>\n\t\t<div class=\"\">\n\t\t\t<p><span class=\"wpcf7-form-control-wrap\" data-name=\"your-lastname\"><input size=\"40\" maxlength=\"400\" class=\"wpcf7-form-control wpcf7-text wpcf7-validates-as-required\" aria-required=\"true\" aria-invalid=\"false\" placeholder=\"Lastname\" value=\"\" type=\"text\" name=\"your-lastname\" \/><\/span>\n\t\t\t<\/p>\n\t\t<\/div>\n\t<\/div>\n\t<div class=\"col-form\">\n\t\t<div class=\"\">\n\t\t\t<p><span class=\"wpcf7-form-control-wrap\" data-name=\"your-email\"><input size=\"40\" maxlength=\"400\" class=\"wpcf7-form-control wpcf7-email wpcf7-validates-as-required wpcf7-text wpcf7-validates-as-email\" aria-required=\"true\" aria-invalid=\"false\" placeholder=\"Email\" value=\"\" type=\"email\" name=\"your-email\" \/><\/span>\n\t\t\t<\/p>\n\t\t<\/div>\n\t\t<div class=\"\">\n\t\t\t<p><span class=\"wpcf7-form-control-wrap\" data-name=\"your-tel\"><input size=\"40\" maxlength=\"400\" class=\"wpcf7-form-control wpcf7-tel wpcf7-validates-as-required wpcf7-text wpcf7-validates-as-tel\" aria-required=\"true\" aria-invalid=\"false\" placeholder=\"Phone\" value=\"\" type=\"tel\" name=\"your-tel\" \/><\/span>\n\t\t\t<\/p>\n\t\t<\/div>\n\t<\/div>\n\t<div class=\"col-form\">\n\t\t<p><span class=\"wpcf7-form-control-wrap\" data-name=\"your-message\"><textarea cols=\"40\" rows=\"10\" maxlength=\"2000\" class=\"wpcf7-form-control wpcf7-textarea wpcf7-validates-as-required\" aria-required=\"true\" aria-invalid=\"false\" placeholder=\"Message\" name=\"your-message\"><\/textarea><\/span><br \/>\n<input class=\"wpcf7-form-control wpcf7-submit has-spinner\" type=\"submit\" value=\"Send\" \/>\n\t\t<\/p>\n\t<\/div>\n<\/div><div class=\"wpcf7-response-output\" aria-hidden=\"true\"><\/div>\n<\/form>\n<\/div>\n\n<p>&nbsp;<\/p>\n<h2>Our people<\/h2>\n<p>&nbsp;<\/p>\n<p>&nbsp;<\/p>\n","protected":false},"excerpt":{"rendered":"<p>&nbsp; Estonian Folk Art and Craft Union Eesti Rahvakunsti ja K\u00e4sit\u00f6\u00f6 Liit Address: Pikk 22, 10133 Tallinn Tel: +372 6604772, +372 5187812 E-mail: info@folkart.ee Swedbank EE12 2200 0011 2004 5106 &nbsp; &nbsp; Contact us &nbsp; &nbsp; Our people &nbsp; &nbsp;<\/p>\n","protected":false},"author":1,"featured_media":0,"parent":0,"menu_order":0,"comment_status":"closed","ping_status":"closed","template":"","meta":{"_acf_changed":false,"footnotes":""},"class_list":["post-2765","page","type-page","status-publish","hentry"],"acf":[],"yoast_head":"<!-- This site is optimized with the Yoast SEO plugin v23.4 - https:\/\/yoast.com\/wordpress\/plugins\/seo\/ -->\n<title>Contact - Estonian Folk Art and Craft Union<\/title>\n<meta name=\"robots\" content=\"index, follow, max-snippet:-1, max-image-preview:large, max-video-preview:-1\" \/>\n<link rel=\"canonical\" href=\"https:\/\/folkart.ee\/en\/contact\/\" \/>\n<meta property=\"og:locale\" content=\"en_US\" \/>\n<meta property=\"og:type\" content=\"article\" \/>\n<meta property=\"og:title\" content=\"Contact - Estonian Folk Art and Craft Union\" \/>\n<meta property=\"og:description\" content=\"&nbsp; Estonian Folk Art and Craft Union Eesti Rahvakunsti ja K\u00e4sit\u00f6\u00f6 Liit Address: Pikk 22, 10133 Tallinn Tel: +372 6604772, +372 5187812 E-mail: info@folkart.ee Swedbank EE12 2200 0011 2004 5106 &nbsp; &nbsp; Contact us &nbsp; &nbsp; Our people &nbsp; &nbsp;\" \/>\n<meta property=\"og:url\" content=\"https:\/\/folkart.ee\/en\/contact\/\" \/>\n<meta property=\"og:site_name\" content=\"Estonian Folk Art and Craft Union\" \/>\n<meta property=\"article:modified_time\" content=\"2023-09-06T08:03:00+00:00\" \/>\n<meta name=\"twitter:card\" content=\"summary_large_image\" \/>\n<script type=\"application\/ld+json\" class=\"yoast-schema-graph\">{\"@context\":\"https:\/\/schema.org\",\"@graph\":[{\"@type\":\"WebPage\",\"@id\":\"https:\/\/folkart.ee\/en\/contact\/\",\"url\":\"https:\/\/folkart.ee\/en\/contact\/\",\"name\":\"Contact - Estonian Folk Art and Craft Union\",\"isPartOf\":{\"@id\":\"https:\/\/folkart.ee\/#website\"},\"datePublished\":\"2016-06-01T13:16:27+00:00\",\"dateModified\":\"2023-09-06T08:03:00+00:00\",\"breadcrumb\":{\"@id\":\"https:\/\/folkart.ee\/en\/contact\/#breadcrumb\"},\"inLanguage\":\"en-US\",\"potentialAction\":[{\"@type\":\"ReadAction\",\"target\":[\"https:\/\/folkart.ee\/en\/contact\/\"]}]},{\"@type\":\"BreadcrumbList\",\"@id\":\"https:\/\/folkart.ee\/en\/contact\/#breadcrumb\",\"itemListElement\":[{\"@type\":\"ListItem\",\"position\":1,\"name\":\"Home\",\"item\":\"https:\/\/folkart.ee\/en\/\"},{\"@type\":\"ListItem\",\"position\":2,\"name\":\"Contact\"}]},{\"@type\":\"WebSite\",\"@id\":\"https:\/\/folkart.ee\/#website\",\"url\":\"https:\/\/folkart.ee\/\",\"name\":\"Estonian Folk Art and Craft Union\",\"description\":\"\",\"publisher\":{\"@id\":\"https:\/\/folkart.ee\/#organization\"},\"potentialAction\":[{\"@type\":\"SearchAction\",\"target\":{\"@type\":\"EntryPoint\",\"urlTemplate\":\"https:\/\/folkart.ee\/?s={search_term_string}\"},\"query-input\":{\"@type\":\"PropertyValueSpecification\",\"valueRequired\":true,\"valueName\":\"search_term_string\"}}],\"inLanguage\":\"en-US\"},{\"@type\":\"Organization\",\"@id\":\"https:\/\/folkart.ee\/#organization\",\"name\":\"Estonian Folk Art and Craft Union\",\"url\":\"https:\/\/folkart.ee\/\",\"logo\":{\"@type\":\"ImageObject\",\"inLanguage\":\"en-US\",\"@id\":\"https:\/\/folkart.ee\/#\/schema\/logo\/image\/\",\"url\":\"https:\/\/folkart.ee\/wp-content\/uploads\/2016\/06\/eesti-rahvakunsti-ja-k\u00e4sit\u00f6\u00f6-liit.png\",\"contentUrl\":\"https:\/\/folkart.ee\/wp-content\/uploads\/2016\/06\/eesti-rahvakunsti-ja-k\u00e4sit\u00f6\u00f6-liit.png\",\"width\":114,\"height\":114,\"caption\":\"Estonian Folk Art and Craft Union\"},\"image\":{\"@id\":\"https:\/\/folkart.ee\/#\/schema\/logo\/image\/\"}}]}<\/script>\n<!-- \/ Yoast SEO plugin. -->","yoast_head_json":{"title":"Contact - Estonian Folk Art and Craft Union","robots":{"index":"index","follow":"follow","max-snippet":"max-snippet:-1","max-image-preview":"max-image-preview:large","max-video-preview":"max-video-preview:-1"},"canonical":"https:\/\/folkart.ee\/en\/contact\/","og_locale":"en_US","og_type":"article","og_title":"Contact - Estonian Folk Art and Craft Union","og_description":"&nbsp; Estonian Folk Art and Craft Union Eesti Rahvakunsti ja K\u00e4sit\u00f6\u00f6 Liit Address: Pikk 22, 10133 Tallinn Tel: +372 6604772, +372 5187812 E-mail: info@folkart.ee Swedbank EE12 2200 0011 2004 5106 &nbsp; &nbsp; Contact us &nbsp; &nbsp; Our people &nbsp; &nbsp;","og_url":"https:\/\/folkart.ee\/en\/contact\/","og_site_name":"Estonian Folk Art and Craft Union","article_modified_time":"2023-09-06T08:03:00+00:00","twitter_card":"summary_large_image","schema":{"@context":"https:\/\/schema.org","@graph":[{"@type":"WebPage","@id":"https:\/\/folkart.ee\/en\/contact\/","url":"https:\/\/folkart.ee\/en\/contact\/","name":"Contact - Estonian Folk Art and Craft Union","isPartOf":{"@id":"https:\/\/folkart.ee\/#website"},"datePublished":"2016-06-01T13:16:27+00:00","dateModified":"2023-09-06T08:03:00+00:00","breadcrumb":{"@id":"https:\/\/folkart.ee\/en\/contact\/#breadcrumb"},"inLanguage":"en-US","potentialAction":[{"@type":"ReadAction","target":["https:\/\/folkart.ee\/en\/contact\/"]}]},{"@type":"BreadcrumbList","@id":"https:\/\/folkart.ee\/en\/contact\/#breadcrumb","itemListElement":[{"@type":"ListItem","position":1,"name":"Home","item":"https:\/\/folkart.ee\/en\/"},{"@type":"ListItem","position":2,"name":"Contact"}]},{"@type":"WebSite","@id":"https:\/\/folkart.ee\/#website","url":"https:\/\/folkart.ee\/","name":"Estonian Folk Art and Craft Union","description":"","publisher":{"@id":"https:\/\/folkart.ee\/#organization"},"potentialAction":[{"@type":"SearchAction","target":{"@type":"EntryPoint","urlTemplate":"https:\/\/folkart.ee\/?s={search_term_string}"},"query-input":{"@type":"PropertyValueSpecification","valueRequired":true,"valueName":"search_term_string"}}],"inLanguage":"en-US"},{"@type":"Organization","@id":"https:\/\/folkart.ee\/#organization","name":"Estonian Folk Art and Craft Union","url":"https:\/\/folkart.ee\/","logo":{"@type":"ImageObject","inLanguage":"en-US","@id":"https:\/\/folkart.ee\/#\/schema\/logo\/image\/","url":"https:\/\/folkart.ee\/wp-content\/uploads\/2016\/06\/eesti-rahvakunsti-ja-k\u00e4sit\u00f6\u00f6-liit.png","contentUrl":"https:\/\/folkart.ee\/wp-content\/uploads\/2016\/06\/eesti-rahvakunsti-ja-k\u00e4sit\u00f6\u00f6-liit.png","width":114,"height":114,"caption":"Estonian Folk Art and Craft Union"},"image":{"@id":"https:\/\/folkart.ee\/#\/schema\/logo\/image\/"}}]}},"_links":{"self":[{"href":"https:\/\/folkart.ee\/en\/wp-json\/wp\/v2\/pages\/2765"}],"collection":[{"href":"https:\/\/folkart.ee\/en\/wp-json\/wp\/v2\/pages"}],"about":[{"href":"https:\/\/folkart.ee\/en\/wp-json\/wp\/v2\/types\/page"}],"author":[{"embeddable":true,"href":"https:\/\/folkart.ee\/en\/wp-json\/wp\/v2\/users\/1"}],"replies":[{"embeddable":true,"href":"https:\/\/folkart.ee\/en\/wp-json\/wp\/v2\/comments?post=2765"}],"version-history":[{"count":12,"href":"https:\/\/folkart.ee\/en\/wp-json\/wp\/v2\/pages\/2765\/revisions"}],"predecessor-version":[{"id":20330,"href":"https:\/\/folkart.ee\/en\/wp-json\/wp\/v2\/pages\/2765\/revisions\/20330"}],"wp:attachment":[{"href":"https:\/\/folkart.ee\/en\/wp-json\/wp\/v2\/media?parent=2765"}],"curies":[{"name":"wp","href":"https:\/\/api.w.org\/{rel}","templated":true}]}}