{"id":2818,"date":"2017-01-04T15:08:34","date_gmt":"2017-01-04T13:08:34","guid":{"rendered":"http:\/\/sharks.ee\/erkl\/en\/?page_id=2818"},"modified":"2021-12-23T00:18:50","modified_gmt":"2021-12-22T22:18:50","slug":"home","status":"publish","type":"page","link":"https:\/\/folkart.ee\/en\/","title":{"rendered":"About us"},"content":{"rendered":"<p><strong>Estonian Folk Art and Craft Union<\/strong><\/p>\n<p>&nbsp;<\/p>\n<p>Established 1929 (abolished during the Soviet occupation)<br \/>\nRe-established 1992<\/p>\n<p>&nbsp;<\/p>\n<p>Estonian Folk Art and Craft Union is a non-profit organisation that brings together regional folk art and craft organisations as well as individual craftsmen and craftswomen.<\/p>\n<p>&nbsp;<\/p>\n<p>&nbsp;<\/p>\n<p>The aim of the Union is to value, preserve and develop the traditions of Estonian handicraft and to treasure the regional characteristics of these traditions. The Union works to preserve folk craft as a cultural phenomenon as well as a source of subsistence.<\/p>\n<p>&nbsp;<\/p>\n<p>&nbsp;<\/p>\n<p>In order to reach these objectives the Estonian Folk Art and Craft Union:<\/p>\n<p>&nbsp;<\/p>\n<p>represents and unites individuals and organisations connected to handicraft in Estonia and in the rest of the world;<br \/>\norganises handicraft fairs and workshops, including Estonia\u2019s largest traditional handicraft event, the St. Martin\u2019s Day Fair in November and the Medieval Market in July;<br \/>\norganises courses for the regional coordinators, small handicraft entrepreneurs and others;<br \/>\norganises handicraft competitions and exhibitions;<br \/>\npublishes a newsletter twice a year and various other information materials and books on handicraft traditions;<br \/>\nvarious other activities.<\/p>\n<p>&nbsp;<\/p>\n","protected":false},"excerpt":{"rendered":"<p>Estonian Folk Art and Craft Union &nbsp; Established 1929 (abolished during the Soviet occupation) Re-established 1992 &nbsp; Estonian Folk Art and Craft Union is a non-profit organisation that brings together regional folk art and craft organisations as well as individual craftsmen and craftswomen. &nbsp; &nbsp; The aim of the Union is to value, preserve and &hellip; <a href=\"https:\/\/folkart.ee\/en\/\">Continued<\/a><\/p>\n","protected":false},"author":1,"featured_media":0,"parent":4968,"menu_order":1,"comment_status":"closed","ping_status":"closed","template":"","meta":{"_acf_changed":false,"footnotes":""},"class_list":["post-2818","page","type-page","status-publish","hentry"],"acf":[],"yoast_head":"<!-- This site is optimized with the Yoast SEO plugin v23.4 - https:\/\/yoast.com\/wordpress\/plugins\/seo\/ -->\n<title>About us - Estonian Folk Art and Craft Union<\/title>\n<meta name=\"robots\" content=\"index, follow, max-snippet:-1, max-image-preview:large, max-video-preview:-1\" \/>\n<link rel=\"canonical\" href=\"https:\/\/folkart.ee\/en\/\" \/>\n<meta property=\"og:locale\" content=\"en_US\" \/>\n<meta property=\"og:type\" content=\"article\" \/>\n<meta property=\"og:title\" content=\"About us - Estonian Folk Art and Craft Union\" \/>\n<meta property=\"og:description\" content=\"Estonian Folk Art and Craft Union &nbsp; Established 1929 (abolished during the Soviet occupation) Re-established 1992 &nbsp; Estonian Folk Art and Craft Union is a non-profit organisation that brings together regional folk art and craft organisations as well as individual craftsmen and craftswomen. &nbsp; &nbsp; The aim of the Union is to value, preserve and &hellip; Continued\" \/>\n<meta property=\"og:url\" content=\"https:\/\/folkart.ee\/en\/\" \/>\n<meta property=\"og:site_name\" content=\"Estonian Folk Art and Craft Union\" \/>\n<meta property=\"article:modified_time\" content=\"2021-12-22T22:18:50+00:00\" \/>\n<meta name=\"twitter:card\" content=\"summary_large_image\" \/>\n<meta name=\"twitter:label1\" content=\"Est. reading time\" \/>\n\t<meta name=\"twitter:data1\" content=\"1 minute\" \/>\n<script type=\"application\/ld+json\" class=\"yoast-schema-graph\">{\"@context\":\"https:\/\/schema.org\",\"@graph\":[{\"@type\":\"WebPage\",\"@id\":\"https:\/\/folkart.ee\/en\/\",\"url\":\"https:\/\/folkart.ee\/en\/\",\"name\":\"About us - Estonian Folk Art and Craft Union\",\"isPartOf\":{\"@id\":\"https:\/\/folkart.ee\/#website\"},\"datePublished\":\"2017-01-04T13:08:34+00:00\",\"dateModified\":\"2021-12-22T22:18:50+00:00\",\"breadcrumb\":{\"@id\":\"https:\/\/folkart.ee\/en\/#breadcrumb\"},\"inLanguage\":\"en-US\",\"potentialAction\":[{\"@type\":\"ReadAction\",\"target\":[\"https:\/\/folkart.ee\/en\/\"]}]},{\"@type\":\"BreadcrumbList\",\"@id\":\"https:\/\/folkart.ee\/en\/#breadcrumb\",\"itemListElement\":[{\"@type\":\"ListItem\",\"position\":1,\"name\":\"Home\",\"item\":\"https:\/\/folkart.ee\/en\/\"},{\"@type\":\"ListItem\",\"position\":2,\"name\":\"Theme of the year\",\"item\":\"https:\/\/folkart.ee\/en\/theme-of-the-year\/\"},{\"@type\":\"ListItem\",\"position\":3,\"name\":\"About us\"}]},{\"@type\":\"WebSite\",\"@id\":\"https:\/\/folkart.ee\/#website\",\"url\":\"https:\/\/folkart.ee\/\",\"name\":\"Estonian Folk Art and Craft Union\",\"description\":\"\",\"publisher\":{\"@id\":\"https:\/\/folkart.ee\/#organization\"},\"potentialAction\":[{\"@type\":\"SearchAction\",\"target\":{\"@type\":\"EntryPoint\",\"urlTemplate\":\"https:\/\/folkart.ee\/?s={search_term_string}\"},\"query-input\":{\"@type\":\"PropertyValueSpecification\",\"valueRequired\":true,\"valueName\":\"search_term_string\"}}],\"inLanguage\":\"en-US\"},{\"@type\":\"Organization\",\"@id\":\"https:\/\/folkart.ee\/#organization\",\"name\":\"Estonian Folk Art and Craft Union\",\"url\":\"https:\/\/folkart.ee\/\",\"logo\":{\"@type\":\"ImageObject\",\"inLanguage\":\"en-US\",\"@id\":\"https:\/\/folkart.ee\/#\/schema\/logo\/image\/\",\"url\":\"https:\/\/folkart.ee\/wp-content\/uploads\/2016\/06\/eesti-rahvakunsti-ja-k\u00e4sit\u00f6\u00f6-liit.png\",\"contentUrl\":\"https:\/\/folkart.ee\/wp-content\/uploads\/2016\/06\/eesti-rahvakunsti-ja-k\u00e4sit\u00f6\u00f6-liit.png\",\"width\":114,\"height\":114,\"caption\":\"Estonian Folk Art and Craft Union\"},\"image\":{\"@id\":\"https:\/\/folkart.ee\/#\/schema\/logo\/image\/\"}}]}<\/script>\n<!-- \/ Yoast SEO plugin. -->","yoast_head_json":{"title":"About us - Estonian Folk Art and Craft Union","robots":{"index":"index","follow":"follow","max-snippet":"max-snippet:-1","max-image-preview":"max-image-preview:large","max-video-preview":"max-video-preview:-1"},"canonical":"https:\/\/folkart.ee\/en\/","og_locale":"en_US","og_type":"article","og_title":"About us - Estonian Folk Art and Craft Union","og_description":"Estonian Folk Art and Craft Union &nbsp; Established 1929 (abolished during the Soviet occupation) Re-established 1992 &nbsp; Estonian Folk Art and Craft Union is a non-profit organisation that brings together regional folk art and craft organisations as well as individual craftsmen and craftswomen. &nbsp; &nbsp; The aim of the Union is to value, preserve and &hellip; Continued","og_url":"https:\/\/folkart.ee\/en\/","og_site_name":"Estonian Folk Art and Craft Union","article_modified_time":"2021-12-22T22:18:50+00:00","twitter_card":"summary_large_image","twitter_misc":{"Est. reading time":"1 minute"},"schema":{"@context":"https:\/\/schema.org","@graph":[{"@type":"WebPage","@id":"https:\/\/folkart.ee\/en\/","url":"https:\/\/folkart.ee\/en\/","name":"About us - Estonian Folk Art and Craft Union","isPartOf":{"@id":"https:\/\/folkart.ee\/#website"},"datePublished":"2017-01-04T13:08:34+00:00","dateModified":"2021-12-22T22:18:50+00:00","breadcrumb":{"@id":"https:\/\/folkart.ee\/en\/#breadcrumb"},"inLanguage":"en-US","potentialAction":[{"@type":"ReadAction","target":["https:\/\/folkart.ee\/en\/"]}]},{"@type":"BreadcrumbList","@id":"https:\/\/folkart.ee\/en\/#breadcrumb","itemListElement":[{"@type":"ListItem","position":1,"name":"Home","item":"https:\/\/folkart.ee\/en\/"},{"@type":"ListItem","position":2,"name":"Theme of the year","item":"https:\/\/folkart.ee\/en\/theme-of-the-year\/"},{"@type":"ListItem","position":3,"name":"About us"}]},{"@type":"WebSite","@id":"https:\/\/folkart.ee\/#website","url":"https:\/\/folkart.ee\/","name":"Estonian Folk Art and Craft Union","description":"","publisher":{"@id":"https:\/\/folkart.ee\/#organization"},"potentialAction":[{"@type":"SearchAction","target":{"@type":"EntryPoint","urlTemplate":"https:\/\/folkart.ee\/?s={search_term_string}"},"query-input":{"@type":"PropertyValueSpecification","valueRequired":true,"valueName":"search_term_string"}}],"inLanguage":"en-US"},{"@type":"Organization","@id":"https:\/\/folkart.ee\/#organization","name":"Estonian Folk Art and Craft Union","url":"https:\/\/folkart.ee\/","logo":{"@type":"ImageObject","inLanguage":"en-US","@id":"https:\/\/folkart.ee\/#\/schema\/logo\/image\/","url":"https:\/\/folkart.ee\/wp-content\/uploads\/2016\/06\/eesti-rahvakunsti-ja-k\u00e4sit\u00f6\u00f6-liit.png","contentUrl":"https:\/\/folkart.ee\/wp-content\/uploads\/2016\/06\/eesti-rahvakunsti-ja-k\u00e4sit\u00f6\u00f6-liit.png","width":114,"height":114,"caption":"Estonian Folk Art and Craft Union"},"image":{"@id":"https:\/\/folkart.ee\/#\/schema\/logo\/image\/"}}]}},"_links":{"self":[{"href":"https:\/\/folkart.ee\/en\/wp-json\/wp\/v2\/pages\/2818"}],"collection":[{"href":"https:\/\/folkart.ee\/en\/wp-json\/wp\/v2\/pages"}],"about":[{"href":"https:\/\/folkart.ee\/en\/wp-json\/wp\/v2\/types\/page"}],"author":[{"embeddable":true,"href":"https:\/\/folkart.ee\/en\/wp-json\/wp\/v2\/users\/1"}],"replies":[{"embeddable":true,"href":"https:\/\/folkart.ee\/en\/wp-json\/wp\/v2\/comments?post=2818"}],"version-history":[{"count":9,"href":"https:\/\/folkart.ee\/en\/wp-json\/wp\/v2\/pages\/2818\/revisions"}],"predecessor-version":[{"id":15829,"href":"https:\/\/folkart.ee\/en\/wp-json\/wp\/v2\/pages\/2818\/revisions\/15829"}],"up":[{"embeddable":true,"href":"https:\/\/folkart.ee\/en\/wp-json\/wp\/v2\/pages\/4968"}],"wp:attachment":[{"href":"https:\/\/folkart.ee\/en\/wp-json\/wp\/v2\/media?parent=2818"}],"curies":[{"name":"wp","href":"https:\/\/api.w.org\/{rel}","templated":true}]}}