{"id":2838,"date":"2017-01-04T16:16:31","date_gmt":"2017-01-04T14:16:31","guid":{"rendered":"http:\/\/sharks.ee\/erkl\/en\/?page_id=2838"},"modified":"2020-11-16T13:15:06","modified_gmt":"2020-11-16T11:15:06","slug":"audiovisual","status":"publish","type":"page","link":"https:\/\/folkart.ee\/en\/audiovisual\/","title":{"rendered":"Audiovisual"},"content":{"rendered":"<h5>Short movies of Estonian traditional craft techniques<\/h5>\n<p>&nbsp;<\/p>\n<p>&nbsp;<\/p>\n<p><img decoding=\"async\" class=\"wp-image-9082 alignnone\" src=\"https:\/\/folkart.ee\/wp-content\/uploads\/2019\/10\/press-the-button.png\" alt=\"\" width=\"83\" height=\"83\" srcset=\"https:\/\/folkart.ee\/wp-content\/uploads\/2019\/10\/press-the-button.png 200w, https:\/\/folkart.ee\/wp-content\/uploads\/2019\/10\/press-the-button-100x100.png 100w, https:\/\/folkart.ee\/wp-content\/uploads\/2019\/10\/press-the-button-150x150.png 150w, https:\/\/folkart.ee\/wp-content\/uploads\/2019\/10\/press-the-button-192x192.png 192w\" sizes=\"(max-width: 83px) 100vw, 83px\" \/><\/p>\n<p>&nbsp;<\/p>\n<ul>\n<li><a href=\"https:\/\/www.youtube.com\/watch?v=BRjQxkRQJM0&amp;list=PLMYj7eZJsfZD9thF5jGA9FvYC8pFCcfu0&amp;index=15\" target=\"_blank\" rel=\"noopener\">Making a needle container of bone, artisan Monika Hint<\/a><\/li>\n<li><a href=\"https:\/\/www.youtube.com\/watch?v=ZgQHhXQ_Qq4&amp;list=PLMYj7eZJsfZD9thF5jGA9FvYC8pFCcfu0&amp;index=13\" target=\"_blank\" rel=\"noopener\">Warping a countermarch loom and weaving wool fabric, artisan Veinika V\u00e4strik<\/a><\/li>\n<li><a href=\"https:\/\/www.youtube.com\/watch?v=6L4YRY1PekI&amp;list=PLMYj7eZJsfZD9thF5jGA9FvYC8pFCcfu0&amp;index=14\" target=\"_blank\" rel=\"noopener\">Weaving a wild wicker basket, artisan Margus Rebane<\/a><\/li>\n<li><a href=\"https:\/\/www.youtube.com\/watch?v=Xe5AuyvRSV8&amp;list=PLMYj7eZJsfZD9thF5jGA9FvYC8pFCcfu0&amp;index=12\" target=\"_blank\" rel=\"noopener\">Making traditional drawstring shoes, artisan Inna Raud<\/a><\/li>\n<li><a href=\"https:\/\/www.youtube.com\/watch?v=2bK3THnLO0E&amp;list=PLMYj7eZJsfZD9thF5jGA9FvYC8pFCcfu0&amp;index=10\" target=\"_blank\" rel=\"noopener\">Knitting a <em>Kihnu troi<\/em>, artisan Elly Karjam<\/a><\/li>\n<li><a href=\"https:\/\/www.youtube.com\/watch?v=nJ0zmZb-enA&amp;list=PLMYj7eZJsfZD9thF5jGA9FvYC8pFCcfu0&amp;index=11\" target=\"_blank\" rel=\"noopener\">Making a patterned belt, artisan Maret Lehis<\/a><\/li>\n<li><a href=\"https:\/\/www.youtube.com\/watch?v=m5tFLTyovpM&amp;list=PLMYj7eZJsfZD9thF5jGA9FvYC8pFCcfu0&amp;index=9\" target=\"_blank\" rel=\"noopener\">Traditional wool preparation and spinning, artisan Julika Roos<\/a><\/li>\n<li><a href=\"https:\/\/www.youtube.com\/watch?v=Ox6nXqwKQPg&amp;list=PLMYj7eZJsfZD9thF5jGA9FvYC8pFCcfu0&amp;index=8\" target=\"_blank\" rel=\"noopener\">Traditional embroidery of a <em>Muhu blanket<\/em>, artisan Alliki Oidekivi<\/a><\/li>\n<li><a href=\"https:\/\/www.youtube.com\/watch?v=WpqZGgZ1g90&amp;list=PLMYj7eZJsfZD9thF5jGA9FvYC8pFCcfu0&amp;index=7\" target=\"_blank\" rel=\"noopener\">Traditional indigo dyeing, artisan Liis Luhamaa<\/a><\/li>\n<li><a href=\"https:\/\/www.youtube.com\/watch?v=Mr_aG2g_5U8&amp;list=PLMYj7eZJsfZD9thF5jGA9FvYC8pFCcfu0&amp;index=6\" target=\"_blank\" rel=\"noopener\">Traditional leather tanning, artisan Kristina Rajando<\/a><\/li>\n<li><a href=\"https:\/\/www.youtube.com\/watch?v=bn99Eyz3wWI&amp;list=PLMYj7eZJsfZD9thF5jGA9FvYC8pFCcfu0&amp;index=5\" target=\"_blank\" rel=\"noopener\">Knitting a <em>Haapsalu shawl<\/em>, artisan Siiri Reimann<\/a><\/li>\n<li><a href=\"https:\/\/www.youtube.com\/watch?v=QQyNWa1IB4A&amp;list=PLMYj7eZJsfZD9thF5jGA9FvYC8pFCcfu0&amp;index=4\" target=\"_blank\" rel=\"noopener\">Traditional coat tailoring, artisan Made Uus<\/a><\/li>\n<li><a href=\"https:\/\/www.youtube.com\/watch?v=i91tW4tSHLg&amp;list=PLMYj7eZJsfZD9thF5jGA9FvYC8pFCcfu0&amp;index=3\" target=\"_blank\" rel=\"noopener\">Making bobbin lace, artisan Angelika N\u00f6ps<\/a><\/li>\n<li><a href=\"https:\/\/www.youtube.com\/watch?v=-2NFNAQibik&amp;list=PLMYj7eZJsfZD9thF5jGA9FvYC8pFCcfu0&amp;index=2\" target=\"_blank\" rel=\"noopener\">Estonian stockings, artisan Anu Pink<\/a><\/li>\n<li><a href=\"https:\/\/www.youtube.com\/watch?v=wGlNquyNyxI&amp;list=PLMYj7eZJsfZD9thF5jGA9FvYC8pFCcfu0&amp;index=1\" target=\"_blank\" rel=\"noopener\">Working birch bark and making a bag, artisan Andres Rattasepp<\/a><\/li>\n<li><a href=\"https:\/\/www.youtube.com\/watch?v=08QiTjmrGS0&amp;list=PLMYj7eZJsfZAzkG3svuv_jm7AoAp1R86y\" target=\"_blank\" rel=\"noopener\">Resist printing and indigo dyeing, artisan \u00d5nne Uus<\/a><\/li>\n<li><a href=\"https:\/\/www.youtube.com\/watch?v=zfcCvIOoqlE&amp;list=PLMYj7eZJsfZAzkG3svuv_jm7AoAp1R86y&amp;index=2\" target=\"_blank\" rel=\"noopener\">Making a wooden chip basket at Avinurme Wooden Handicrafts Centre, artisan Leeve Rohi<\/a><\/li>\n<li><a href=\"https:\/\/www.youtube.com\/watch?v=alERxD-n-Q8&amp;list=PLMYj7eZJsfZAzkG3svuv_jm7AoAp1R86y&amp;index=3\" target=\"_blank\" rel=\"noopener\">Raku ware, artisan Aivar Rumvolt<\/a><\/li>\n<li><a href=\"https:\/\/www.youtube.com\/watch?v=kUeBp-IIdLk&amp;list=PLMYj7eZJsfZAzkG3svuv_jm7AoAp1R86y&amp;index=4\" target=\"_blank\" rel=\"noopener\">Forging a candlestick, artisan V\u00e4ino Niitv\u00e4gi<\/a><\/li>\n<li><a href=\"https:\/\/www.youtube.com\/watch?v=xKw6B8kn3Nk&amp;list=PLMYj7eZJsfZAzkG3svuv_jm7AoAp1R86y&amp;index=5\" target=\"_blank\" rel=\"noopener\">Making a distaff with a wooden lacing, artisan Meelis Kihulane<\/a><\/li>\n<li><a href=\"https:\/\/www.youtube.com\/watch?v=dLfO6ySuJ-Q&amp;list=PLMYj7eZJsfZAzkG3svuv_jm7AoAp1R86y&amp;index=6\" target=\"_blank\" rel=\"noopener\">Making a Seto brooch, artisan Evar Riitsaar<\/a><\/li>\n<li><a href=\"https:\/\/www.youtube.com\/watch?v=eMrHnfMs70M&amp;list=PLMYj7eZJsfZAzkG3svuv_jm7AoAp1R86y&amp;index=7\" target=\"_blank\" rel=\"noopener\">Filet lace, artisan Ulve Kangro<\/a><\/li>\n<li><a href=\"https:\/\/www.youtube.com\/watch?v=8qOuG7hShz8&amp;list=PLMYj7eZJsfZAzkG3svuv_jm7AoAp1R86y&amp;index=8\" target=\"_blank\" rel=\"noopener\">Gloves with inlay, artisan Anu Randmaa<\/a><\/li>\n<li><a href=\"https:\/\/www.youtube.com\/watch?v=UFwTYCA8Nzc&amp;list=PLMYj7eZJsfZAzkG3svuv_jm7AoAp1R86y&amp;index=9\" target=\"_blank\" rel=\"noopener\">Making a dugout canoe, artisan Aivar Ruukel<\/a><\/li>\n<li><a href=\"https:\/\/www.youtube.com\/watch?v=nzGA1i5EzN0&amp;list=PLMYj7eZJsfZAzkG3svuv_jm7AoAp1R86y&amp;index=10\" target=\"_blank\" rel=\"noopener\">Dyeing yarn with mushrooms, artisan Airi Gailit<\/a><\/li>\n<li><a href=\"https:\/\/www.youtube.com\/watch?v=qYKzcWt2A-8&amp;list=PLMYj7eZJsfZAzkG3svuv_jm7AoAp1R86y&amp;index=11\" target=\"_blank\" rel=\"noopener\">Making a folk pipe, artisan Daniel Rahuvarm<\/a><\/li>\n<li><a href=\"https:\/\/www.youtube.com\/watch?v=hkIvoLg7GcA&amp;list=PLMYj7eZJsfZAzkG3svuv_jm7AoAp1R86y&amp;index=12\" target=\"_blank\" rel=\"noopener\">Making shoes, artisan Taniel Suvi<\/a><\/li>\n<li><a href=\"https:\/\/www.youtube.com\/watch?v=f8rBresMMV8&amp;list=PLMYj7eZJsfZAzkG3svuv_jm7AoAp1R86y&amp;index=13\" target=\"_blank\" rel=\"noopener\">Making a reed crown (himmeli), artisan Urmas Veersalu<\/a><\/li>\n<li><a href=\"https:\/\/www.youtube.com\/watch?v=K_hMRoaK6KU&amp;list=PLMYj7eZJsfZAzkG3svuv_jm7AoAp1R86y&amp;index=14\" target=\"_blank\" rel=\"noopener\">Darning stitch drawn thread embroidery, artisan Mareli Rannap<\/a><\/li>\n<li><a href=\"https:\/\/www.youtube.com\/watch?v=--gPXNqNA0Q&amp;list=PLMYj7eZJsfZAzkG3svuv_jm7AoAp1R86y&amp;index=15\" target=\"_blank\" rel=\"noopener\">How to net a shopping bag, artisan Maret Sikstus<\/a><\/li>\n<li><a href=\"https:\/\/www.youtube.com\/watch?v=rCZQKflFEFw&amp;list=PLMYj7eZJsfZAzkG3svuv_jm7AoAp1R86y&amp;index=16\" target=\"_blank\" rel=\"noopener\">Making spiral tube decorations, artisan Jaana Ratas<\/a><\/li>\n<li><a href=\"https:\/\/www.youtube.com\/watch?v=7dveOP8rFro&amp;list=PLMYj7eZJsfZAzkG3svuv_jm7AoAp1R86y&amp;index=17\" target=\"_blank\" rel=\"noopener\">Crochet lace from Hiiumaa island, artisan Aet Reha<\/a><\/li>\n<\/ul>\n<p>&nbsp;<\/p>\n<p>&nbsp;<\/p>\n<p>&nbsp;<\/p>\n<p>&nbsp;<\/p>\n<p>&nbsp;<\/p>\n<h5>Gallery<\/h5>\n<div id=\"gallery\"><div class=\"gallery-item\"><a href=\"https:\/\/folkart.ee\/en\/?gallery-type=rahvaroivaste-tuulutamine-en\" title=\"Airing of the Folk Costumes\/Picnic\"><\/a><header class=\"gallery-header\"><img decoding=\"async\" width=\"240\" height=\"152\" src=\"https:\/\/folkart.ee\/wp-content\/uploads\/2016\/12\/20150830_4071-240x152.jpg\" class=\"attachment-gallery size-gallery\" alt=\"\" \/><\/header><div class=\"gallery-content\"><div class=\"gallery-meta\">Gallery<\/div><h3 class=\"gallery-title\">Airing of the Folk Costumes\/Picnic<\/h3><\/div><\/div><div class=\"gallery-item\"><a href=\"https:\/\/folkart.ee\/en\/?gallery-type=tunnustatud-eesti-kasitoo-en\" title=\"Certified Estonian Artisanal Craft\"><\/a><header class=\"gallery-header\"><img decoding=\"async\" width=\"240\" height=\"152\" src=\"https:\/\/folkart.ee\/wp-content\/uploads\/2016\/12\/IMG_7545-240x152.jpg\" class=\"attachment-gallery size-gallery\" alt=\"\" \/><\/header><div class=\"gallery-content\"><div class=\"gallery-meta\">Gallery<\/div><h3 class=\"gallery-title\">Certified Estonian Artisanal Craft<\/h3><\/div><\/div><\/div>\n","protected":false},"excerpt":{"rendered":"<p>Short movies of Estonian traditional craft techniques &nbsp; &nbsp; &nbsp; Making a needle container of bone, artisan Monika Hint Warping a countermarch loom and weaving wool fabric, artisan Veinika V\u00e4strik Weaving a wild wicker basket, artisan Margus Rebane Making traditional drawstring shoes, artisan Inna Raud Knitting a Kihnu troi, artisan Elly Karjam Making a patterned &hellip; <a href=\"https:\/\/folkart.ee\/en\/audiovisual\/\">Continued<\/a><\/p>\n","protected":false},"author":1,"featured_media":0,"parent":0,"menu_order":0,"comment_status":"closed","ping_status":"closed","template":"","meta":{"_acf_changed":false,"footnotes":""},"class_list":["post-2838","page","type-page","status-publish","hentry"],"acf":[],"yoast_head":"<!-- This site is optimized with the Yoast SEO plugin v23.4 - https:\/\/yoast.com\/wordpress\/plugins\/seo\/ -->\n<title>Audiovisual - Estonian Folk Art and Craft Union<\/title>\n<meta name=\"robots\" content=\"index, follow, max-snippet:-1, max-image-preview:large, max-video-preview:-1\" \/>\n<link rel=\"canonical\" href=\"https:\/\/folkart.ee\/en\/audiovisual\/\" \/>\n<meta property=\"og:locale\" content=\"en_US\" \/>\n<meta property=\"og:type\" content=\"article\" \/>\n<meta property=\"og:title\" content=\"Audiovisual - Estonian Folk Art and Craft Union\" \/>\n<meta property=\"og:description\" content=\"Short movies of Estonian traditional craft techniques &nbsp; &nbsp; &nbsp; Making a needle container of bone, artisan Monika Hint Warping a countermarch loom and weaving wool fabric, artisan Veinika V\u00e4strik Weaving a wild wicker basket, artisan Margus Rebane Making traditional drawstring shoes, artisan Inna Raud Knitting a Kihnu troi, artisan Elly Karjam Making a patterned &hellip; Continued\" \/>\n<meta property=\"og:url\" content=\"https:\/\/folkart.ee\/en\/audiovisual\/\" \/>\n<meta property=\"og:site_name\" content=\"Estonian Folk Art and Craft Union\" \/>\n<meta property=\"article:modified_time\" content=\"2020-11-16T11:15:06+00:00\" \/>\n<meta property=\"og:image\" content=\"https:\/\/folkart.ee\/wp-content\/uploads\/2019\/10\/press-the-button.png\" \/>\n<meta name=\"twitter:card\" content=\"summary_large_image\" \/>\n<meta name=\"twitter:label1\" content=\"Est. reading time\" \/>\n\t<meta name=\"twitter:data1\" content=\"1 minute\" \/>\n<script type=\"application\/ld+json\" class=\"yoast-schema-graph\">{\"@context\":\"https:\/\/schema.org\",\"@graph\":[{\"@type\":\"WebPage\",\"@id\":\"https:\/\/folkart.ee\/en\/audiovisual\/\",\"url\":\"https:\/\/folkart.ee\/en\/audiovisual\/\",\"name\":\"Audiovisual - Estonian Folk Art and Craft Union\",\"isPartOf\":{\"@id\":\"https:\/\/folkart.ee\/#website\"},\"primaryImageOfPage\":{\"@id\":\"https:\/\/folkart.ee\/en\/audiovisual\/#primaryimage\"},\"image\":{\"@id\":\"https:\/\/folkart.ee\/en\/audiovisual\/#primaryimage\"},\"thumbnailUrl\":\"https:\/\/folkart.ee\/wp-content\/uploads\/2019\/10\/press-the-button.png\",\"datePublished\":\"2017-01-04T14:16:31+00:00\",\"dateModified\":\"2020-11-16T11:15:06+00:00\",\"breadcrumb\":{\"@id\":\"https:\/\/folkart.ee\/en\/audiovisual\/#breadcrumb\"},\"inLanguage\":\"en-US\",\"potentialAction\":[{\"@type\":\"ReadAction\",\"target\":[\"https:\/\/folkart.ee\/en\/audiovisual\/\"]}]},{\"@type\":\"ImageObject\",\"inLanguage\":\"en-US\",\"@id\":\"https:\/\/folkart.ee\/en\/audiovisual\/#primaryimage\",\"url\":\"https:\/\/folkart.ee\/wp-content\/uploads\/2019\/10\/press-the-button.png\",\"contentUrl\":\"https:\/\/folkart.ee\/wp-content\/uploads\/2019\/10\/press-the-button.png\"},{\"@type\":\"BreadcrumbList\",\"@id\":\"https:\/\/folkart.ee\/en\/audiovisual\/#breadcrumb\",\"itemListElement\":[{\"@type\":\"ListItem\",\"position\":1,\"name\":\"Home\",\"item\":\"https:\/\/folkart.ee\/en\/\"},{\"@type\":\"ListItem\",\"position\":2,\"name\":\"Audiovisual\"}]},{\"@type\":\"WebSite\",\"@id\":\"https:\/\/folkart.ee\/#website\",\"url\":\"https:\/\/folkart.ee\/\",\"name\":\"Estonian Folk Art and Craft Union\",\"description\":\"\",\"publisher\":{\"@id\":\"https:\/\/folkart.ee\/#organization\"},\"potentialAction\":[{\"@type\":\"SearchAction\",\"target\":{\"@type\":\"EntryPoint\",\"urlTemplate\":\"https:\/\/folkart.ee\/?s={search_term_string}\"},\"query-input\":{\"@type\":\"PropertyValueSpecification\",\"valueRequired\":true,\"valueName\":\"search_term_string\"}}],\"inLanguage\":\"en-US\"},{\"@type\":\"Organization\",\"@id\":\"https:\/\/folkart.ee\/#organization\",\"name\":\"Estonian Folk Art and Craft Union\",\"url\":\"https:\/\/folkart.ee\/\",\"logo\":{\"@type\":\"ImageObject\",\"inLanguage\":\"en-US\",\"@id\":\"https:\/\/folkart.ee\/#\/schema\/logo\/image\/\",\"url\":\"https:\/\/folkart.ee\/wp-content\/uploads\/2016\/06\/eesti-rahvakunsti-ja-k\u00e4sit\u00f6\u00f6-liit.png\",\"contentUrl\":\"https:\/\/folkart.ee\/wp-content\/uploads\/2016\/06\/eesti-rahvakunsti-ja-k\u00e4sit\u00f6\u00f6-liit.png\",\"width\":114,\"height\":114,\"caption\":\"Estonian Folk Art and Craft Union\"},\"image\":{\"@id\":\"https:\/\/folkart.ee\/#\/schema\/logo\/image\/\"}}]}<\/script>\n<!-- \/ Yoast SEO plugin. -->","yoast_head_json":{"title":"Audiovisual - Estonian Folk Art and Craft Union","robots":{"index":"index","follow":"follow","max-snippet":"max-snippet:-1","max-image-preview":"max-image-preview:large","max-video-preview":"max-video-preview:-1"},"canonical":"https:\/\/folkart.ee\/en\/audiovisual\/","og_locale":"en_US","og_type":"article","og_title":"Audiovisual - Estonian Folk Art and Craft Union","og_description":"Short movies of Estonian traditional craft techniques &nbsp; &nbsp; &nbsp; Making a needle container of bone, artisan Monika Hint Warping a countermarch loom and weaving wool fabric, artisan Veinika V\u00e4strik Weaving a wild wicker basket, artisan Margus Rebane Making traditional drawstring shoes, artisan Inna Raud Knitting a Kihnu troi, artisan Elly Karjam Making a patterned &hellip; Continued","og_url":"https:\/\/folkart.ee\/en\/audiovisual\/","og_site_name":"Estonian Folk Art and Craft Union","article_modified_time":"2020-11-16T11:15:06+00:00","og_image":[{"url":"https:\/\/folkart.ee\/wp-content\/uploads\/2019\/10\/press-the-button.png"}],"twitter_card":"summary_large_image","twitter_misc":{"Est. reading time":"1 minute"},"schema":{"@context":"https:\/\/schema.org","@graph":[{"@type":"WebPage","@id":"https:\/\/folkart.ee\/en\/audiovisual\/","url":"https:\/\/folkart.ee\/en\/audiovisual\/","name":"Audiovisual - Estonian Folk Art and Craft Union","isPartOf":{"@id":"https:\/\/folkart.ee\/#website"},"primaryImageOfPage":{"@id":"https:\/\/folkart.ee\/en\/audiovisual\/#primaryimage"},"image":{"@id":"https:\/\/folkart.ee\/en\/audiovisual\/#primaryimage"},"thumbnailUrl":"https:\/\/folkart.ee\/wp-content\/uploads\/2019\/10\/press-the-button.png","datePublished":"2017-01-04T14:16:31+00:00","dateModified":"2020-11-16T11:15:06+00:00","breadcrumb":{"@id":"https:\/\/folkart.ee\/en\/audiovisual\/#breadcrumb"},"inLanguage":"en-US","potentialAction":[{"@type":"ReadAction","target":["https:\/\/folkart.ee\/en\/audiovisual\/"]}]},{"@type":"ImageObject","inLanguage":"en-US","@id":"https:\/\/folkart.ee\/en\/audiovisual\/#primaryimage","url":"https:\/\/folkart.ee\/wp-content\/uploads\/2019\/10\/press-the-button.png","contentUrl":"https:\/\/folkart.ee\/wp-content\/uploads\/2019\/10\/press-the-button.png"},{"@type":"BreadcrumbList","@id":"https:\/\/folkart.ee\/en\/audiovisual\/#breadcrumb","itemListElement":[{"@type":"ListItem","position":1,"name":"Home","item":"https:\/\/folkart.ee\/en\/"},{"@type":"ListItem","position":2,"name":"Audiovisual"}]},{"@type":"WebSite","@id":"https:\/\/folkart.ee\/#website","url":"https:\/\/folkart.ee\/","name":"Estonian Folk Art and Craft Union","description":"","publisher":{"@id":"https:\/\/folkart.ee\/#organization"},"potentialAction":[{"@type":"SearchAction","target":{"@type":"EntryPoint","urlTemplate":"https:\/\/folkart.ee\/?s={search_term_string}"},"query-input":{"@type":"PropertyValueSpecification","valueRequired":true,"valueName":"search_term_string"}}],"inLanguage":"en-US"},{"@type":"Organization","@id":"https:\/\/folkart.ee\/#organization","name":"Estonian Folk Art and Craft Union","url":"https:\/\/folkart.ee\/","logo":{"@type":"ImageObject","inLanguage":"en-US","@id":"https:\/\/folkart.ee\/#\/schema\/logo\/image\/","url":"https:\/\/folkart.ee\/wp-content\/uploads\/2016\/06\/eesti-rahvakunsti-ja-k\u00e4sit\u00f6\u00f6-liit.png","contentUrl":"https:\/\/folkart.ee\/wp-content\/uploads\/2016\/06\/eesti-rahvakunsti-ja-k\u00e4sit\u00f6\u00f6-liit.png","width":114,"height":114,"caption":"Estonian Folk Art and Craft Union"},"image":{"@id":"https:\/\/folkart.ee\/#\/schema\/logo\/image\/"}}]}},"_links":{"self":[{"href":"https:\/\/folkart.ee\/en\/wp-json\/wp\/v2\/pages\/2838"}],"collection":[{"href":"https:\/\/folkart.ee\/en\/wp-json\/wp\/v2\/pages"}],"about":[{"href":"https:\/\/folkart.ee\/en\/wp-json\/wp\/v2\/types\/page"}],"author":[{"embeddable":true,"href":"https:\/\/folkart.ee\/en\/wp-json\/wp\/v2\/users\/1"}],"replies":[{"embeddable":true,"href":"https:\/\/folkart.ee\/en\/wp-json\/wp\/v2\/comments?post=2838"}],"version-history":[{"count":13,"href":"https:\/\/folkart.ee\/en\/wp-json\/wp\/v2\/pages\/2838\/revisions"}],"predecessor-version":[{"id":12258,"href":"https:\/\/folkart.ee\/en\/wp-json\/wp\/v2\/pages\/2838\/revisions\/12258"}],"wp:attachment":[{"href":"https:\/\/folkart.ee\/en\/wp-json\/wp\/v2\/media?parent=2838"}],"curies":[{"name":"wp","href":"https:\/\/api.w.org\/{rel}","templated":true}]}}