{"id":4968,"date":"2018-04-12T11:15:59","date_gmt":"2018-04-12T08:15:59","guid":{"rendered":"http:\/\/folkart.ee\/en\/?page_id=4968"},"modified":"2024-02-06T20:00:58","modified_gmt":"2024-02-06T18:00:58","slug":"theme-of-the-year","status":"publish","type":"page","link":"https:\/\/folkart.ee\/en\/theme-of-the-year\/","title":{"rendered":"Theme of the year"},"content":{"rendered":"<p><img decoding=\"async\" class=\"alignnone  wp-image-21016\" src=\"https:\/\/folkart.ee\/wp-content\/uploads\/2024\/01\/Rahvaroivas-ruudus-fb_pais-300x114.jpg\" alt=\"\" width=\"355\" height=\"135\" srcset=\"https:\/\/folkart.ee\/wp-content\/uploads\/2024\/01\/Rahvaroivas-ruudus-fb_pais-300x114.jpg 300w, https:\/\/folkart.ee\/wp-content\/uploads\/2024\/01\/Rahvaroivas-ruudus-fb_pais-scaled-600x228.jpg 600w, https:\/\/folkart.ee\/wp-content\/uploads\/2024\/01\/Rahvaroivas-ruudus-fb_pais-1024x390.jpg 1024w, https:\/\/folkart.ee\/wp-content\/uploads\/2024\/01\/Rahvaroivas-ruudus-fb_pais-768x292.jpg 768w, https:\/\/folkart.ee\/wp-content\/uploads\/2024\/01\/Rahvaroivas-ruudus-fb_pais-1536x584.jpg 1536w, https:\/\/folkart.ee\/wp-content\/uploads\/2024\/01\/Rahvaroivas-ruudus-fb_pais-2048x779.jpg 2048w, https:\/\/folkart.ee\/wp-content\/uploads\/2024\/01\/Rahvaroivas-ruudus-fb_pais-2000x761.jpg 2000w\" sizes=\"(max-width: 355px) 100vw, 355px\" \/> \u00a0<strong>2022-2023 &#8211; Estonian national costume<\/strong><\/p>\n<p><img fetchpriority=\"high\" decoding=\"async\" class=\"alignleft wp-image-15909\" src=\"https:\/\/folkart.ee\/wp-content\/uploads\/2022\/01\/01pealekasv-1-300x87.jpeg\" alt=\"\" width=\"469\" height=\"136\" srcset=\"https:\/\/folkart.ee\/wp-content\/uploads\/2022\/01\/01pealekasv-1-300x87.jpeg 300w, https:\/\/folkart.ee\/wp-content\/uploads\/2022\/01\/01pealekasv-1-600x173.jpeg 600w, https:\/\/folkart.ee\/wp-content\/uploads\/2022\/01\/01pealekasv-1.jpeg 640w\" sizes=\"(max-width: 469px) 100vw, 469px\" \/><\/p>\n<p>&nbsp;<\/p>\n<p>&nbsp;<\/p>\n<p>&nbsp;<\/p>\n<p><strong>2022-2023 &#8211; youth year<\/strong><\/p>\n<p>&nbsp;<\/p>\n<p>&nbsp;<\/p>\n<p>&nbsp;<\/p>\n<p>&nbsp;<\/p>\n<p>&nbsp;<\/p>\n<p>&nbsp;<\/p>\n<p>&nbsp;<\/p>\n<h5><strong><img decoding=\"async\" class=\"alignleft wp-image-15980\" src=\"https:\/\/folkart.ee\/wp-content\/uploads\/2022\/02\/koduka-banner-300x136.png\" alt=\"\" width=\"470\" height=\"213\" srcset=\"https:\/\/folkart.ee\/wp-content\/uploads\/2022\/02\/koduka-banner-300x136.png 300w, https:\/\/folkart.ee\/wp-content\/uploads\/2022\/02\/koduka-banner.png 550w\" sizes=\"(max-width: 470px) 100vw, 470px\" \/><\/strong><\/h5>\n<h5><\/h5>\n<h5><\/h5>\n<h5><\/h5>\n<h5><\/h5>\n<h5><\/h5>\n<h5><strong>2021 &#8211;\u00a0\u00a0<\/strong>year of handicraft men<\/h5>\n<h5><\/h5>\n<p>&nbsp;<\/p>\n<p>&nbsp;<\/p>\n<p>&nbsp;<\/p>\n<p>&nbsp;<\/p>\n<p>&nbsp;<\/p>\n<p>&nbsp;<\/p>\n<p>&nbsp;<\/p>\n<p>&nbsp;<\/p>\n<p>&nbsp;<\/p>\n<p>&nbsp;<\/p>\n<p>&nbsp;<\/p>\n<h5><\/h5>\n<h5><img loading=\"lazy\" decoding=\"async\" class=\"alignleft wp-image-9460\" src=\"https:\/\/folkart.ee\/wp-content\/uploads\/2020\/01\/kodukale-300x132.jpg\" alt=\"\" width=\"473\" height=\"209\" srcset=\"https:\/\/folkart.ee\/wp-content\/uploads\/2020\/01\/kodukale-300x132.jpg 300w, https:\/\/folkart.ee\/wp-content\/uploads\/2020\/01\/kodukale-768x337.jpg 768w, https:\/\/folkart.ee\/wp-content\/uploads\/2020\/01\/kodukale.jpg 820w\" sizes=\"(max-width: 473px) 100vw, 473px\" \/><\/h5>\n<h5><\/h5>\n<h5><\/h5>\n<h5><\/h5>\n<h5><\/h5>\n<h5><\/h5>\n<h5><strong>2020 &#8211; Estonian Lace<\/strong><\/h5>\n<h5><\/h5>\n<p>&nbsp;<\/p>\n<h5><\/h5>\n<h5><\/h5>\n<h5><\/h5>\n<h5><\/h5>\n<p>&nbsp;<\/p>\n<p>&nbsp;<\/p>\n<h5><\/h5>\n<p>&nbsp;<\/p>\n<p>&nbsp;<\/p>\n<p>&nbsp;<\/p>\n<p>&nbsp;<\/p>\n<p>&nbsp;<\/p>\n<p>&nbsp;<\/p>\n<p>&nbsp;<\/p>\n<p><img loading=\"lazy\" decoding=\"async\" class=\"alignleft wp-image-9082\" src=\"https:\/\/folkart.ee\/wp-content\/uploads\/2019\/10\/press-the-button.png\" alt=\"\" width=\"64\" height=\"64\" srcset=\"https:\/\/folkart.ee\/wp-content\/uploads\/2019\/10\/press-the-button.png 200w, https:\/\/folkart.ee\/wp-content\/uploads\/2019\/10\/press-the-button-100x100.png 100w, https:\/\/folkart.ee\/wp-content\/uploads\/2019\/10\/press-the-button-150x150.png 150w, https:\/\/folkart.ee\/wp-content\/uploads\/2019\/10\/press-the-button-192x192.png 192w\" sizes=\"(max-width: 64px) 100vw, 64px\" \/><\/p>\n<p><a href=\"https:\/\/oidfa2020.org\/programme1\/\" target=\"_blank\" rel=\"noopener\">19th OIDFA General Assembly and World Lace Congress<\/a><\/p>\n<p>&nbsp;<\/p>\n<p>&nbsp;<\/p>\n<p>&nbsp;<\/p>\n<p>&nbsp;<\/p>\n<h5><img loading=\"lazy\" decoding=\"async\" class=\"alignleft wp-image-5608\" src=\"https:\/\/folkart.ee\/wp-content\/uploads\/2018\/09\/flaier_eng_web-02-300x126.png\" alt=\"\" width=\"479\" height=\"201\" srcset=\"https:\/\/folkart.ee\/wp-content\/uploads\/2018\/09\/flaier_eng_web-02-300x126.png 300w, https:\/\/folkart.ee\/wp-content\/uploads\/2018\/09\/flaier_eng_web-02-600x252.png 600w, https:\/\/folkart.ee\/wp-content\/uploads\/2018\/09\/flaier_eng_web-02-768x322.png 768w, https:\/\/folkart.ee\/wp-content\/uploads\/2018\/09\/flaier_eng_web-02-1024x430.png 1024w, https:\/\/folkart.ee\/wp-content\/uploads\/2018\/09\/flaier_eng_web-02-2000x839.png 2000w\" sizes=\"(max-width: 479px) 100vw, 479px\" \/><\/h5>\n<h5><\/h5>\n<h5><\/h5>\n<h5><\/h5>\n<h5><\/h5>\n<h5><\/h5>\n<h5><\/h5>\n<p>&nbsp;<\/p>\n<h5><strong>2019 &#8211; Timeless<\/strong><\/h5>\n<p>&nbsp;<\/p>\n<p>&nbsp;<\/p>\n<p>&nbsp;<\/p>\n<p>&nbsp;<\/p>\n<p>&nbsp;<\/p>\n<p>&nbsp;<\/p>\n<p>&nbsp;<\/p>\n<p>&nbsp;<\/p>\n<p>&nbsp;<\/p>\n<p><strong><em>TIME<\/em><\/strong><strong><em>LESS<\/em><\/strong><\/p>\n<p><strong>An exhibition of inherited patterns and rhytms in St. Catherine&#8217;s church in the Old Town (Sept 8 &#8211; Oct 7, 2018).<\/strong><\/p>\n","protected":false},"excerpt":{"rendered":"<p>\u00a02022-2023 &#8211; Estonian national costume &nbsp; &nbsp; &nbsp; 2022-2023 &#8211; youth year &nbsp; &nbsp; &nbsp; &nbsp; &nbsp; &nbsp; &nbsp; 2021 &#8211;\u00a0\u00a0year of handicraft men &nbsp; &nbsp; &nbsp; &nbsp; &nbsp; &nbsp; &nbsp; &nbsp; &nbsp; &nbsp; &nbsp; 2020 &#8211; Estonian Lace &nbsp; &nbsp; &nbsp; &nbsp; &nbsp; &nbsp; &nbsp; &nbsp; &nbsp; &nbsp; 19th OIDFA General Assembly and World &hellip; <a href=\"https:\/\/folkart.ee\/en\/theme-of-the-year\/\">Continued<\/a><\/p>\n","protected":false},"author":2,"featured_media":0,"parent":0,"menu_order":0,"comment_status":"closed","ping_status":"closed","template":"","meta":{"_acf_changed":false,"footnotes":""},"class_list":["post-4968","page","type-page","status-publish","hentry"],"acf":[],"yoast_head":"<!-- This site is optimized with the Yoast SEO plugin v23.4 - https:\/\/yoast.com\/wordpress\/plugins\/seo\/ -->\n<title>Theme of the year - Estonian Folk Art and Craft Union<\/title>\n<meta name=\"robots\" content=\"index, follow, max-snippet:-1, max-image-preview:large, max-video-preview:-1\" \/>\n<link rel=\"canonical\" href=\"https:\/\/folkart.ee\/en\/theme-of-the-year\/\" \/>\n<meta property=\"og:locale\" content=\"en_US\" \/>\n<meta property=\"og:type\" content=\"article\" \/>\n<meta property=\"og:title\" content=\"Theme of the year - Estonian Folk Art and Craft Union\" \/>\n<meta property=\"og:description\" content=\"\u00a02022-2023 &#8211; Estonian national costume &nbsp; &nbsp; &nbsp; 2022-2023 &#8211; youth year &nbsp; &nbsp; &nbsp; &nbsp; &nbsp; &nbsp; &nbsp; 2021 &#8211;\u00a0\u00a0year of handicraft men &nbsp; &nbsp; &nbsp; &nbsp; &nbsp; &nbsp; &nbsp; &nbsp; &nbsp; &nbsp; &nbsp; 2020 &#8211; Estonian Lace &nbsp; &nbsp; &nbsp; &nbsp; &nbsp; &nbsp; &nbsp; &nbsp; &nbsp; &nbsp; 19th OIDFA General Assembly and World &hellip; Continued\" \/>\n<meta property=\"og:url\" content=\"https:\/\/folkart.ee\/en\/theme-of-the-year\/\" \/>\n<meta property=\"og:site_name\" content=\"Estonian Folk Art and Craft Union\" \/>\n<meta property=\"article:modified_time\" content=\"2024-02-06T18:00:58+00:00\" \/>\n<meta property=\"og:image\" content=\"https:\/\/folkart.ee\/wp-content\/uploads\/2024\/01\/Rahvaroivas-ruudus-fb_pais-300x114.jpg\" \/>\n<meta name=\"twitter:card\" content=\"summary_large_image\" \/>\n<meta name=\"twitter:label1\" content=\"Est. reading time\" \/>\n\t<meta name=\"twitter:data1\" content=\"2 minutes\" \/>\n<script type=\"application\/ld+json\" class=\"yoast-schema-graph\">{\"@context\":\"https:\/\/schema.org\",\"@graph\":[{\"@type\":\"WebPage\",\"@id\":\"https:\/\/folkart.ee\/en\/theme-of-the-year\/\",\"url\":\"https:\/\/folkart.ee\/en\/theme-of-the-year\/\",\"name\":\"Theme of the year - Estonian Folk Art and Craft Union\",\"isPartOf\":{\"@id\":\"https:\/\/folkart.ee\/#website\"},\"primaryImageOfPage\":{\"@id\":\"https:\/\/folkart.ee\/en\/theme-of-the-year\/#primaryimage\"},\"image\":{\"@id\":\"https:\/\/folkart.ee\/en\/theme-of-the-year\/#primaryimage\"},\"thumbnailUrl\":\"https:\/\/folkart.ee\/wp-content\/uploads\/2024\/01\/Rahvaroivas-ruudus-fb_pais-300x114.jpg\",\"datePublished\":\"2018-04-12T08:15:59+00:00\",\"dateModified\":\"2024-02-06T18:00:58+00:00\",\"breadcrumb\":{\"@id\":\"https:\/\/folkart.ee\/en\/theme-of-the-year\/#breadcrumb\"},\"inLanguage\":\"en-US\",\"potentialAction\":[{\"@type\":\"ReadAction\",\"target\":[\"https:\/\/folkart.ee\/en\/theme-of-the-year\/\"]}]},{\"@type\":\"ImageObject\",\"inLanguage\":\"en-US\",\"@id\":\"https:\/\/folkart.ee\/en\/theme-of-the-year\/#primaryimage\",\"url\":\"https:\/\/folkart.ee\/wp-content\/uploads\/2024\/01\/Rahvaroivas-ruudus-fb_pais-300x114.jpg\",\"contentUrl\":\"https:\/\/folkart.ee\/wp-content\/uploads\/2024\/01\/Rahvaroivas-ruudus-fb_pais-300x114.jpg\"},{\"@type\":\"BreadcrumbList\",\"@id\":\"https:\/\/folkart.ee\/en\/theme-of-the-year\/#breadcrumb\",\"itemListElement\":[{\"@type\":\"ListItem\",\"position\":1,\"name\":\"Home\",\"item\":\"https:\/\/folkart.ee\/en\/\"},{\"@type\":\"ListItem\",\"position\":2,\"name\":\"Theme of the year\"}]},{\"@type\":\"WebSite\",\"@id\":\"https:\/\/folkart.ee\/#website\",\"url\":\"https:\/\/folkart.ee\/\",\"name\":\"Estonian Folk Art and Craft Union\",\"description\":\"\",\"publisher\":{\"@id\":\"https:\/\/folkart.ee\/#organization\"},\"potentialAction\":[{\"@type\":\"SearchAction\",\"target\":{\"@type\":\"EntryPoint\",\"urlTemplate\":\"https:\/\/folkart.ee\/?s={search_term_string}\"},\"query-input\":{\"@type\":\"PropertyValueSpecification\",\"valueRequired\":true,\"valueName\":\"search_term_string\"}}],\"inLanguage\":\"en-US\"},{\"@type\":\"Organization\",\"@id\":\"https:\/\/folkart.ee\/#organization\",\"name\":\"Estonian Folk Art and Craft Union\",\"url\":\"https:\/\/folkart.ee\/\",\"logo\":{\"@type\":\"ImageObject\",\"inLanguage\":\"en-US\",\"@id\":\"https:\/\/folkart.ee\/#\/schema\/logo\/image\/\",\"url\":\"https:\/\/folkart.ee\/wp-content\/uploads\/2016\/06\/eesti-rahvakunsti-ja-k\u00e4sit\u00f6\u00f6-liit.png\",\"contentUrl\":\"https:\/\/folkart.ee\/wp-content\/uploads\/2016\/06\/eesti-rahvakunsti-ja-k\u00e4sit\u00f6\u00f6-liit.png\",\"width\":114,\"height\":114,\"caption\":\"Estonian Folk Art and Craft Union\"},\"image\":{\"@id\":\"https:\/\/folkart.ee\/#\/schema\/logo\/image\/\"}}]}<\/script>\n<!-- \/ Yoast SEO plugin. -->","yoast_head_json":{"title":"Theme of the year - Estonian Folk Art and Craft Union","robots":{"index":"index","follow":"follow","max-snippet":"max-snippet:-1","max-image-preview":"max-image-preview:large","max-video-preview":"max-video-preview:-1"},"canonical":"https:\/\/folkart.ee\/en\/theme-of-the-year\/","og_locale":"en_US","og_type":"article","og_title":"Theme of the year - Estonian Folk Art and Craft Union","og_description":"\u00a02022-2023 &#8211; Estonian national costume &nbsp; &nbsp; &nbsp; 2022-2023 &#8211; youth year &nbsp; &nbsp; &nbsp; &nbsp; &nbsp; &nbsp; &nbsp; 2021 &#8211;\u00a0\u00a0year of handicraft men &nbsp; &nbsp; &nbsp; &nbsp; &nbsp; &nbsp; &nbsp; &nbsp; &nbsp; &nbsp; &nbsp; 2020 &#8211; Estonian Lace &nbsp; &nbsp; &nbsp; &nbsp; &nbsp; &nbsp; &nbsp; &nbsp; &nbsp; &nbsp; 19th OIDFA General Assembly and World &hellip; Continued","og_url":"https:\/\/folkart.ee\/en\/theme-of-the-year\/","og_site_name":"Estonian Folk Art and Craft Union","article_modified_time":"2024-02-06T18:00:58+00:00","og_image":[{"url":"https:\/\/folkart.ee\/wp-content\/uploads\/2024\/01\/Rahvaroivas-ruudus-fb_pais-300x114.jpg"}],"twitter_card":"summary_large_image","twitter_misc":{"Est. reading time":"2 minutes"},"schema":{"@context":"https:\/\/schema.org","@graph":[{"@type":"WebPage","@id":"https:\/\/folkart.ee\/en\/theme-of-the-year\/","url":"https:\/\/folkart.ee\/en\/theme-of-the-year\/","name":"Theme of the year - Estonian Folk Art and Craft Union","isPartOf":{"@id":"https:\/\/folkart.ee\/#website"},"primaryImageOfPage":{"@id":"https:\/\/folkart.ee\/en\/theme-of-the-year\/#primaryimage"},"image":{"@id":"https:\/\/folkart.ee\/en\/theme-of-the-year\/#primaryimage"},"thumbnailUrl":"https:\/\/folkart.ee\/wp-content\/uploads\/2024\/01\/Rahvaroivas-ruudus-fb_pais-300x114.jpg","datePublished":"2018-04-12T08:15:59+00:00","dateModified":"2024-02-06T18:00:58+00:00","breadcrumb":{"@id":"https:\/\/folkart.ee\/en\/theme-of-the-year\/#breadcrumb"},"inLanguage":"en-US","potentialAction":[{"@type":"ReadAction","target":["https:\/\/folkart.ee\/en\/theme-of-the-year\/"]}]},{"@type":"ImageObject","inLanguage":"en-US","@id":"https:\/\/folkart.ee\/en\/theme-of-the-year\/#primaryimage","url":"https:\/\/folkart.ee\/wp-content\/uploads\/2024\/01\/Rahvaroivas-ruudus-fb_pais-300x114.jpg","contentUrl":"https:\/\/folkart.ee\/wp-content\/uploads\/2024\/01\/Rahvaroivas-ruudus-fb_pais-300x114.jpg"},{"@type":"BreadcrumbList","@id":"https:\/\/folkart.ee\/en\/theme-of-the-year\/#breadcrumb","itemListElement":[{"@type":"ListItem","position":1,"name":"Home","item":"https:\/\/folkart.ee\/en\/"},{"@type":"ListItem","position":2,"name":"Theme of the year"}]},{"@type":"WebSite","@id":"https:\/\/folkart.ee\/#website","url":"https:\/\/folkart.ee\/","name":"Estonian Folk Art and Craft Union","description":"","publisher":{"@id":"https:\/\/folkart.ee\/#organization"},"potentialAction":[{"@type":"SearchAction","target":{"@type":"EntryPoint","urlTemplate":"https:\/\/folkart.ee\/?s={search_term_string}"},"query-input":{"@type":"PropertyValueSpecification","valueRequired":true,"valueName":"search_term_string"}}],"inLanguage":"en-US"},{"@type":"Organization","@id":"https:\/\/folkart.ee\/#organization","name":"Estonian Folk Art and Craft Union","url":"https:\/\/folkart.ee\/","logo":{"@type":"ImageObject","inLanguage":"en-US","@id":"https:\/\/folkart.ee\/#\/schema\/logo\/image\/","url":"https:\/\/folkart.ee\/wp-content\/uploads\/2016\/06\/eesti-rahvakunsti-ja-k\u00e4sit\u00f6\u00f6-liit.png","contentUrl":"https:\/\/folkart.ee\/wp-content\/uploads\/2016\/06\/eesti-rahvakunsti-ja-k\u00e4sit\u00f6\u00f6-liit.png","width":114,"height":114,"caption":"Estonian Folk Art and Craft Union"},"image":{"@id":"https:\/\/folkart.ee\/#\/schema\/logo\/image\/"}}]}},"_links":{"self":[{"href":"https:\/\/folkart.ee\/en\/wp-json\/wp\/v2\/pages\/4968"}],"collection":[{"href":"https:\/\/folkart.ee\/en\/wp-json\/wp\/v2\/pages"}],"about":[{"href":"https:\/\/folkart.ee\/en\/wp-json\/wp\/v2\/types\/page"}],"author":[{"embeddable":true,"href":"https:\/\/folkart.ee\/en\/wp-json\/wp\/v2\/users\/2"}],"replies":[{"embeddable":true,"href":"https:\/\/folkart.ee\/en\/wp-json\/wp\/v2\/comments?post=4968"}],"version-history":[{"count":34,"href":"https:\/\/folkart.ee\/en\/wp-json\/wp\/v2\/pages\/4968\/revisions"}],"predecessor-version":[{"id":21360,"href":"https:\/\/folkart.ee\/en\/wp-json\/wp\/v2\/pages\/4968\/revisions\/21360"}],"wp:attachment":[{"href":"https:\/\/folkart.ee\/en\/wp-json\/wp\/v2\/media?parent=4968"}],"curies":[{"name":"wp","href":"https:\/\/api.w.org\/{rel}","templated":true}]}}